{"id":941,"date":"2024-07-08T22:00:18","date_gmt":"2024-07-08T22:00:18","guid":{"rendered":"https:\/\/genealogiaiberica.com\/?page_id=941"},"modified":"2024-07-08T22:00:19","modified_gmt":"2024-07-08T22:00:19","slug":"sobre-mim","status":"publish","type":"page","link":"https:\/\/genealogiaiberica.com\/es\/sobre-mim\/","title":{"rendered":"Sobre m\u00ed"},"content":{"rendered":"<p><strong>Camila Diodato<\/strong><\/p>\n\n\n\n<p>Licenciada en Comunicaci\u00f3n Social - Periodismo, descubr\u00ed en la b\u00fasqueda de mis antepasados la pasi\u00f3n por la genealog\u00eda y, posteriormente, por la paleograf\u00eda.<\/p>\n\n\n\n<p>Trabaj\u00e9 durante a\u00f1os en las \u00e1reas de comunicaci\u00f3n y redacci\u00f3n period\u00edstica hasta que, en 2017, inici\u00e9 mi trayectoria como genealogista.<\/p>\n\n\n\n<p>Soy miembro correspondiente de la ASBRAP (Associac\u0327a\u0303o Brasileira de Pesquisadores de Histo\u0301ria e Genealogia) y me especializo constantemente en investigaciones geneal\u00f3gicas centradas en Portugal, Espa\u00f1a, Brasil y tambi\u00e9n Italia.<\/p>\n\n\n\n<p>Adem\u00e1s, realizo transcripciones paleogr\u00e1ficas en portugu\u00e9s y espa\u00f1ol, principalmente de documentos a partir del siglo XVII.<\/p>\n\n\n\n<p>Mi formaci\u00f3n y experiencia incluyen la participaci\u00f3n en diversos cursos y eventos relacionados con la genealog\u00eda, paleograf\u00eda e historia, tales como:<\/p>\n\n\n\n<ul class=\"wp-block-list\">\n<li>Escritura y documentos en la Iberoam\u00e9rica colonial (2021, Universidad Complutense de Madrid)<\/li>\n\n\n\n<li>Genealog\u00eda, Her\u00e1ldica y Nobiliaria &#8211; M\u00f3dulo 1 (2022, Real Asociaci\u00f3n de Hidalgos de Espa\u00f1a)<\/li>\n\n\n\n<li>Paleograf\u00eda b\u00e1sica (2022, Archivo General de la Naci\u00f3n de Colombia)<\/li>\n\n\n\n<li>Deciphering Secrets: The Illuminated Manuscripts of Medieval Europe (2023, University of Colorado)<\/li>\n\n\n\n<li>Patrimonio Cultural de Andaluc\u00eda (2023, Junta de Andaluc\u00eda)<\/li>\n\n\n\n<li>Genealog\u00eda Gen\u00e9tica (2023, Sociedad Iberoamericana de Genealog\u00eda e Historia)<\/li>\n\n\n\n<li>Aula pr\u00e1tica de Paleografia Medieval &#8211; Edi\u00e7\u00e3o Arturiana (2023, Paleographando)<\/li>\n\n\n\n<li>Abreviaturas em Manuscritos Modernos &#8211; s\u00e9culos XVI-XIX (2023, Mem\u00f3ria &amp; Arte)<\/li>\n\n\n\n<li>Introducci\u00f3n a la Genealog\u00eda (2024, Sociedad Iberoamericana de Genealog\u00eda e Historia)<\/li>\n\n\n\n<li>Paleografia na Pr\u00e1tica: documentos do s\u00e9culo XVII (2024, Merm\u00f3ria &amp; Arte) <\/li>\n\n\n\n<li>Ciclo de Genealog\u00eda y Historia Familiar de Canarias (2024, Universitaria de la Universidad de La Laguna)<\/li>\n\n\n\n<li>Curso pr\u00e1ctico de documentaci\u00f3n iberoamericana &#8211; siglos XV-XIX (Asociaci\u00f3n de Amigos del Archivo Hist\u00f3rico Nacional)<\/li>\n\n\n\n<li>Introdu\u00e7\u00e3o \u00e0 paleografia medieval (en curso, Paleographando)<\/li>\n\n\n\n<li>Curso Extensivo de Paleografia (en curso, Mem\u00f3ria &amp; Arte)<\/li>\n<\/ul>\n\n\n\n<p><\/p>","protected":false},"excerpt":{"rendered":"<p>Camila Diodato Formada em Comunica\u00e7\u00e3o Social &#8211; Jornalismo, descobri na busca pelos antepassados a paix\u00e3o pela genealogia e, posteriormente, pela paleografia. Trabalhei durante anos nas \u00e1reas de comunica\u00e7\u00e3o e reda\u00e7\u00e3o jornal\u00edstica at\u00e9 que, em 2017, iniciei minha jornada como genealogista. Sou membra correspondente da ASBRAP \u201cAssociac\u0327a\u0303o Brasileira de Pesquisadores de Histo\u0301ria e Genealogia\u201d e constantemente me especializo em pesquisas geneal\u00f3gicas centradas em Portugal, Espanha, Brasil e tamb\u00e9m It\u00e1lia. Al\u00e9m disso, realizo transcri\u00e7\u00f5es paleogr\u00e1ficas em portugu\u00eas e espanhol, principalmente de documentos a partir do s\u00e9culo XVII. Minha forma\u00e7\u00e3o e experi\u00eancia incluem a participa\u00e7\u00e3o em diversos cursos e eventos relacionados \u00e0 genealogia, paleografia e hist\u00f3ria, tais como:<\/p>","protected":false},"author":1,"featured_media":0,"parent":0,"menu_order":0,"comment_status":"closed","ping_status":"closed","template":"","meta":{"_acf_changed":false,"footnotes":""},"folder":[75],"class_list":["post-941","page","type-page","status-publish","hentry"],"acf":[],"yoast_head":"<!-- This site is optimized with the Yoast SEO plugin v27.2 - https:\/\/yoast.com\/product\/yoast-seo-wordpress\/ -->\n<title>Sobre mim - Genealogia Ib\u00e9rica<\/title>\n<meta name=\"robots\" content=\"index, follow, max-snippet:-1, max-image-preview:large, max-video-preview:-1\" \/>\n<link rel=\"canonical\" href=\"https:\/\/genealogiaiberica.com\/es\/sobre-mim\/\" \/>\n<meta property=\"og:locale\" content=\"es_ES\" \/>\n<meta property=\"og:type\" content=\"article\" \/>\n<meta property=\"og:title\" content=\"Sobre mim - Genealogia Ib\u00e9rica\" \/>\n<meta property=\"og:description\" content=\"Camila Diodato Formada em Comunica\u00e7\u00e3o Social &#8211; Jornalismo, descobri na busca pelos antepassados a paix\u00e3o pela genealogia e, posteriormente, pela paleografia. Trabalhei durante anos nas \u00e1reas de comunica\u00e7\u00e3o e reda\u00e7\u00e3o jornal\u00edstica at\u00e9 que, em 2017, iniciei minha jornada como genealogista. Sou membra correspondente da ASBRAP \u201cAssociac\u0327a\u0303o Brasileira de Pesquisadores de Histo\u0301ria e Genealogia\u201d e constantemente me especializo em pesquisas geneal\u00f3gicas centradas em Portugal, Espanha, Brasil e tamb\u00e9m It\u00e1lia. Al\u00e9m disso, realizo transcri\u00e7\u00f5es paleogr\u00e1ficas em portugu\u00eas e espanhol, principalmente de documentos a partir do s\u00e9culo XVII. Minha forma\u00e7\u00e3o e experi\u00eancia incluem a participa\u00e7\u00e3o em diversos cursos e eventos relacionados \u00e0 genealogia, paleografia e hist\u00f3ria, tais como:\" \/>\n<meta property=\"og:url\" content=\"https:\/\/genealogiaiberica.com\/es\/sobre-mim\/\" \/>\n<meta property=\"og:site_name\" content=\"Genealogia Ib\u00e9rica\" \/>\n<meta property=\"article:modified_time\" content=\"2024-07-08T22:00:19+00:00\" \/>\n<meta name=\"twitter:card\" content=\"summary_large_image\" \/>\n<meta name=\"twitter:label1\" content=\"Tiempo de lectura\" \/>\n\t<meta name=\"twitter:data1\" content=\"2 minutos\" \/>\n<script type=\"application\/ld+json\" class=\"yoast-schema-graph\">{\"@context\":\"https:\/\/schema.org\",\"@graph\":[{\"@type\":\"WebPage\",\"@id\":\"https:\/\/genealogiaiberica.com\/sobre-mim\/\",\"url\":\"https:\/\/genealogiaiberica.com\/sobre-mim\/\",\"name\":\"Sobre mim - Genealogia Ib\u00e9rica\",\"isPartOf\":{\"@id\":\"https:\/\/genealogiaiberica.com\/#website\"},\"datePublished\":\"2024-07-08T22:00:18+00:00\",\"dateModified\":\"2024-07-08T22:00:19+00:00\",\"breadcrumb\":{\"@id\":\"https:\/\/genealogiaiberica.com\/sobre-mim\/#breadcrumb\"},\"inLanguage\":\"es\",\"potentialAction\":[{\"@type\":\"ReadAction\",\"target\":[\"https:\/\/genealogiaiberica.com\/sobre-mim\/\"]}]},{\"@type\":\"BreadcrumbList\",\"@id\":\"https:\/\/genealogiaiberica.com\/sobre-mim\/#breadcrumb\",\"itemListElement\":[{\"@type\":\"ListItem\",\"position\":1,\"name\":\"In\u00edcio\",\"item\":\"https:\/\/genealogiaiberica.com\/\"},{\"@type\":\"ListItem\",\"position\":2,\"name\":\"Sobre mim\"}]},{\"@type\":\"WebSite\",\"@id\":\"https:\/\/genealogiaiberica.com\/#website\",\"url\":\"https:\/\/genealogiaiberica.com\/\",\"name\":\"Genealogia Ib\u00e9rica\",\"description\":\"Espanha &amp; Portugal\",\"publisher\":{\"@id\":\"https:\/\/genealogiaiberica.com\/#organization\"},\"potentialAction\":[{\"@type\":\"SearchAction\",\"target\":{\"@type\":\"EntryPoint\",\"urlTemplate\":\"https:\/\/genealogiaiberica.com\/?s={search_term_string}\"},\"query-input\":{\"@type\":\"PropertyValueSpecification\",\"valueRequired\":true,\"valueName\":\"search_term_string\"}}],\"inLanguage\":\"es\"},{\"@type\":\"Organization\",\"@id\":\"https:\/\/genealogiaiberica.com\/#organization\",\"name\":\"Genealogia Ib\u00e9rica\",\"url\":\"https:\/\/genealogiaiberica.com\/\",\"logo\":{\"@type\":\"ImageObject\",\"inLanguage\":\"es\",\"@id\":\"https:\/\/genealogiaiberica.com\/#\/schema\/logo\/image\/\",\"url\":\"https:\/\/genealogiaiberica.com\/wp-content\/uploads\/2024\/05\/logo-genealogia.png\",\"contentUrl\":\"https:\/\/genealogiaiberica.com\/wp-content\/uploads\/2024\/05\/logo-genealogia.png\",\"width\":1854,\"height\":824,\"caption\":\"Genealogia Ib\u00e9rica\"},\"image\":{\"@id\":\"https:\/\/genealogiaiberica.com\/#\/schema\/logo\/image\/\"}}]}<\/script>\n<!-- \/ Yoast SEO plugin. -->","yoast_head_json":{"title":"Sobre mim - Genealogia Ib\u00e9rica","robots":{"index":"index","follow":"follow","max-snippet":"max-snippet:-1","max-image-preview":"max-image-preview:large","max-video-preview":"max-video-preview:-1"},"canonical":"https:\/\/genealogiaiberica.com\/es\/sobre-mim\/","og_locale":"es_ES","og_type":"article","og_title":"Sobre mim - Genealogia Ib\u00e9rica","og_description":"Camila Diodato Formada em Comunica\u00e7\u00e3o Social &#8211; Jornalismo, descobri na busca pelos antepassados a paix\u00e3o pela genealogia e, posteriormente, pela paleografia. Trabalhei durante anos nas \u00e1reas de comunica\u00e7\u00e3o e reda\u00e7\u00e3o jornal\u00edstica at\u00e9 que, em 2017, iniciei minha jornada como genealogista. Sou membra correspondente da ASBRAP \u201cAssociac\u0327a\u0303o Brasileira de Pesquisadores de Histo\u0301ria e Genealogia\u201d e constantemente me especializo em pesquisas geneal\u00f3gicas centradas em Portugal, Espanha, Brasil e tamb\u00e9m It\u00e1lia. Al\u00e9m disso, realizo transcri\u00e7\u00f5es paleogr\u00e1ficas em portugu\u00eas e espanhol, principalmente de documentos a partir do s\u00e9culo XVII. Minha forma\u00e7\u00e3o e experi\u00eancia incluem a participa\u00e7\u00e3o em diversos cursos e eventos relacionados \u00e0 genealogia, paleografia e hist\u00f3ria, tais como:","og_url":"https:\/\/genealogiaiberica.com\/es\/sobre-mim\/","og_site_name":"Genealogia Ib\u00e9rica","article_modified_time":"2024-07-08T22:00:19+00:00","twitter_card":"summary_large_image","twitter_misc":{"Tiempo de lectura":"2 minutos"},"schema":{"@context":"https:\/\/schema.org","@graph":[{"@type":"WebPage","@id":"https:\/\/genealogiaiberica.com\/sobre-mim\/","url":"https:\/\/genealogiaiberica.com\/sobre-mim\/","name":"Sobre mim - Genealogia Ib\u00e9rica","isPartOf":{"@id":"https:\/\/genealogiaiberica.com\/#website"},"datePublished":"2024-07-08T22:00:18+00:00","dateModified":"2024-07-08T22:00:19+00:00","breadcrumb":{"@id":"https:\/\/genealogiaiberica.com\/sobre-mim\/#breadcrumb"},"inLanguage":"es","potentialAction":[{"@type":"ReadAction","target":["https:\/\/genealogiaiberica.com\/sobre-mim\/"]}]},{"@type":"BreadcrumbList","@id":"https:\/\/genealogiaiberica.com\/sobre-mim\/#breadcrumb","itemListElement":[{"@type":"ListItem","position":1,"name":"In\u00edcio","item":"https:\/\/genealogiaiberica.com\/"},{"@type":"ListItem","position":2,"name":"Sobre mim"}]},{"@type":"WebSite","@id":"https:\/\/genealogiaiberica.com\/#website","url":"https:\/\/genealogiaiberica.com\/","name":"Genealogia Ib\u00e9rica","description":"Espanha &amp; Portugal","publisher":{"@id":"https:\/\/genealogiaiberica.com\/#organization"},"potentialAction":[{"@type":"SearchAction","target":{"@type":"EntryPoint","urlTemplate":"https:\/\/genealogiaiberica.com\/?s={search_term_string}"},"query-input":{"@type":"PropertyValueSpecification","valueRequired":true,"valueName":"search_term_string"}}],"inLanguage":"es"},{"@type":"Organization","@id":"https:\/\/genealogiaiberica.com\/#organization","name":"Genealogia Ib\u00e9rica","url":"https:\/\/genealogiaiberica.com\/","logo":{"@type":"ImageObject","inLanguage":"es","@id":"https:\/\/genealogiaiberica.com\/#\/schema\/logo\/image\/","url":"https:\/\/genealogiaiberica.com\/wp-content\/uploads\/2024\/05\/logo-genealogia.png","contentUrl":"https:\/\/genealogiaiberica.com\/wp-content\/uploads\/2024\/05\/logo-genealogia.png","width":1854,"height":824,"caption":"Genealogia Ib\u00e9rica"},"image":{"@id":"https:\/\/genealogiaiberica.com\/#\/schema\/logo\/image\/"}}]}},"_links":{"self":[{"href":"https:\/\/genealogiaiberica.com\/es\/wp-json\/wp\/v2\/pages\/941","targetHints":{"allow":["GET"]}}],"collection":[{"href":"https:\/\/genealogiaiberica.com\/es\/wp-json\/wp\/v2\/pages"}],"about":[{"href":"https:\/\/genealogiaiberica.com\/es\/wp-json\/wp\/v2\/types\/page"}],"author":[{"embeddable":true,"href":"https:\/\/genealogiaiberica.com\/es\/wp-json\/wp\/v2\/users\/1"}],"replies":[{"embeddable":true,"href":"https:\/\/genealogiaiberica.com\/es\/wp-json\/wp\/v2\/comments?post=941"}],"version-history":[{"count":1,"href":"https:\/\/genealogiaiberica.com\/es\/wp-json\/wp\/v2\/pages\/941\/revisions"}],"predecessor-version":[{"id":942,"href":"https:\/\/genealogiaiberica.com\/es\/wp-json\/wp\/v2\/pages\/941\/revisions\/942"}],"wp:attachment":[{"href":"https:\/\/genealogiaiberica.com\/es\/wp-json\/wp\/v2\/media?parent=941"}],"wp:term":[{"taxonomy":"folder","embeddable":true,"href":"https:\/\/genealogiaiberica.com\/es\/wp-json\/wp\/v2\/folder?post=941"}],"curies":[{"name":"wp","href":"https:\/\/api.w.org\/{rel}","templated":true}]}}