{"id":857,"date":"2024-06-21T12:08:28","date_gmt":"2024-06-21T12:08:28","guid":{"rendered":"https:\/\/genealogiaiberica.com\/?page_id=857"},"modified":"2024-06-21T12:11:01","modified_gmt":"2024-06-21T12:11:01","slug":"manuel-e-jose-camuna-1911","status":"publish","type":"page","link":"https:\/\/genealogiaiberica.com\/es\/cartas-de-chamada\/manuel-e-jose-camuna-1911\/","title":{"rendered":"Manuel y Jos\u00e9 Camu\u00f1a (03\/08\/1911)"},"content":{"rendered":"\n<p>Os irm\u00e3os Manuel e Jos\u00e9 Camu\u00f1a escreveram, em 3 de agosto de 1911, na cidade de Salto Grande, uma carta para seus pais e fam\u00edlia.<\/p>\n\n\n\n<p>Eles contam que suas esposas Rosario e Dolores tiveram um filho recentemente. E tamb\u00e9m falam sobre as saudades que sentem de todos.<\/p>\n\n\n\n<p>Abaixo est\u00e1 a transcri\u00e7\u00e3o de sua correspond\u00eancia:<\/p>\n\n\n\n<p><\/p>\n\n\n\n<blockquote class=\"wp-block-quote is-layout-flow wp-block-quote-is-layout-flow\">\n<p>Salto Grande 3 de Agosto de 1911<br>\u00a0\u00a0\u00a0\u00a0\u00a0\u00a0\u00a0\u00a0\u00a0\u00a0\u00a0\u00a0\u00a0\u00a0 \u00a0\u00a0\u00a0\u00a0\u00a0\u00a0\u00a0\u00a0\u00a0\u00a0\u00a0\u00a0\u00a0\u00a0\u00a0\u00a0\u00a0\u00a0\u00a0\u00a0\u00a0\u00a0\u00a0\u00a0Queridos e inolvidables padres y familia<br>A sido em mi poder la buestra com fecha del 22 de Julio, y por<br>ella beo buestro estado de saluz que es sactifatorio, pues nosotros<br>estamos todos buenos y nos alegramos que difruteis de igual be<br>neficio. Enterado de los comtenidos de su carta, pase a desirle, que<br>no dejo de tener um poco de sentimiento por causa de su biaje que<br>no era nesesario com la edad que uste tiene, mas tambien le digo<br>que no es su abandono el motibo que me lleba a no escrevirle,<br>es unicamente la mucha ocupacion y al mesmo tiempo um<br>poco de pereza para escrevir, mas no por eso crea uste querido<br>padre que lo tengo tamto enolvido tamto a ustedes como a la de<br>mas familia que talves yo me acuerde mas de ustedes durante<br>el dia, que ustedes de nosostros por que crea uste que mi sentimiento<br>em ber la urencia que nos desepara, sen nesecidad es bastante<br>grande. Resebi su carta del 1 de Enero, com los boletines y suletra de<br>felicitaciones y tambien la de mi hermano Andres a donde me decia<br>que benia de mudansa a Buenos aires com la mujer enferma<br>y mas unas preguntas que me asia referente a trabajo y le respondi<br>en segida y asta hoy no me a burto a escrevir, me dira uste si lla<br>se a puesto buena mi cu\u00f1ada y si ya estan todo dos empleados, tambien<br>le participo com grande plaser que nosostros estamos aqui bien sempre<br>mui estimado por todos y tenemos todo el trabajo del pueblo y de la ca-<br>mara estamos montando uma ofisina de Ferraria Carpinteria y<br>marsineria pues este lugar esta en un progreso estraordinario, al mes<br>mo tiempo le participo que tienen ustedes mas 2 nietos Rosario tubo un<br>ni\u00f1o ase 3 meses y Dolores tubo otro ni\u00f1o ace 2 meses, e na primera<\/p>\n\n\n\n<p><strong>[f\u00f3lio seguinte]<\/strong><br>oportunidad que pueda tirar el retrato de todos se lo mandare<br>pues aqui por encuanto no hay retratista y tambien le digo que si<br>la suerte me alluda asta fin de este a\u00f1o boy aserle una bisita<br>aora no puedo por que por encuanto estamos plantando para mas tar-<br>de poder cojer a ber si no me acomtese como em Mandury com las<br>madeiras que perdimos 22 comtos y quedamos estrabiado, pues haora<br>llebo los negocios com mas cuidado para no tropesar otra bez.<br>Sim mas otra cosa que desirle mucho requerdo de mi suegra y de<br>toda la familia, los que ara uste estensibo para todos y ustedes que<br>ridos y tristes padres resiban es corazon de sus hijos que tanto berle<br>desean por horas y momentos<br>\u00a0\u00a0\u00a0\u00a0\u00a0\u00a0\u00a0\u00a0\u00a0\u00a0\u00a0\u00a0\u00a0\u00a0 \u00a0\u00a0\u00a0\u00a0\u00a0\u00a0\u00a0\u00a0\u00a0\u00a0\u00a0\u00a0\u00a0\u00a0\u00a0Manoel Camu\u00f1a [assinatura]<br>\u00a0\u00a0\u00a0\u00a0\u00a0\u00a0\u00a0\u00a0\u00a0\u00a0\u00a0\u00a0\u00a0\u00a0 \u00a0\u00a0\u00a0\u00a0\u00a0\u00a0\u00a0\u00a0\u00a0\u00a0\u00a0\u00a0\u00a0\u00a0\u00a0Jos\u00e9 Camunha [assinatura]<\/p>\n<\/blockquote>\n\n\n\n<p><em>Fonte: Museu da Imigra\u00e7\u00e3o do Estado de S\u00e3o Paulo\/<a href=\"https:\/\/www.acervodigital.museudaimigracao.org.br\/upload\/cartas\/MI_CC_A0000041X.pdf\" target=\"_blank\" rel=\"noreferrer noopener\">A0000041<\/a><\/em><\/p>\n","protected":false},"excerpt":{"rendered":"<p>Os irm\u00e3os Manuel e Jos\u00e9 Camu\u00f1a escreveram, em 3 de agosto de 1911, na cidade de Salto Grande, uma carta para seus pais e fam\u00edlia. Eles contam que suas esposas Rosario e Dolores tiveram um filho recentemente. E tamb\u00e9m falam sobre as saudades que sentem de todos. Abaixo est\u00e1 a transcri\u00e7\u00e3o de sua correspond\u00eancia: Salto Grande 3 de Agosto de 1911\u00a0\u00a0\u00a0\u00a0\u00a0\u00a0\u00a0\u00a0\u00a0\u00a0\u00a0\u00a0\u00a0\u00a0 \u00a0\u00a0\u00a0\u00a0\u00a0\u00a0\u00a0\u00a0\u00a0\u00a0\u00a0\u00a0\u00a0\u00a0\u00a0\u00a0\u00a0\u00a0\u00a0\u00a0\u00a0\u00a0\u00a0\u00a0Queridos e inolvidables padres y familiaA sido em mi poder la buestra com fecha del 22 de Julio, y porella beo buestro estado de saluz que es sactifatorio, pues nosotrosestamos todos buenos y nos alegramos que difruteis de igual beneficio. Enterado de los comtenidos de su carta, pase a desirle, queno dejo de tener um poco de sentimiento por causa de su biaje queno era nesesario com la edad que uste tiene, mas tambien le digoque no es su abandono el motibo que me lleba a no escrevirle,es unicamente la mucha ocupacion y al mesmo tiempo umpoco de pereza para escrevir, mas no por eso crea uste queridopadre que lo tengo tamto enolvido tamto a ustedes como a la demas familia que talves yo me acuerde mas de ustedes duranteel dia, que ustedes de nosostros por que crea uste que mi sentimientoem ber la urencia que nos desepara, sen nesecidad es bastantegrande. Resebi su carta del 1 de Enero, com los boletines y suletra defelicitaciones y tambien la de mi hermano Andres a donde me deciaque benia de mudansa a Buenos aires com la mujer enfermay mas unas preguntas que me asia referente a trabajo y le respondien segida y asta hoy no me a burto a escrevir, me dira uste si llase a puesto buena mi cu\u00f1ada y si ya estan todo dos empleados, tambienle participo com grande plaser que nosostros estamos aqui bien sempremui estimado por todos y tenemos todo el trabajo del pueblo y de la ca-mara estamos montando uma ofisina de Ferraria Carpinteria ymarsineria pues este lugar esta en un progreso estraordinario, al mesmo tiempo le participo que tienen ustedes mas 2 nietos Rosario tubo unni\u00f1o ase 3 meses y Dolores tubo otro ni\u00f1o ace 2 meses, e na primera [f\u00f3lio seguinte]oportunidad que pueda tirar el retrato de todos se lo mandarepues aqui por encuanto no hay retratista y tambien le digo que sila suerte me alluda asta fin de este a\u00f1o boy aserle una bisitaaora no puedo por que por encuanto estamos plantando para mas tar-de poder cojer a ber si no me acomtese como em Mandury com lasmadeiras que perdimos 22 comtos y quedamos estrabiado, pues haorallebo los negocios com mas cuidado para no tropesar otra bez.Sim mas otra cosa que desirle mucho requerdo de mi suegra y detoda la familia, los que ara uste estensibo para todos y ustedes queridos y tristes padres resiban es corazon de sus hijos que tanto berledesean por horas y momentos\u00a0\u00a0\u00a0\u00a0\u00a0\u00a0\u00a0\u00a0\u00a0\u00a0\u00a0\u00a0\u00a0\u00a0 \u00a0\u00a0\u00a0\u00a0\u00a0\u00a0\u00a0\u00a0\u00a0\u00a0\u00a0\u00a0\u00a0\u00a0\u00a0Manoel Camu\u00f1a [assinatura]\u00a0\u00a0\u00a0\u00a0\u00a0\u00a0\u00a0\u00a0\u00a0\u00a0\u00a0\u00a0\u00a0\u00a0 \u00a0\u00a0\u00a0\u00a0\u00a0\u00a0\u00a0\u00a0\u00a0\u00a0\u00a0\u00a0\u00a0\u00a0\u00a0Jos\u00e9 Camunha [assinatura] Fonte: Museu da Imigra\u00e7\u00e3o do Estado de S\u00e3o Paulo\/A0000041<\/p>\n","protected":false},"author":1,"featured_media":859,"parent":827,"menu_order":0,"comment_status":"closed","ping_status":"closed","template":"","meta":{"_acf_changed":false,"footnotes":"[]"},"folder":[73],"class_list":["post-857","page","type-page","status-publish","has-post-thumbnail","hentry"],"acf":[],"yoast_head":"<!-- This site is optimized with the Yoast SEO plugin v27.2 - https:\/\/yoast.com\/product\/yoast-seo-wordpress\/ -->\n<title>Carta de Chamada: Manuel e Jos\u00e9 Camu\u00f1a (1911) - Genealogia Ib\u00e9rica<\/title>\n<meta name=\"description\" content=\"Correspond\u00eancia escrita, no dia 2 de agosto de 1911, pelos irm\u00e3os Manuel e Jos\u00e9 Camu\u00f1a aos familiares\" \/>\n<meta name=\"robots\" content=\"index, follow, max-snippet:-1, max-image-preview:large, max-video-preview:-1\" \/>\n<link rel=\"canonical\" href=\"https:\/\/genealogiaiberica.com\/es\/cartas-de-chamada\/manuel-e-jose-camuna-1911\/\" \/>\n<meta property=\"og:locale\" content=\"es_ES\" \/>\n<meta property=\"og:type\" content=\"article\" \/>\n<meta property=\"og:title\" content=\"Carta de Chamada: Manuel e Jos\u00e9 Camu\u00f1a (1911) - Genealogia Ib\u00e9rica\" \/>\n<meta property=\"og:description\" content=\"Correspond\u00eancia escrita, no dia 2 de agosto de 1911, pelos irm\u00e3os Manuel e Jos\u00e9 Camu\u00f1a aos familiares\" \/>\n<meta property=\"og:url\" content=\"https:\/\/genealogiaiberica.com\/es\/cartas-de-chamada\/manuel-e-jose-camuna-1911\/\" \/>\n<meta property=\"og:site_name\" content=\"Genealogia Ib\u00e9rica\" \/>\n<meta property=\"article:modified_time\" content=\"2024-06-21T12:11:01+00:00\" \/>\n<meta property=\"og:image\" content=\"https:\/\/genealogiaiberica.com\/wp-content\/uploads\/2024\/06\/Manuel-e-Jose-Camuna.jpg\" \/>\n\t<meta property=\"og:image:width\" content=\"1428\" \/>\n\t<meta property=\"og:image:height\" content=\"449\" \/>\n\t<meta property=\"og:image:type\" content=\"image\/jpeg\" \/>\n<meta name=\"twitter:card\" content=\"summary_large_image\" \/>\n<meta name=\"twitter:label1\" content=\"Tiempo de lectura\" \/>\n\t<meta name=\"twitter:data1\" content=\"1 minuto\" \/>\n<script type=\"application\/ld+json\" class=\"yoast-schema-graph\">{\"@context\":\"https:\/\/schema.org\",\"@graph\":[{\"@type\":\"WebPage\",\"@id\":\"https:\/\/genealogiaiberica.com\/cartas-de-chamada\/manuel-e-jose-camuna-1911\/\",\"url\":\"https:\/\/genealogiaiberica.com\/cartas-de-chamada\/manuel-e-jose-camuna-1911\/\",\"name\":\"Carta de Chamada: Manuel e Jos\u00e9 Camu\u00f1a (1911) - Genealogia Ib\u00e9rica\",\"isPartOf\":{\"@id\":\"https:\/\/genealogiaiberica.com\/#website\"},\"primaryImageOfPage\":{\"@id\":\"https:\/\/genealogiaiberica.com\/cartas-de-chamada\/manuel-e-jose-camuna-1911\/#primaryimage\"},\"image\":{\"@id\":\"https:\/\/genealogiaiberica.com\/cartas-de-chamada\/manuel-e-jose-camuna-1911\/#primaryimage\"},\"thumbnailUrl\":\"https:\/\/genealogiaiberica.com\/wp-content\/uploads\/2024\/06\/Manuel-e-Jose-Camuna.jpg\",\"datePublished\":\"2024-06-21T12:08:28+00:00\",\"dateModified\":\"2024-06-21T12:11:01+00:00\",\"description\":\"Correspond\u00eancia escrita, no dia 2 de agosto de 1911, pelos irm\u00e3os Manuel e Jos\u00e9 Camu\u00f1a aos familiares\",\"breadcrumb\":{\"@id\":\"https:\/\/genealogiaiberica.com\/cartas-de-chamada\/manuel-e-jose-camuna-1911\/#breadcrumb\"},\"inLanguage\":\"es\",\"potentialAction\":[{\"@type\":\"ReadAction\",\"target\":[\"https:\/\/genealogiaiberica.com\/cartas-de-chamada\/manuel-e-jose-camuna-1911\/\"]}]},{\"@type\":\"ImageObject\",\"inLanguage\":\"es\",\"@id\":\"https:\/\/genealogiaiberica.com\/cartas-de-chamada\/manuel-e-jose-camuna-1911\/#primaryimage\",\"url\":\"https:\/\/genealogiaiberica.com\/wp-content\/uploads\/2024\/06\/Manuel-e-Jose-Camuna.jpg\",\"contentUrl\":\"https:\/\/genealogiaiberica.com\/wp-content\/uploads\/2024\/06\/Manuel-e-Jose-Camuna.jpg\",\"width\":1428,\"height\":449},{\"@type\":\"BreadcrumbList\",\"@id\":\"https:\/\/genealogiaiberica.com\/cartas-de-chamada\/manuel-e-jose-camuna-1911\/#breadcrumb\",\"itemListElement\":[{\"@type\":\"ListItem\",\"position\":1,\"name\":\"In\u00edcio\",\"item\":\"https:\/\/genealogiaiberica.com\/\"},{\"@type\":\"ListItem\",\"position\":2,\"name\":\"Cartas de chamada\",\"item\":\"https:\/\/genealogiaiberica.com\/cartas-de-chamada\/\"},{\"@type\":\"ListItem\",\"position\":3,\"name\":\"Manuel e Jos\u00e9 Camu\u00f1a (03\/08\/1911)\"}]},{\"@type\":\"WebSite\",\"@id\":\"https:\/\/genealogiaiberica.com\/#website\",\"url\":\"https:\/\/genealogiaiberica.com\/\",\"name\":\"Genealogia Ib\u00e9rica\",\"description\":\"Espanha &amp; Portugal\",\"publisher\":{\"@id\":\"https:\/\/genealogiaiberica.com\/#organization\"},\"potentialAction\":[{\"@type\":\"SearchAction\",\"target\":{\"@type\":\"EntryPoint\",\"urlTemplate\":\"https:\/\/genealogiaiberica.com\/?s={search_term_string}\"},\"query-input\":{\"@type\":\"PropertyValueSpecification\",\"valueRequired\":true,\"valueName\":\"search_term_string\"}}],\"inLanguage\":\"es\"},{\"@type\":\"Organization\",\"@id\":\"https:\/\/genealogiaiberica.com\/#organization\",\"name\":\"Genealogia Ib\u00e9rica\",\"url\":\"https:\/\/genealogiaiberica.com\/\",\"logo\":{\"@type\":\"ImageObject\",\"inLanguage\":\"es\",\"@id\":\"https:\/\/genealogiaiberica.com\/#\/schema\/logo\/image\/\",\"url\":\"https:\/\/genealogiaiberica.com\/wp-content\/uploads\/2024\/05\/logo-genealogia.png\",\"contentUrl\":\"https:\/\/genealogiaiberica.com\/wp-content\/uploads\/2024\/05\/logo-genealogia.png\",\"width\":1854,\"height\":824,\"caption\":\"Genealogia Ib\u00e9rica\"},\"image\":{\"@id\":\"https:\/\/genealogiaiberica.com\/#\/schema\/logo\/image\/\"}}]}<\/script>\n<!-- \/ Yoast SEO plugin. -->","yoast_head_json":{"title":"Carta de Chamada: Manuel e Jos\u00e9 Camu\u00f1a (1911) - Genealogia Ib\u00e9rica","description":"Correspond\u00eancia escrita, no dia 2 de agosto de 1911, pelos irm\u00e3os Manuel e Jos\u00e9 Camu\u00f1a aos familiares","robots":{"index":"index","follow":"follow","max-snippet":"max-snippet:-1","max-image-preview":"max-image-preview:large","max-video-preview":"max-video-preview:-1"},"canonical":"https:\/\/genealogiaiberica.com\/es\/cartas-de-chamada\/manuel-e-jose-camuna-1911\/","og_locale":"es_ES","og_type":"article","og_title":"Carta de Chamada: Manuel e Jos\u00e9 Camu\u00f1a (1911) - Genealogia Ib\u00e9rica","og_description":"Correspond\u00eancia escrita, no dia 2 de agosto de 1911, pelos irm\u00e3os Manuel e Jos\u00e9 Camu\u00f1a aos familiares","og_url":"https:\/\/genealogiaiberica.com\/es\/cartas-de-chamada\/manuel-e-jose-camuna-1911\/","og_site_name":"Genealogia Ib\u00e9rica","article_modified_time":"2024-06-21T12:11:01+00:00","og_image":[{"width":1428,"height":449,"url":"https:\/\/genealogiaiberica.com\/wp-content\/uploads\/2024\/06\/Manuel-e-Jose-Camuna.jpg","type":"image\/jpeg"}],"twitter_card":"summary_large_image","twitter_misc":{"Tiempo de lectura":"1 minuto"},"schema":{"@context":"https:\/\/schema.org","@graph":[{"@type":"WebPage","@id":"https:\/\/genealogiaiberica.com\/cartas-de-chamada\/manuel-e-jose-camuna-1911\/","url":"https:\/\/genealogiaiberica.com\/cartas-de-chamada\/manuel-e-jose-camuna-1911\/","name":"Carta de Chamada: Manuel e Jos\u00e9 Camu\u00f1a (1911) - Genealogia Ib\u00e9rica","isPartOf":{"@id":"https:\/\/genealogiaiberica.com\/#website"},"primaryImageOfPage":{"@id":"https:\/\/genealogiaiberica.com\/cartas-de-chamada\/manuel-e-jose-camuna-1911\/#primaryimage"},"image":{"@id":"https:\/\/genealogiaiberica.com\/cartas-de-chamada\/manuel-e-jose-camuna-1911\/#primaryimage"},"thumbnailUrl":"https:\/\/genealogiaiberica.com\/wp-content\/uploads\/2024\/06\/Manuel-e-Jose-Camuna.jpg","datePublished":"2024-06-21T12:08:28+00:00","dateModified":"2024-06-21T12:11:01+00:00","description":"Correspond\u00eancia escrita, no dia 2 de agosto de 1911, pelos irm\u00e3os Manuel e Jos\u00e9 Camu\u00f1a aos familiares","breadcrumb":{"@id":"https:\/\/genealogiaiberica.com\/cartas-de-chamada\/manuel-e-jose-camuna-1911\/#breadcrumb"},"inLanguage":"es","potentialAction":[{"@type":"ReadAction","target":["https:\/\/genealogiaiberica.com\/cartas-de-chamada\/manuel-e-jose-camuna-1911\/"]}]},{"@type":"ImageObject","inLanguage":"es","@id":"https:\/\/genealogiaiberica.com\/cartas-de-chamada\/manuel-e-jose-camuna-1911\/#primaryimage","url":"https:\/\/genealogiaiberica.com\/wp-content\/uploads\/2024\/06\/Manuel-e-Jose-Camuna.jpg","contentUrl":"https:\/\/genealogiaiberica.com\/wp-content\/uploads\/2024\/06\/Manuel-e-Jose-Camuna.jpg","width":1428,"height":449},{"@type":"BreadcrumbList","@id":"https:\/\/genealogiaiberica.com\/cartas-de-chamada\/manuel-e-jose-camuna-1911\/#breadcrumb","itemListElement":[{"@type":"ListItem","position":1,"name":"In\u00edcio","item":"https:\/\/genealogiaiberica.com\/"},{"@type":"ListItem","position":2,"name":"Cartas de chamada","item":"https:\/\/genealogiaiberica.com\/cartas-de-chamada\/"},{"@type":"ListItem","position":3,"name":"Manuel e Jos\u00e9 Camu\u00f1a (03\/08\/1911)"}]},{"@type":"WebSite","@id":"https:\/\/genealogiaiberica.com\/#website","url":"https:\/\/genealogiaiberica.com\/","name":"Genealogia Ib\u00e9rica","description":"Espanha &amp; Portugal","publisher":{"@id":"https:\/\/genealogiaiberica.com\/#organization"},"potentialAction":[{"@type":"SearchAction","target":{"@type":"EntryPoint","urlTemplate":"https:\/\/genealogiaiberica.com\/?s={search_term_string}"},"query-input":{"@type":"PropertyValueSpecification","valueRequired":true,"valueName":"search_term_string"}}],"inLanguage":"es"},{"@type":"Organization","@id":"https:\/\/genealogiaiberica.com\/#organization","name":"Genealogia Ib\u00e9rica","url":"https:\/\/genealogiaiberica.com\/","logo":{"@type":"ImageObject","inLanguage":"es","@id":"https:\/\/genealogiaiberica.com\/#\/schema\/logo\/image\/","url":"https:\/\/genealogiaiberica.com\/wp-content\/uploads\/2024\/05\/logo-genealogia.png","contentUrl":"https:\/\/genealogiaiberica.com\/wp-content\/uploads\/2024\/05\/logo-genealogia.png","width":1854,"height":824,"caption":"Genealogia Ib\u00e9rica"},"image":{"@id":"https:\/\/genealogiaiberica.com\/#\/schema\/logo\/image\/"}}]}},"_links":{"self":[{"href":"https:\/\/genealogiaiberica.com\/es\/wp-json\/wp\/v2\/pages\/857","targetHints":{"allow":["GET"]}}],"collection":[{"href":"https:\/\/genealogiaiberica.com\/es\/wp-json\/wp\/v2\/pages"}],"about":[{"href":"https:\/\/genealogiaiberica.com\/es\/wp-json\/wp\/v2\/types\/page"}],"author":[{"embeddable":true,"href":"https:\/\/genealogiaiberica.com\/es\/wp-json\/wp\/v2\/users\/1"}],"replies":[{"embeddable":true,"href":"https:\/\/genealogiaiberica.com\/es\/wp-json\/wp\/v2\/comments?post=857"}],"version-history":[{"count":3,"href":"https:\/\/genealogiaiberica.com\/es\/wp-json\/wp\/v2\/pages\/857\/revisions"}],"predecessor-version":[{"id":862,"href":"https:\/\/genealogiaiberica.com\/es\/wp-json\/wp\/v2\/pages\/857\/revisions\/862"}],"up":[{"embeddable":true,"href":"https:\/\/genealogiaiberica.com\/es\/wp-json\/wp\/v2\/pages\/827"}],"wp:featuredmedia":[{"embeddable":true,"href":"https:\/\/genealogiaiberica.com\/es\/wp-json\/wp\/v2\/media\/859"}],"wp:attachment":[{"href":"https:\/\/genealogiaiberica.com\/es\/wp-json\/wp\/v2\/media?parent=857"}],"wp:term":[{"taxonomy":"folder","embeddable":true,"href":"https:\/\/genealogiaiberica.com\/es\/wp-json\/wp\/v2\/folder?post=857"}],"curies":[{"name":"wp","href":"https:\/\/api.w.org\/{rel}","templated":true}]}}