{"id":834,"date":"2024-06-15T21:31:43","date_gmt":"2024-06-15T21:31:43","guid":{"rendered":"https:\/\/genealogiaiberica.com\/?page_id=834"},"modified":"2024-06-21T09:16:40","modified_gmt":"2024-06-21T09:16:40","slug":"anacleto-gallardo-e-amalia-garcia-1911","status":"publish","type":"page","link":"https:\/\/genealogiaiberica.com\/es\/cartas-de-chamada\/anacleto-gallardo-e-amalia-garcia-1911\/","title":{"rendered":"Anacleto Gallardo y Amalia Garc\u00eda (02\/07\/1911)"},"content":{"rendered":"\n<p>O casal Anacleto Gallardo e Amalia Garc\u00eda, possivelmente naturais de Berja (Almer\u00eda), chegam ao Brasil no dia 2 de julho de 1908.<\/p>\n\n\n\n<p>Em 2 de julho de 1911, enviam carta aos seus pais na Espanha combinando a chegada dos mesmos e dando informa\u00e7\u00f5es sobre o que devem fazer. Inclusive, informam o envio de 333 pesetas para a viagem.<\/p>\n\n\n\n<p>Abaixo est\u00e1 a transcri\u00e7\u00e3o de sua correspond\u00eancia:<\/p>\n\n\n\n<p><\/p>\n\n\n\n<blockquote class=\"wp-block-quote is-layout-flow wp-block-quote-is-layout-flow\">\n<p>Padres Le traen<br>a Gados<sup data-fn=\"f4e599a8-87ce-4b46-93d1-a48e7ca2e6e0\" class=\"fn\"><a id=\"f4e599a8-87ce-4b46-93d1-a48e7ca2e6e0-link\" href=\"#f4e599a8-87ce-4b46-93d1-a48e7ca2e6e0\">1<\/a><\/sup> unos<br>Lazos para el pelo<br>y ademas traen<br>toda las semientes<br>que puedan que no se les<br>olviden procural[?) semien<br>te de Cevollas Galelas<\/p>\n\n\n\n<p><strong>[f\u00f3lio seguinte]<\/strong><br>Brasil a 2 de Julio d 1911<br>queridos padres despues a<br>saludarles pasamos a decirles<br>lo seguientes nosostros buenos<br>A. G. padres les Jiramos<br>al junto para sus biajes la<br>cantidad de 333 pesetas<br>pues esperamos que tan<br>pronto los recivan se<br>pongan en marcha<br>y lo an de acer en las<br>formas siguientes<br>sacan los pasajes para<br>Santos padres cuando<br>ballan llegando a Santos<br>les preguntaran si ban<br>por la Emigracion ustedes<br>les dicen que si que los<br>llaman dos Hijos que<br>Residen en la fasenda<br>de San Luis de proco-<br>pio Estacion Guatapara.<br>padres antes de salir<\/p>\n\n\n\n<p><strong>[f\u00f3lio seguinte]<\/strong><br>de esa sabiendo el dia que<br>sale el vapor escriven 30[4?]<br>dias antes para que estemos<br>prevenidos al llegar a la Emi<br>gracion nos ponen un tele<br>grama para salir a Reci<br>virlos a la emegracion<br>padres para sacar los pasajes<br>en almeria se enteran<br>primero de la misma<br>Casa Consenjnataria no<br>fiandose nunca de nadie<br>por fuera que ay muchos<br>ganchos por fuera en al-<br>meria que pudieran<br>sacarles el dinero. padres<br>toda la Ropa de traigan<br>la meten en las alcas<br>y las facturan para santos<br>teniendo en cuenta que<br>cada pasaje le permiten<br>100 quilos y a la mano se<br>traen lo mas preciso<\/p>\n\n\n\n<p><strong>[f\u00f3lio seguinte]<\/strong><br>teniendo en cuenta de no<br>dejarlo de la vista que suelen<br>quitar algunas prendas<br>padre sabre lo que digo<br>en la Carta de mi suegra<br>de una Escopeta en vez de<br>una si puede ser que<br>sean dos por que antonio<br>quiere otra padres tra-<br>en una Caja de Crauso-<br>las del numero 15 Espoleta<br>sin mas que decirles por<br>oy dan Recuerdos a<br>toda la familia de nues<br>tra parte y ustedes los<br>Reciven de estos sus<br>queridos hijos que lo son<br>Anacleto Gallardo y<br>Amalia Garcia<\/p>\n<\/blockquote>\n\n\n\n<p><em>Fonte: Museu da Imigra\u00e7\u00e3o do Estado de S\u00e3o Paulo\/<a href=\"https:\/\/www.acervodigital.museudaimigracao.org.br\/upload\/cartas\/MI_CC_A0000014X.pdf\" target=\"_blank\" rel=\"noreferrer noopener\">A0000014<\/a><\/em><\/p>\n\n\n<ol class=\"wp-block-footnotes has-small-font-size\"><li id=\"f4e599a8-87ce-4b46-93d1-a48e7ca2e6e0\">Possivelmente, o remetente queira dizer &#8220;regalos&#8221;.  <a href=\"#f4e599a8-87ce-4b46-93d1-a48e7ca2e6e0-link\" aria-label=\"Saltar a la referencia de la nota 1\">\u21a9\ufe0e<\/a><\/li><\/ol>","protected":false},"excerpt":{"rendered":"<p>O casal Anacleto Gallardo e Amalia Garc\u00eda, possivelmente naturais de Berja (Almer\u00eda), chegam ao Brasil no dia 2 de julho de 1908. Em 2 de julho de 1911, enviam carta aos seus pais na Espanha combinando a chegada dos mesmos e dando informa\u00e7\u00f5es sobre o que devem fazer. Inclusive, informam o envio de 333 pesetas para a viagem. Abaixo est\u00e1 a transcri\u00e7\u00e3o de sua correspond\u00eancia: Padres Le traena Gados1 unosLazos para el peloy ademas traentoda las semientesque puedan que no se lesolviden procural[?) semiente de Cevollas Galelas [f\u00f3lio seguinte]Brasil a 2 de Julio d 1911queridos padres despues asaludarles pasamos a decirleslo seguientes nosostros buenosA. G. padres les Jiramosal junto para sus biajes lacantidad de 333 pesetaspues esperamos que tanpronto los recivan sepongan en marchay lo an de acer en lasformas siguientessacan los pasajes paraSantos padres cuandoballan llegando a Santosles preguntaran si banpor la Emigracion ustedesles dicen que si que losllaman dos Hijos queResiden en la fasendade San Luis de proco-pio Estacion Guatapara.padres antes de salir [f\u00f3lio seguinte]de esa sabiendo el dia quesale el vapor escriven 30[4?]dias antes para que estemosprevenidos al llegar a la Emigracion nos ponen un telegrama para salir a Recivirlos a la emegracionpadres para sacar los pasajesen almeria se enteranprimero de la mismaCasa Consenjnataria nofiandose nunca de nadiepor fuera que ay muchosganchos por fuera en al-meria que pudieransacarles el dinero. padrestoda la Ropa de traiganla meten en las alcasy las facturan para santosteniendo en cuenta quecada pasaje le permiten100 quilos y a la mano setraen lo mas preciso [f\u00f3lio seguinte]teniendo en cuenta de nodejarlo de la vista que suelenquitar algunas prendaspadre sabre lo que digoen la Carta de mi suegrade una Escopeta en vez deuna si puede ser quesean dos por que antonioquiere otra padres tra-en una Caja de Crauso-las del numero 15 Espoletasin mas que decirles poroy dan Recuerdos atoda la familia de nuestra parte y ustedes losReciven de estos susqueridos hijos que lo sonAnacleto Gallardo yAmalia Garcia Fonte: Museu da Imigra\u00e7\u00e3o do Estado de S\u00e3o Paulo\/A0000014<\/p>\n","protected":false},"author":1,"featured_media":837,"parent":827,"menu_order":0,"comment_status":"closed","ping_status":"closed","template":"","meta":{"_acf_changed":false,"footnotes":"[{\"content\":\"Possivelmente, o remetente queira dizer \\\"regalos\\\". \",\"id\":\"f4e599a8-87ce-4b46-93d1-a48e7ca2e6e0\"}]"},"folder":[73],"class_list":["post-834","page","type-page","status-publish","has-post-thumbnail","hentry"],"acf":[],"yoast_head":"<!-- This site is optimized with the Yoast SEO plugin v27.2 - https:\/\/yoast.com\/product\/yoast-seo-wordpress\/ -->\n<title>Carta de Chamada: Anacleto Gallardo e Amalia Garc\u00eda (1911) - Genealogia Ib\u00e9rica<\/title>\n<meta name=\"description\" content=\"Correspond\u00eancia escrita, no dia 2 de julho de 1911, por Anacleto Gallardo e Amalia Garc\u00eda combinando a chegada dos pais que viviam na Espanha\" \/>\n<meta name=\"robots\" content=\"index, follow, max-snippet:-1, max-image-preview:large, max-video-preview:-1\" \/>\n<link rel=\"canonical\" href=\"https:\/\/genealogiaiberica.com\/es\/cartas-de-chamada\/anacleto-gallardo-e-amalia-garcia-1911\/\" \/>\n<meta property=\"og:locale\" content=\"es_ES\" \/>\n<meta property=\"og:type\" content=\"article\" \/>\n<meta property=\"og:title\" content=\"Carta de Chamada: Anacleto Gallardo e Amalia Garc\u00eda (1911) - Genealogia Ib\u00e9rica\" \/>\n<meta property=\"og:description\" content=\"Correspond\u00eancia escrita, no dia 2 de julho de 1911, por Anacleto Gallardo e Amalia Garc\u00eda combinando a chegada dos pais que viviam na Espanha\" \/>\n<meta property=\"og:url\" content=\"https:\/\/genealogiaiberica.com\/es\/cartas-de-chamada\/anacleto-gallardo-e-amalia-garcia-1911\/\" \/>\n<meta property=\"og:site_name\" content=\"Genealogia Ib\u00e9rica\" \/>\n<meta property=\"article:modified_time\" content=\"2024-06-21T09:16:40+00:00\" \/>\n<meta property=\"og:image\" content=\"https:\/\/genealogiaiberica.com\/wp-content\/uploads\/2024\/06\/Anacleto-Gallardo-e-Amalia-Garcia.jpg\" \/>\n\t<meta property=\"og:image:width\" content=\"1260\" \/>\n\t<meta property=\"og:image:height\" content=\"455\" \/>\n\t<meta property=\"og:image:type\" content=\"image\/jpeg\" \/>\n<meta name=\"twitter:card\" content=\"summary_large_image\" \/>\n<meta name=\"twitter:label1\" content=\"Tiempo de lectura\" \/>\n\t<meta name=\"twitter:data1\" content=\"1 minuto\" \/>\n<script type=\"application\/ld+json\" class=\"yoast-schema-graph\">{\"@context\":\"https:\/\/schema.org\",\"@graph\":[{\"@type\":\"WebPage\",\"@id\":\"https:\/\/genealogiaiberica.com\/cartas-de-chamada\/anacleto-gallardo-e-amalia-garcia-1911\/\",\"url\":\"https:\/\/genealogiaiberica.com\/cartas-de-chamada\/anacleto-gallardo-e-amalia-garcia-1911\/\",\"name\":\"Carta de Chamada: Anacleto Gallardo e Amalia Garc\u00eda (1911) - Genealogia Ib\u00e9rica\",\"isPartOf\":{\"@id\":\"https:\/\/genealogiaiberica.com\/#website\"},\"primaryImageOfPage\":{\"@id\":\"https:\/\/genealogiaiberica.com\/cartas-de-chamada\/anacleto-gallardo-e-amalia-garcia-1911\/#primaryimage\"},\"image\":{\"@id\":\"https:\/\/genealogiaiberica.com\/cartas-de-chamada\/anacleto-gallardo-e-amalia-garcia-1911\/#primaryimage\"},\"thumbnailUrl\":\"https:\/\/genealogiaiberica.com\/wp-content\/uploads\/2024\/06\/Anacleto-Gallardo-e-Amalia-Garcia.jpg\",\"datePublished\":\"2024-06-15T21:31:43+00:00\",\"dateModified\":\"2024-06-21T09:16:40+00:00\",\"description\":\"Correspond\u00eancia escrita, no dia 2 de julho de 1911, por Anacleto Gallardo e Amalia Garc\u00eda combinando a chegada dos pais que viviam na Espanha\",\"breadcrumb\":{\"@id\":\"https:\/\/genealogiaiberica.com\/cartas-de-chamada\/anacleto-gallardo-e-amalia-garcia-1911\/#breadcrumb\"},\"inLanguage\":\"es\",\"potentialAction\":[{\"@type\":\"ReadAction\",\"target\":[\"https:\/\/genealogiaiberica.com\/cartas-de-chamada\/anacleto-gallardo-e-amalia-garcia-1911\/\"]}]},{\"@type\":\"ImageObject\",\"inLanguage\":\"es\",\"@id\":\"https:\/\/genealogiaiberica.com\/cartas-de-chamada\/anacleto-gallardo-e-amalia-garcia-1911\/#primaryimage\",\"url\":\"https:\/\/genealogiaiberica.com\/wp-content\/uploads\/2024\/06\/Anacleto-Gallardo-e-Amalia-Garcia.jpg\",\"contentUrl\":\"https:\/\/genealogiaiberica.com\/wp-content\/uploads\/2024\/06\/Anacleto-Gallardo-e-Amalia-Garcia.jpg\",\"width\":1260,\"height\":455,\"caption\":\"Anacleto Gallardo e Amalia Garcia\"},{\"@type\":\"BreadcrumbList\",\"@id\":\"https:\/\/genealogiaiberica.com\/cartas-de-chamada\/anacleto-gallardo-e-amalia-garcia-1911\/#breadcrumb\",\"itemListElement\":[{\"@type\":\"ListItem\",\"position\":1,\"name\":\"In\u00edcio\",\"item\":\"https:\/\/genealogiaiberica.com\/\"},{\"@type\":\"ListItem\",\"position\":2,\"name\":\"Cartas de chamada\",\"item\":\"https:\/\/genealogiaiberica.com\/cartas-de-chamada\/\"},{\"@type\":\"ListItem\",\"position\":3,\"name\":\"Anacleto Gallardo e Amalia Garc\u00eda (02\/07\/1911)\"}]},{\"@type\":\"WebSite\",\"@id\":\"https:\/\/genealogiaiberica.com\/#website\",\"url\":\"https:\/\/genealogiaiberica.com\/\",\"name\":\"Genealogia Ib\u00e9rica\",\"description\":\"Espanha &amp; Portugal\",\"publisher\":{\"@id\":\"https:\/\/genealogiaiberica.com\/#organization\"},\"potentialAction\":[{\"@type\":\"SearchAction\",\"target\":{\"@type\":\"EntryPoint\",\"urlTemplate\":\"https:\/\/genealogiaiberica.com\/?s={search_term_string}\"},\"query-input\":{\"@type\":\"PropertyValueSpecification\",\"valueRequired\":true,\"valueName\":\"search_term_string\"}}],\"inLanguage\":\"es\"},{\"@type\":\"Organization\",\"@id\":\"https:\/\/genealogiaiberica.com\/#organization\",\"name\":\"Genealogia Ib\u00e9rica\",\"url\":\"https:\/\/genealogiaiberica.com\/\",\"logo\":{\"@type\":\"ImageObject\",\"inLanguage\":\"es\",\"@id\":\"https:\/\/genealogiaiberica.com\/#\/schema\/logo\/image\/\",\"url\":\"https:\/\/genealogiaiberica.com\/wp-content\/uploads\/2024\/05\/logo-genealogia.png\",\"contentUrl\":\"https:\/\/genealogiaiberica.com\/wp-content\/uploads\/2024\/05\/logo-genealogia.png\",\"width\":1854,\"height\":824,\"caption\":\"Genealogia Ib\u00e9rica\"},\"image\":{\"@id\":\"https:\/\/genealogiaiberica.com\/#\/schema\/logo\/image\/\"}}]}<\/script>\n<!-- \/ Yoast SEO plugin. -->","yoast_head_json":{"title":"Carta de Chamada: Anacleto Gallardo e Amalia Garc\u00eda (1911) - Genealogia Ib\u00e9rica","description":"Correspond\u00eancia escrita, no dia 2 de julho de 1911, por Anacleto Gallardo e Amalia Garc\u00eda combinando a chegada dos pais que viviam na Espanha","robots":{"index":"index","follow":"follow","max-snippet":"max-snippet:-1","max-image-preview":"max-image-preview:large","max-video-preview":"max-video-preview:-1"},"canonical":"https:\/\/genealogiaiberica.com\/es\/cartas-de-chamada\/anacleto-gallardo-e-amalia-garcia-1911\/","og_locale":"es_ES","og_type":"article","og_title":"Carta de Chamada: Anacleto Gallardo e Amalia Garc\u00eda (1911) - Genealogia Ib\u00e9rica","og_description":"Correspond\u00eancia escrita, no dia 2 de julho de 1911, por Anacleto Gallardo e Amalia Garc\u00eda combinando a chegada dos pais que viviam na Espanha","og_url":"https:\/\/genealogiaiberica.com\/es\/cartas-de-chamada\/anacleto-gallardo-e-amalia-garcia-1911\/","og_site_name":"Genealogia Ib\u00e9rica","article_modified_time":"2024-06-21T09:16:40+00:00","og_image":[{"width":1260,"height":455,"url":"https:\/\/genealogiaiberica.com\/wp-content\/uploads\/2024\/06\/Anacleto-Gallardo-e-Amalia-Garcia.jpg","type":"image\/jpeg"}],"twitter_card":"summary_large_image","twitter_misc":{"Tiempo de lectura":"1 minuto"},"schema":{"@context":"https:\/\/schema.org","@graph":[{"@type":"WebPage","@id":"https:\/\/genealogiaiberica.com\/cartas-de-chamada\/anacleto-gallardo-e-amalia-garcia-1911\/","url":"https:\/\/genealogiaiberica.com\/cartas-de-chamada\/anacleto-gallardo-e-amalia-garcia-1911\/","name":"Carta de Chamada: Anacleto Gallardo e Amalia Garc\u00eda (1911) - Genealogia Ib\u00e9rica","isPartOf":{"@id":"https:\/\/genealogiaiberica.com\/#website"},"primaryImageOfPage":{"@id":"https:\/\/genealogiaiberica.com\/cartas-de-chamada\/anacleto-gallardo-e-amalia-garcia-1911\/#primaryimage"},"image":{"@id":"https:\/\/genealogiaiberica.com\/cartas-de-chamada\/anacleto-gallardo-e-amalia-garcia-1911\/#primaryimage"},"thumbnailUrl":"https:\/\/genealogiaiberica.com\/wp-content\/uploads\/2024\/06\/Anacleto-Gallardo-e-Amalia-Garcia.jpg","datePublished":"2024-06-15T21:31:43+00:00","dateModified":"2024-06-21T09:16:40+00:00","description":"Correspond\u00eancia escrita, no dia 2 de julho de 1911, por Anacleto Gallardo e Amalia Garc\u00eda combinando a chegada dos pais que viviam na Espanha","breadcrumb":{"@id":"https:\/\/genealogiaiberica.com\/cartas-de-chamada\/anacleto-gallardo-e-amalia-garcia-1911\/#breadcrumb"},"inLanguage":"es","potentialAction":[{"@type":"ReadAction","target":["https:\/\/genealogiaiberica.com\/cartas-de-chamada\/anacleto-gallardo-e-amalia-garcia-1911\/"]}]},{"@type":"ImageObject","inLanguage":"es","@id":"https:\/\/genealogiaiberica.com\/cartas-de-chamada\/anacleto-gallardo-e-amalia-garcia-1911\/#primaryimage","url":"https:\/\/genealogiaiberica.com\/wp-content\/uploads\/2024\/06\/Anacleto-Gallardo-e-Amalia-Garcia.jpg","contentUrl":"https:\/\/genealogiaiberica.com\/wp-content\/uploads\/2024\/06\/Anacleto-Gallardo-e-Amalia-Garcia.jpg","width":1260,"height":455,"caption":"Anacleto Gallardo e Amalia Garcia"},{"@type":"BreadcrumbList","@id":"https:\/\/genealogiaiberica.com\/cartas-de-chamada\/anacleto-gallardo-e-amalia-garcia-1911\/#breadcrumb","itemListElement":[{"@type":"ListItem","position":1,"name":"In\u00edcio","item":"https:\/\/genealogiaiberica.com\/"},{"@type":"ListItem","position":2,"name":"Cartas de chamada","item":"https:\/\/genealogiaiberica.com\/cartas-de-chamada\/"},{"@type":"ListItem","position":3,"name":"Anacleto Gallardo e Amalia Garc\u00eda (02\/07\/1911)"}]},{"@type":"WebSite","@id":"https:\/\/genealogiaiberica.com\/#website","url":"https:\/\/genealogiaiberica.com\/","name":"Genealogia Ib\u00e9rica","description":"Espanha &amp; Portugal","publisher":{"@id":"https:\/\/genealogiaiberica.com\/#organization"},"potentialAction":[{"@type":"SearchAction","target":{"@type":"EntryPoint","urlTemplate":"https:\/\/genealogiaiberica.com\/?s={search_term_string}"},"query-input":{"@type":"PropertyValueSpecification","valueRequired":true,"valueName":"search_term_string"}}],"inLanguage":"es"},{"@type":"Organization","@id":"https:\/\/genealogiaiberica.com\/#organization","name":"Genealogia Ib\u00e9rica","url":"https:\/\/genealogiaiberica.com\/","logo":{"@type":"ImageObject","inLanguage":"es","@id":"https:\/\/genealogiaiberica.com\/#\/schema\/logo\/image\/","url":"https:\/\/genealogiaiberica.com\/wp-content\/uploads\/2024\/05\/logo-genealogia.png","contentUrl":"https:\/\/genealogiaiberica.com\/wp-content\/uploads\/2024\/05\/logo-genealogia.png","width":1854,"height":824,"caption":"Genealogia Ib\u00e9rica"},"image":{"@id":"https:\/\/genealogiaiberica.com\/#\/schema\/logo\/image\/"}}]}},"_links":{"self":[{"href":"https:\/\/genealogiaiberica.com\/es\/wp-json\/wp\/v2\/pages\/834","targetHints":{"allow":["GET"]}}],"collection":[{"href":"https:\/\/genealogiaiberica.com\/es\/wp-json\/wp\/v2\/pages"}],"about":[{"href":"https:\/\/genealogiaiberica.com\/es\/wp-json\/wp\/v2\/types\/page"}],"author":[{"embeddable":true,"href":"https:\/\/genealogiaiberica.com\/es\/wp-json\/wp\/v2\/users\/1"}],"replies":[{"embeddable":true,"href":"https:\/\/genealogiaiberica.com\/es\/wp-json\/wp\/v2\/comments?post=834"}],"version-history":[{"count":5,"href":"https:\/\/genealogiaiberica.com\/es\/wp-json\/wp\/v2\/pages\/834\/revisions"}],"predecessor-version":[{"id":842,"href":"https:\/\/genealogiaiberica.com\/es\/wp-json\/wp\/v2\/pages\/834\/revisions\/842"}],"up":[{"embeddable":true,"href":"https:\/\/genealogiaiberica.com\/es\/wp-json\/wp\/v2\/pages\/827"}],"wp:featuredmedia":[{"embeddable":true,"href":"https:\/\/genealogiaiberica.com\/es\/wp-json\/wp\/v2\/media\/837"}],"wp:attachment":[{"href":"https:\/\/genealogiaiberica.com\/es\/wp-json\/wp\/v2\/media?parent=834"}],"wp:term":[{"taxonomy":"folder","embeddable":true,"href":"https:\/\/genealogiaiberica.com\/es\/wp-json\/wp\/v2\/folder?post=834"}],"curies":[{"name":"wp","href":"https:\/\/api.w.org\/{rel}","templated":true}]}}