{"id":829,"date":"2024-06-20T16:33:41","date_gmt":"2024-06-20T16:33:41","guid":{"rendered":"https:\/\/genealogiaiberica.com\/?page_id=829"},"modified":"2024-06-21T09:12:23","modified_gmt":"2024-06-21T09:12:23","slug":"domingo-martinez-1911","status":"publish","type":"page","link":"https:\/\/genealogiaiberica.com\/es\/cartas-de-chamada\/domingo-martinez-1911\/","title":{"rendered":"Domingo Mart\u00ednez (01\/07\/1911)"},"content":{"rendered":"\n<p>Domingo Mart\u00ednez escreveu, desde Esp\u00edrito Santo do Rio Pardo, uma carta ao seu pai Antonio Nemesio Mart\u00ednez, que estava no povoado de San Lorenzo, no munic\u00edpio de Ponferrada, prov\u00edncia de Le\u00f3n.<\/p>\n\n\n\n<p>Abaixo est\u00e1 a transcri\u00e7\u00e3o de sua correspond\u00eancia, incluindo o texto apresentado no envelope:<\/p>\n\n\n\n<p><\/p>\n\n\n\n<blockquote class=\"wp-block-quote is-layout-flow wp-block-quote-is-layout-flow\">\n<p>Espirito Santo de Rio pardo 1 de Julio de 1911<br>&nbsp;&nbsp;&nbsp;&nbsp;&nbsp;&nbsp;&nbsp;&nbsp;&nbsp;&nbsp;&nbsp;&nbsp;&nbsp;&nbsp; &nbsp;&nbsp;&nbsp;&nbsp;&nbsp;&nbsp;&nbsp;&nbsp;&nbsp;&nbsp;&nbsp;&nbsp;&nbsp;&nbsp; querido padre me alegrae que<br>al resibo destas mi cortas letaras se alle con<br>la mas completa salus que llo para mi deseo<br>nossotros quedamos boenos a Dios grasias<br>&nbsp;&nbsp;&nbsp;&nbsp;&nbsp;&nbsp;&nbsp;&nbsp;&nbsp;&nbsp;&nbsp;&nbsp;&nbsp;&nbsp; &nbsp;&nbsp;&nbsp;&nbsp;&nbsp;&nbsp;&nbsp;&nbsp;&nbsp;&nbsp;&nbsp;&nbsp;&nbsp;&nbsp; querido padre la presente<br>tengo \u2013 por yerto partisiparle lo sigien<br>te loego que iso es biage aga el fabor<br>de ber los 6000 rrales de la Laura<br>i la erensia de la Laura<br>&nbsp;&nbsp;&nbsp;&nbsp;&nbsp;&nbsp;&nbsp;&nbsp;&nbsp;&nbsp;&nbsp;&nbsp;&nbsp;&nbsp; Y no cansando mas espresiones<br>de toda la familia y uste las resibe des<br>te su querido ijo que lo es<br>&nbsp;&nbsp;&nbsp;&nbsp;&nbsp;&nbsp;&nbsp;&nbsp;&nbsp;&nbsp;&nbsp;&nbsp;&nbsp;&nbsp; Domingo Martines [assinatura]<\/p>\n\n\n\n<p><strong>[envelope]<\/strong><br>Es para<br>probinsia de Leon<br>ponferrada del Bierzo<br>en San Lorenso<br>S<em>e<\/em>\u00f1<em>o<\/em>r A<em>nto<\/em>n<em>i<\/em>o Nemesio Martines<\/p>\n<\/blockquote>\n\n\n\n<p><em>Fonte: Museu da Imigra\u00e7\u00e3o do Estado de S\u00e3o Paulo\/<a href=\"https:\/\/www.acervodigital.museudaimigracao.org.br\/upload\/cartas\/MI_CC_A0000012X.pdf\" target=\"_blank\" rel=\"noreferrer noopener\">A0000012<\/a><\/em><\/p>\n","protected":false},"excerpt":{"rendered":"<p>Domingo Mart\u00ednez escreveu, desde Esp\u00edrito Santo do Rio Pardo, uma carta ao seu pai Antonio Nemesio Mart\u00ednez, que estava no povoado de San Lorenzo, no munic\u00edpio de Ponferrada, prov\u00edncia de Le\u00f3n. Abaixo est\u00e1 a transcri\u00e7\u00e3o de sua correspond\u00eancia, incluindo o texto apresentado no envelope: Espirito Santo de Rio pardo 1 de Julio de 1911&nbsp;&nbsp;&nbsp;&nbsp;&nbsp;&nbsp;&nbsp;&nbsp;&nbsp;&nbsp;&nbsp;&nbsp;&nbsp;&nbsp; &nbsp;&nbsp;&nbsp;&nbsp;&nbsp;&nbsp;&nbsp;&nbsp;&nbsp;&nbsp;&nbsp;&nbsp;&nbsp;&nbsp; querido padre me alegrae queal resibo destas mi cortas letaras se alle conla mas completa salus que llo para mi deseonossotros quedamos boenos a Dios grasias&nbsp;&nbsp;&nbsp;&nbsp;&nbsp;&nbsp;&nbsp;&nbsp;&nbsp;&nbsp;&nbsp;&nbsp;&nbsp;&nbsp; &nbsp;&nbsp;&nbsp;&nbsp;&nbsp;&nbsp;&nbsp;&nbsp;&nbsp;&nbsp;&nbsp;&nbsp;&nbsp;&nbsp; querido padre la presentetengo \u2013 por yerto partisiparle lo sigiente loego que iso es biage aga el faborde ber los 6000 rrales de la Laurai la erensia de la Laura&nbsp;&nbsp;&nbsp;&nbsp;&nbsp;&nbsp;&nbsp;&nbsp;&nbsp;&nbsp;&nbsp;&nbsp;&nbsp;&nbsp; Y no cansando mas espresionesde toda la familia y uste las resibe deste su querido ijo que lo es&nbsp;&nbsp;&nbsp;&nbsp;&nbsp;&nbsp;&nbsp;&nbsp;&nbsp;&nbsp;&nbsp;&nbsp;&nbsp;&nbsp; Domingo Martines [assinatura] [envelope]Es paraprobinsia de Leonponferrada del Bierzoen San LorensoSe\u00f1or Antonio Nemesio Martines Fonte: Museu da Imigra\u00e7\u00e3o do Estado de S\u00e3o Paulo\/A0000012<\/p>\n","protected":false},"author":1,"featured_media":830,"parent":827,"menu_order":0,"comment_status":"closed","ping_status":"closed","template":"","meta":{"_acf_changed":false,"footnotes":""},"folder":[73],"class_list":["post-829","page","type-page","status-publish","has-post-thumbnail","hentry"],"acf":[],"yoast_head":"<!-- This site is optimized with the Yoast SEO plugin v27.2 - https:\/\/yoast.com\/product\/yoast-seo-wordpress\/ -->\n<title>Carta de Chamada: Domingo Mart\u00ednez (1911) - Genealogia Ib\u00e9rica<\/title>\n<meta name=\"description\" content=\"Correspond\u00eancia enviada por Domingo Mart\u00ednez, que estava em Esp\u00edrito Santo de Rio Pardo, ao seu pai Antonio Nemesio Mart\u00ednez, na Espanha\" \/>\n<meta name=\"robots\" content=\"index, follow, max-snippet:-1, max-image-preview:large, max-video-preview:-1\" \/>\n<link rel=\"canonical\" href=\"https:\/\/genealogiaiberica.com\/es\/cartas-de-chamada\/domingo-martinez-1911\/\" \/>\n<meta property=\"og:locale\" content=\"es_ES\" \/>\n<meta property=\"og:type\" content=\"article\" \/>\n<meta property=\"og:title\" content=\"Carta de Chamada: Domingo Mart\u00ednez (1911) - Genealogia Ib\u00e9rica\" \/>\n<meta property=\"og:description\" content=\"Correspond\u00eancia enviada por Domingo Mart\u00ednez, que estava em Esp\u00edrito Santo de Rio Pardo, ao seu pai Antonio Nemesio Mart\u00ednez, na Espanha\" \/>\n<meta property=\"og:url\" content=\"https:\/\/genealogiaiberica.com\/es\/cartas-de-chamada\/domingo-martinez-1911\/\" \/>\n<meta property=\"og:site_name\" content=\"Genealogia Ib\u00e9rica\" \/>\n<meta property=\"article:modified_time\" content=\"2024-06-21T09:12:23+00:00\" \/>\n<meta property=\"og:image\" content=\"https:\/\/genealogiaiberica.com\/wp-content\/uploads\/2024\/06\/domingo-martinez.jpg\" \/>\n\t<meta property=\"og:image:width\" content=\"1805\" \/>\n\t<meta property=\"og:image:height\" content=\"678\" \/>\n\t<meta property=\"og:image:type\" content=\"image\/jpeg\" \/>\n<meta name=\"twitter:card\" content=\"summary_large_image\" \/>\n<meta name=\"twitter:label1\" content=\"Tiempo de lectura\" \/>\n\t<meta name=\"twitter:data1\" content=\"1 minuto\" \/>\n<script type=\"application\/ld+json\" class=\"yoast-schema-graph\">{\"@context\":\"https:\/\/schema.org\",\"@graph\":[{\"@type\":\"WebPage\",\"@id\":\"https:\/\/genealogiaiberica.com\/cartas-de-chamada\/domingo-martinez-1911\/\",\"url\":\"https:\/\/genealogiaiberica.com\/cartas-de-chamada\/domingo-martinez-1911\/\",\"name\":\"Carta de Chamada: Domingo Mart\u00ednez (1911) - Genealogia Ib\u00e9rica\",\"isPartOf\":{\"@id\":\"https:\/\/genealogiaiberica.com\/#website\"},\"primaryImageOfPage\":{\"@id\":\"https:\/\/genealogiaiberica.com\/cartas-de-chamada\/domingo-martinez-1911\/#primaryimage\"},\"image\":{\"@id\":\"https:\/\/genealogiaiberica.com\/cartas-de-chamada\/domingo-martinez-1911\/#primaryimage\"},\"thumbnailUrl\":\"https:\/\/genealogiaiberica.com\/wp-content\/uploads\/2024\/06\/domingo-martinez.jpg\",\"datePublished\":\"2024-06-20T16:33:41+00:00\",\"dateModified\":\"2024-06-21T09:12:23+00:00\",\"description\":\"Correspond\u00eancia enviada por Domingo Mart\u00ednez, que estava em Esp\u00edrito Santo de Rio Pardo, ao seu pai Antonio Nemesio Mart\u00ednez, na Espanha\",\"breadcrumb\":{\"@id\":\"https:\/\/genealogiaiberica.com\/cartas-de-chamada\/domingo-martinez-1911\/#breadcrumb\"},\"inLanguage\":\"es\",\"potentialAction\":[{\"@type\":\"ReadAction\",\"target\":[\"https:\/\/genealogiaiberica.com\/cartas-de-chamada\/domingo-martinez-1911\/\"]}]},{\"@type\":\"ImageObject\",\"inLanguage\":\"es\",\"@id\":\"https:\/\/genealogiaiberica.com\/cartas-de-chamada\/domingo-martinez-1911\/#primaryimage\",\"url\":\"https:\/\/genealogiaiberica.com\/wp-content\/uploads\/2024\/06\/domingo-martinez.jpg\",\"contentUrl\":\"https:\/\/genealogiaiberica.com\/wp-content\/uploads\/2024\/06\/domingo-martinez.jpg\",\"width\":1805,\"height\":678,\"caption\":\"Domingo Mart\u00ednez\"},{\"@type\":\"BreadcrumbList\",\"@id\":\"https:\/\/genealogiaiberica.com\/cartas-de-chamada\/domingo-martinez-1911\/#breadcrumb\",\"itemListElement\":[{\"@type\":\"ListItem\",\"position\":1,\"name\":\"In\u00edcio\",\"item\":\"https:\/\/genealogiaiberica.com\/\"},{\"@type\":\"ListItem\",\"position\":2,\"name\":\"Cartas de chamada\",\"item\":\"https:\/\/genealogiaiberica.com\/cartas-de-chamada\/\"},{\"@type\":\"ListItem\",\"position\":3,\"name\":\"Domingo Mart\u00ednez (01\/07\/1911)\"}]},{\"@type\":\"WebSite\",\"@id\":\"https:\/\/genealogiaiberica.com\/#website\",\"url\":\"https:\/\/genealogiaiberica.com\/\",\"name\":\"Genealogia Ib\u00e9rica\",\"description\":\"Espanha &amp; Portugal\",\"publisher\":{\"@id\":\"https:\/\/genealogiaiberica.com\/#organization\"},\"potentialAction\":[{\"@type\":\"SearchAction\",\"target\":{\"@type\":\"EntryPoint\",\"urlTemplate\":\"https:\/\/genealogiaiberica.com\/?s={search_term_string}\"},\"query-input\":{\"@type\":\"PropertyValueSpecification\",\"valueRequired\":true,\"valueName\":\"search_term_string\"}}],\"inLanguage\":\"es\"},{\"@type\":\"Organization\",\"@id\":\"https:\/\/genealogiaiberica.com\/#organization\",\"name\":\"Genealogia Ib\u00e9rica\",\"url\":\"https:\/\/genealogiaiberica.com\/\",\"logo\":{\"@type\":\"ImageObject\",\"inLanguage\":\"es\",\"@id\":\"https:\/\/genealogiaiberica.com\/#\/schema\/logo\/image\/\",\"url\":\"https:\/\/genealogiaiberica.com\/wp-content\/uploads\/2024\/05\/logo-genealogia.png\",\"contentUrl\":\"https:\/\/genealogiaiberica.com\/wp-content\/uploads\/2024\/05\/logo-genealogia.png\",\"width\":1854,\"height\":824,\"caption\":\"Genealogia Ib\u00e9rica\"},\"image\":{\"@id\":\"https:\/\/genealogiaiberica.com\/#\/schema\/logo\/image\/\"}}]}<\/script>\n<!-- \/ Yoast SEO plugin. -->","yoast_head_json":{"title":"Carta de Chamada: Domingo Mart\u00ednez (1911) - Genealogia Ib\u00e9rica","description":"Correspond\u00eancia enviada por Domingo Mart\u00ednez, que estava em Esp\u00edrito Santo de Rio Pardo, ao seu pai Antonio Nemesio Mart\u00ednez, na Espanha","robots":{"index":"index","follow":"follow","max-snippet":"max-snippet:-1","max-image-preview":"max-image-preview:large","max-video-preview":"max-video-preview:-1"},"canonical":"https:\/\/genealogiaiberica.com\/es\/cartas-de-chamada\/domingo-martinez-1911\/","og_locale":"es_ES","og_type":"article","og_title":"Carta de Chamada: Domingo Mart\u00ednez (1911) - Genealogia Ib\u00e9rica","og_description":"Correspond\u00eancia enviada por Domingo Mart\u00ednez, que estava em Esp\u00edrito Santo de Rio Pardo, ao seu pai Antonio Nemesio Mart\u00ednez, na Espanha","og_url":"https:\/\/genealogiaiberica.com\/es\/cartas-de-chamada\/domingo-martinez-1911\/","og_site_name":"Genealogia Ib\u00e9rica","article_modified_time":"2024-06-21T09:12:23+00:00","og_image":[{"width":1805,"height":678,"url":"https:\/\/genealogiaiberica.com\/wp-content\/uploads\/2024\/06\/domingo-martinez.jpg","type":"image\/jpeg"}],"twitter_card":"summary_large_image","twitter_misc":{"Tiempo de lectura":"1 minuto"},"schema":{"@context":"https:\/\/schema.org","@graph":[{"@type":"WebPage","@id":"https:\/\/genealogiaiberica.com\/cartas-de-chamada\/domingo-martinez-1911\/","url":"https:\/\/genealogiaiberica.com\/cartas-de-chamada\/domingo-martinez-1911\/","name":"Carta de Chamada: Domingo Mart\u00ednez (1911) - Genealogia Ib\u00e9rica","isPartOf":{"@id":"https:\/\/genealogiaiberica.com\/#website"},"primaryImageOfPage":{"@id":"https:\/\/genealogiaiberica.com\/cartas-de-chamada\/domingo-martinez-1911\/#primaryimage"},"image":{"@id":"https:\/\/genealogiaiberica.com\/cartas-de-chamada\/domingo-martinez-1911\/#primaryimage"},"thumbnailUrl":"https:\/\/genealogiaiberica.com\/wp-content\/uploads\/2024\/06\/domingo-martinez.jpg","datePublished":"2024-06-20T16:33:41+00:00","dateModified":"2024-06-21T09:12:23+00:00","description":"Correspond\u00eancia enviada por Domingo Mart\u00ednez, que estava em Esp\u00edrito Santo de Rio Pardo, ao seu pai Antonio Nemesio Mart\u00ednez, na Espanha","breadcrumb":{"@id":"https:\/\/genealogiaiberica.com\/cartas-de-chamada\/domingo-martinez-1911\/#breadcrumb"},"inLanguage":"es","potentialAction":[{"@type":"ReadAction","target":["https:\/\/genealogiaiberica.com\/cartas-de-chamada\/domingo-martinez-1911\/"]}]},{"@type":"ImageObject","inLanguage":"es","@id":"https:\/\/genealogiaiberica.com\/cartas-de-chamada\/domingo-martinez-1911\/#primaryimage","url":"https:\/\/genealogiaiberica.com\/wp-content\/uploads\/2024\/06\/domingo-martinez.jpg","contentUrl":"https:\/\/genealogiaiberica.com\/wp-content\/uploads\/2024\/06\/domingo-martinez.jpg","width":1805,"height":678,"caption":"Domingo Mart\u00ednez"},{"@type":"BreadcrumbList","@id":"https:\/\/genealogiaiberica.com\/cartas-de-chamada\/domingo-martinez-1911\/#breadcrumb","itemListElement":[{"@type":"ListItem","position":1,"name":"In\u00edcio","item":"https:\/\/genealogiaiberica.com\/"},{"@type":"ListItem","position":2,"name":"Cartas de chamada","item":"https:\/\/genealogiaiberica.com\/cartas-de-chamada\/"},{"@type":"ListItem","position":3,"name":"Domingo Mart\u00ednez (01\/07\/1911)"}]},{"@type":"WebSite","@id":"https:\/\/genealogiaiberica.com\/#website","url":"https:\/\/genealogiaiberica.com\/","name":"Genealogia Ib\u00e9rica","description":"Espanha &amp; Portugal","publisher":{"@id":"https:\/\/genealogiaiberica.com\/#organization"},"potentialAction":[{"@type":"SearchAction","target":{"@type":"EntryPoint","urlTemplate":"https:\/\/genealogiaiberica.com\/?s={search_term_string}"},"query-input":{"@type":"PropertyValueSpecification","valueRequired":true,"valueName":"search_term_string"}}],"inLanguage":"es"},{"@type":"Organization","@id":"https:\/\/genealogiaiberica.com\/#organization","name":"Genealogia Ib\u00e9rica","url":"https:\/\/genealogiaiberica.com\/","logo":{"@type":"ImageObject","inLanguage":"es","@id":"https:\/\/genealogiaiberica.com\/#\/schema\/logo\/image\/","url":"https:\/\/genealogiaiberica.com\/wp-content\/uploads\/2024\/05\/logo-genealogia.png","contentUrl":"https:\/\/genealogiaiberica.com\/wp-content\/uploads\/2024\/05\/logo-genealogia.png","width":1854,"height":824,"caption":"Genealogia Ib\u00e9rica"},"image":{"@id":"https:\/\/genealogiaiberica.com\/#\/schema\/logo\/image\/"}}]}},"_links":{"self":[{"href":"https:\/\/genealogiaiberica.com\/es\/wp-json\/wp\/v2\/pages\/829","targetHints":{"allow":["GET"]}}],"collection":[{"href":"https:\/\/genealogiaiberica.com\/es\/wp-json\/wp\/v2\/pages"}],"about":[{"href":"https:\/\/genealogiaiberica.com\/es\/wp-json\/wp\/v2\/types\/page"}],"author":[{"embeddable":true,"href":"https:\/\/genealogiaiberica.com\/es\/wp-json\/wp\/v2\/users\/1"}],"replies":[{"embeddable":true,"href":"https:\/\/genealogiaiberica.com\/es\/wp-json\/wp\/v2\/comments?post=829"}],"version-history":[{"count":4,"href":"https:\/\/genealogiaiberica.com\/es\/wp-json\/wp\/v2\/pages\/829\/revisions"}],"predecessor-version":[{"id":840,"href":"https:\/\/genealogiaiberica.com\/es\/wp-json\/wp\/v2\/pages\/829\/revisions\/840"}],"up":[{"embeddable":true,"href":"https:\/\/genealogiaiberica.com\/es\/wp-json\/wp\/v2\/pages\/827"}],"wp:featuredmedia":[{"embeddable":true,"href":"https:\/\/genealogiaiberica.com\/es\/wp-json\/wp\/v2\/media\/830"}],"wp:attachment":[{"href":"https:\/\/genealogiaiberica.com\/es\/wp-json\/wp\/v2\/media?parent=829"}],"wp:term":[{"taxonomy":"folder","embeddable":true,"href":"https:\/\/genealogiaiberica.com\/es\/wp-json\/wp\/v2\/folder?post=829"}],"curies":[{"name":"wp","href":"https:\/\/api.w.org\/{rel}","templated":true}]}}