{"id":675,"date":"2024-06-01T14:37:01","date_gmt":"2024-06-01T14:37:01","guid":{"rendered":"https:\/\/genealogiaiberica.com\/?page_id=675"},"modified":"2024-06-24T10:47:28","modified_gmt":"2024-06-24T10:47:28","slug":"abadia","status":"publish","type":"page","link":"https:\/\/genealogiaiberica.com\/es\/sobrenomes-espanhois\/abadia\/","title":{"rendered":"Abad\u00eda"},"content":{"rendered":"<p><strong>Significado:<\/strong> De origen topon\u00edmico, el apellido Abad\u00eda se deriva de localidades como el municipio de Abad\u00eda, en C\u00e1ceres; Villamart\u00edn de la Abad\u00eda, un pueblo de Carracedelo, en Le\u00f3n; o La Abad\u00eda de Rueda, en Villarcayo de Merindad de Castilla la Vieja, provincia de Burgos. Tambi\u00e9n puede estar relacionado con la iglesia o monasterio gobernado por un abad.<\/p>\n\n\n\n<p>N\u00famero de individuos con este apellido en Espa\u00f1a:<\/p>\n\n\n\n<ul class=\"wp-block-list\">\n<li>3.944 personas (primer apellido)<\/li>\n\n\n\n<li>3.845 personas (segundo apellido)<\/li>\n\n\n\n<li>34 personas (ambos apellidos)<\/li>\n<\/ul>\n\n\n\n<p>Mayor frecuencia en las provincias de:<\/p>\n\n\n\n<ul class=\"wp-block-list\">\n<li>Zaragoza: 1.968<\/li>\n\n\n\n<li>Madrid: 801<\/li>\n\n\n\n<li>Barcelona: 663<\/li>\n\n\n\n<li>Navarra: 617<\/li>\n\n\n\n<li>Huesca: 609<\/li>\n\n\n\n<li>Alicante: 581<\/li>\n<\/ul>\n\n\n\n<p class=\"has-extra-small-font-size\">Fuente: INE. Acceso: junio\/2024.<\/p>","protected":false},"excerpt":{"rendered":"<p>Significado: De origem topon\u00edmica, o sobrenome Abad\u00eda \u00e9 derivado de localidades como o munic\u00edpio de Abad\u00eda, em C\u00e1ceres; Villamart\u00edn de la Abad\u00eda, um povoado de Carracedelo, em Le\u00f3n; ou La Abad\u00eda de Rueda, em Villarcayo de Merindad de Castilla la Vieja, prov\u00edncia de Burgos. Ainda pode ter rela\u00e7\u00e3o com a igreja ou monast\u00e9rio regidos por um abade. N\u00famero de indiv\u00edduos com este sobrenome na Espanha: Maior frequ\u00eancia nas prov\u00edncias de: Fonte: INE. Acesso: junho\/2024.<\/p>","protected":false},"author":1,"featured_media":881,"parent":188,"menu_order":0,"comment_status":"closed","ping_status":"closed","template":"","meta":{"_acf_changed":false,"footnotes":""},"folder":[74],"class_list":["post-675","page","type-page","status-publish","has-post-thumbnail","hentry"],"acf":[],"yoast_head":"<!-- This site is optimized with the Yoast SEO plugin v27.2 - https:\/\/yoast.com\/product\/yoast-seo-wordpress\/ -->\n<title>Abad\u00eda: origem e significado - Genealogia Ib\u00e9rica<\/title>\n<meta name=\"description\" content=\"Hist\u00f3ria, curiosidades, variantes e incid\u00eancia dos sobrenomes espanh\u00f3is. Conhe\u00e7a o significado e a origem de Abad\u00eda\" \/>\n<meta name=\"robots\" content=\"index, follow, max-snippet:-1, max-image-preview:large, max-video-preview:-1\" \/>\n<link rel=\"canonical\" href=\"https:\/\/genealogiaiberica.com\/es\/sobrenomes-espanhois\/abadia\/\" \/>\n<meta property=\"og:locale\" content=\"es_ES\" \/>\n<meta property=\"og:type\" content=\"article\" \/>\n<meta property=\"og:title\" content=\"Abad\u00eda: origem e significado - Genealogia Ib\u00e9rica\" \/>\n<meta property=\"og:description\" content=\"Hist\u00f3ria, curiosidades, variantes e incid\u00eancia dos sobrenomes espanh\u00f3is. Conhe\u00e7a o significado e a origem de Abad\u00eda\" \/>\n<meta property=\"og:url\" content=\"https:\/\/genealogiaiberica.com\/es\/sobrenomes-espanhois\/abadia\/\" \/>\n<meta property=\"og:site_name\" content=\"Genealogia Ib\u00e9rica\" \/>\n<meta property=\"article:modified_time\" content=\"2024-06-24T10:47:28+00:00\" \/>\n<meta property=\"og:image\" content=\"https:\/\/genealogiaiberica.com\/wp-content\/uploads\/2024\/06\/montserrat-espana.jpg\" \/>\n\t<meta property=\"og:image:width\" content=\"1700\" \/>\n\t<meta property=\"og:image:height\" content=\"718\" \/>\n\t<meta property=\"og:image:type\" content=\"image\/jpeg\" \/>\n<meta name=\"twitter:card\" content=\"summary_large_image\" \/>\n<meta name=\"twitter:label1\" content=\"Tiempo de lectura\" \/>\n\t<meta name=\"twitter:data1\" content=\"1 minuto\" \/>\n<script type=\"application\/ld+json\" class=\"yoast-schema-graph\">{\"@context\":\"https:\/\/schema.org\",\"@graph\":[{\"@type\":\"WebPage\",\"@id\":\"https:\/\/genealogiaiberica.com\/sobrenomes-espanhois\/abadia\/\",\"url\":\"https:\/\/genealogiaiberica.com\/sobrenomes-espanhois\/abadia\/\",\"name\":\"Abad\u00eda: origem e significado - Genealogia Ib\u00e9rica\",\"isPartOf\":{\"@id\":\"https:\/\/genealogiaiberica.com\/#website\"},\"primaryImageOfPage\":{\"@id\":\"https:\/\/genealogiaiberica.com\/sobrenomes-espanhois\/abadia\/#primaryimage\"},\"image\":{\"@id\":\"https:\/\/genealogiaiberica.com\/sobrenomes-espanhois\/abadia\/#primaryimage\"},\"thumbnailUrl\":\"https:\/\/genealogiaiberica.com\/wp-content\/uploads\/2024\/06\/montserrat-espana.jpg\",\"datePublished\":\"2024-06-01T14:37:01+00:00\",\"dateModified\":\"2024-06-24T10:47:28+00:00\",\"description\":\"Hist\u00f3ria, curiosidades, variantes e incid\u00eancia dos sobrenomes espanh\u00f3is. Conhe\u00e7a o significado e a origem de Abad\u00eda\",\"breadcrumb\":{\"@id\":\"https:\/\/genealogiaiberica.com\/sobrenomes-espanhois\/abadia\/#breadcrumb\"},\"inLanguage\":\"es\",\"potentialAction\":[{\"@type\":\"ReadAction\",\"target\":[\"https:\/\/genealogiaiberica.com\/sobrenomes-espanhois\/abadia\/\"]}]},{\"@type\":\"ImageObject\",\"inLanguage\":\"es\",\"@id\":\"https:\/\/genealogiaiberica.com\/sobrenomes-espanhois\/abadia\/#primaryimage\",\"url\":\"https:\/\/genealogiaiberica.com\/wp-content\/uploads\/2024\/06\/montserrat-espana.jpg\",\"contentUrl\":\"https:\/\/genealogiaiberica.com\/wp-content\/uploads\/2024\/06\/montserrat-espana.jpg\",\"width\":1700,\"height\":718},{\"@type\":\"BreadcrumbList\",\"@id\":\"https:\/\/genealogiaiberica.com\/sobrenomes-espanhois\/abadia\/#breadcrumb\",\"itemListElement\":[{\"@type\":\"ListItem\",\"position\":1,\"name\":\"In\u00edcio\",\"item\":\"https:\/\/genealogiaiberica.com\/\"},{\"@type\":\"ListItem\",\"position\":2,\"name\":\"Sobrenomes espanh\u00f3is\",\"item\":\"https:\/\/genealogiaiberica.com\/sobrenomes-espanhois\/\"},{\"@type\":\"ListItem\",\"position\":3,\"name\":\"Abad\u00eda\"}]},{\"@type\":\"WebSite\",\"@id\":\"https:\/\/genealogiaiberica.com\/#website\",\"url\":\"https:\/\/genealogiaiberica.com\/\",\"name\":\"Genealogia Ib\u00e9rica\",\"description\":\"Espanha &amp; Portugal\",\"publisher\":{\"@id\":\"https:\/\/genealogiaiberica.com\/#organization\"},\"potentialAction\":[{\"@type\":\"SearchAction\",\"target\":{\"@type\":\"EntryPoint\",\"urlTemplate\":\"https:\/\/genealogiaiberica.com\/?s={search_term_string}\"},\"query-input\":{\"@type\":\"PropertyValueSpecification\",\"valueRequired\":true,\"valueName\":\"search_term_string\"}}],\"inLanguage\":\"es\"},{\"@type\":\"Organization\",\"@id\":\"https:\/\/genealogiaiberica.com\/#organization\",\"name\":\"Genealogia Ib\u00e9rica\",\"url\":\"https:\/\/genealogiaiberica.com\/\",\"logo\":{\"@type\":\"ImageObject\",\"inLanguage\":\"es\",\"@id\":\"https:\/\/genealogiaiberica.com\/#\/schema\/logo\/image\/\",\"url\":\"https:\/\/genealogiaiberica.com\/wp-content\/uploads\/2024\/05\/logo-genealogia.png\",\"contentUrl\":\"https:\/\/genealogiaiberica.com\/wp-content\/uploads\/2024\/05\/logo-genealogia.png\",\"width\":1854,\"height\":824,\"caption\":\"Genealogia Ib\u00e9rica\"},\"image\":{\"@id\":\"https:\/\/genealogiaiberica.com\/#\/schema\/logo\/image\/\"}}]}<\/script>\n<!-- \/ Yoast SEO plugin. -->","yoast_head_json":{"title":"Abad\u00eda: origem e significado - Genealogia Ib\u00e9rica","description":"Hist\u00f3ria, curiosidades, variantes e incid\u00eancia dos sobrenomes espanh\u00f3is. Conhe\u00e7a o significado e a origem de Abad\u00eda","robots":{"index":"index","follow":"follow","max-snippet":"max-snippet:-1","max-image-preview":"max-image-preview:large","max-video-preview":"max-video-preview:-1"},"canonical":"https:\/\/genealogiaiberica.com\/es\/sobrenomes-espanhois\/abadia\/","og_locale":"es_ES","og_type":"article","og_title":"Abad\u00eda: origem e significado - Genealogia Ib\u00e9rica","og_description":"Hist\u00f3ria, curiosidades, variantes e incid\u00eancia dos sobrenomes espanh\u00f3is. Conhe\u00e7a o significado e a origem de Abad\u00eda","og_url":"https:\/\/genealogiaiberica.com\/es\/sobrenomes-espanhois\/abadia\/","og_site_name":"Genealogia Ib\u00e9rica","article_modified_time":"2024-06-24T10:47:28+00:00","og_image":[{"width":1700,"height":718,"url":"https:\/\/genealogiaiberica.com\/wp-content\/uploads\/2024\/06\/montserrat-espana.jpg","type":"image\/jpeg"}],"twitter_card":"summary_large_image","twitter_misc":{"Tiempo de lectura":"1 minuto"},"schema":{"@context":"https:\/\/schema.org","@graph":[{"@type":"WebPage","@id":"https:\/\/genealogiaiberica.com\/sobrenomes-espanhois\/abadia\/","url":"https:\/\/genealogiaiberica.com\/sobrenomes-espanhois\/abadia\/","name":"Abad\u00eda: origem e significado - Genealogia Ib\u00e9rica","isPartOf":{"@id":"https:\/\/genealogiaiberica.com\/#website"},"primaryImageOfPage":{"@id":"https:\/\/genealogiaiberica.com\/sobrenomes-espanhois\/abadia\/#primaryimage"},"image":{"@id":"https:\/\/genealogiaiberica.com\/sobrenomes-espanhois\/abadia\/#primaryimage"},"thumbnailUrl":"https:\/\/genealogiaiberica.com\/wp-content\/uploads\/2024\/06\/montserrat-espana.jpg","datePublished":"2024-06-01T14:37:01+00:00","dateModified":"2024-06-24T10:47:28+00:00","description":"Hist\u00f3ria, curiosidades, variantes e incid\u00eancia dos sobrenomes espanh\u00f3is. Conhe\u00e7a o significado e a origem de Abad\u00eda","breadcrumb":{"@id":"https:\/\/genealogiaiberica.com\/sobrenomes-espanhois\/abadia\/#breadcrumb"},"inLanguage":"es","potentialAction":[{"@type":"ReadAction","target":["https:\/\/genealogiaiberica.com\/sobrenomes-espanhois\/abadia\/"]}]},{"@type":"ImageObject","inLanguage":"es","@id":"https:\/\/genealogiaiberica.com\/sobrenomes-espanhois\/abadia\/#primaryimage","url":"https:\/\/genealogiaiberica.com\/wp-content\/uploads\/2024\/06\/montserrat-espana.jpg","contentUrl":"https:\/\/genealogiaiberica.com\/wp-content\/uploads\/2024\/06\/montserrat-espana.jpg","width":1700,"height":718},{"@type":"BreadcrumbList","@id":"https:\/\/genealogiaiberica.com\/sobrenomes-espanhois\/abadia\/#breadcrumb","itemListElement":[{"@type":"ListItem","position":1,"name":"In\u00edcio","item":"https:\/\/genealogiaiberica.com\/"},{"@type":"ListItem","position":2,"name":"Sobrenomes espanh\u00f3is","item":"https:\/\/genealogiaiberica.com\/sobrenomes-espanhois\/"},{"@type":"ListItem","position":3,"name":"Abad\u00eda"}]},{"@type":"WebSite","@id":"https:\/\/genealogiaiberica.com\/#website","url":"https:\/\/genealogiaiberica.com\/","name":"Genealogia Ib\u00e9rica","description":"Espanha &amp; Portugal","publisher":{"@id":"https:\/\/genealogiaiberica.com\/#organization"},"potentialAction":[{"@type":"SearchAction","target":{"@type":"EntryPoint","urlTemplate":"https:\/\/genealogiaiberica.com\/?s={search_term_string}"},"query-input":{"@type":"PropertyValueSpecification","valueRequired":true,"valueName":"search_term_string"}}],"inLanguage":"es"},{"@type":"Organization","@id":"https:\/\/genealogiaiberica.com\/#organization","name":"Genealogia Ib\u00e9rica","url":"https:\/\/genealogiaiberica.com\/","logo":{"@type":"ImageObject","inLanguage":"es","@id":"https:\/\/genealogiaiberica.com\/#\/schema\/logo\/image\/","url":"https:\/\/genealogiaiberica.com\/wp-content\/uploads\/2024\/05\/logo-genealogia.png","contentUrl":"https:\/\/genealogiaiberica.com\/wp-content\/uploads\/2024\/05\/logo-genealogia.png","width":1854,"height":824,"caption":"Genealogia Ib\u00e9rica"},"image":{"@id":"https:\/\/genealogiaiberica.com\/#\/schema\/logo\/image\/"}}]}},"_links":{"self":[{"href":"https:\/\/genealogiaiberica.com\/es\/wp-json\/wp\/v2\/pages\/675","targetHints":{"allow":["GET"]}}],"collection":[{"href":"https:\/\/genealogiaiberica.com\/es\/wp-json\/wp\/v2\/pages"}],"about":[{"href":"https:\/\/genealogiaiberica.com\/es\/wp-json\/wp\/v2\/types\/page"}],"author":[{"embeddable":true,"href":"https:\/\/genealogiaiberica.com\/es\/wp-json\/wp\/v2\/users\/1"}],"replies":[{"embeddable":true,"href":"https:\/\/genealogiaiberica.com\/es\/wp-json\/wp\/v2\/comments?post=675"}],"version-history":[{"count":5,"href":"https:\/\/genealogiaiberica.com\/es\/wp-json\/wp\/v2\/pages\/675\/revisions"}],"predecessor-version":[{"id":680,"href":"https:\/\/genealogiaiberica.com\/es\/wp-json\/wp\/v2\/pages\/675\/revisions\/680"}],"up":[{"embeddable":true,"href":"https:\/\/genealogiaiberica.com\/es\/wp-json\/wp\/v2\/pages\/188"}],"wp:featuredmedia":[{"embeddable":true,"href":"https:\/\/genealogiaiberica.com\/es\/wp-json\/wp\/v2\/media\/881"}],"wp:attachment":[{"href":"https:\/\/genealogiaiberica.com\/es\/wp-json\/wp\/v2\/media?parent=675"}],"wp:term":[{"taxonomy":"folder","embeddable":true,"href":"https:\/\/genealogiaiberica.com\/es\/wp-json\/wp\/v2\/folder?post=675"}],"curies":[{"name":"wp","href":"https:\/\/api.w.org\/{rel}","templated":true}]}}