{"id":595,"date":"2024-05-30T11:53:18","date_gmt":"2024-05-30T11:53:18","guid":{"rendered":"https:\/\/genealogiaiberica.com\/?page_id=595"},"modified":"2024-05-30T11:53:18","modified_gmt":"2024-05-30T11:53:18","slug":"letra-j","status":"publish","type":"page","link":"https:\/\/genealogiaiberica.com\/es\/sobrenomes-espanhois\/letra-j\/","title":{"rendered":"Apellidos que empiezan con la letra J"},"content":{"rendered":"<p class=\"has-text-align-center\"><a href=\"https:\/\/genealogiaiberica.com\/es\/sobrenomes-espanhois\/letra-a\/\">La<\/a> \u2022 <a href=\"https:\/\/genealogiaiberica.com\/es\/sobrenomes-espanhois\/letra-b\/\">B<\/a> \u2022 <a href=\"https:\/\/genealogiaiberica.com\/es\/sobrenomes-espanhois\/letra-c\/\">C<\/a> \u2022 <a href=\"https:\/\/genealogiaiberica.com\/es\/sobrenomes-espanhois\/letra-d\/\">D<\/a> \u2022 <a href=\"https:\/\/genealogiaiberica.com\/es\/sobrenomes-espanhois\/letra-e\/\">E<\/a> \u2022 <a href=\"https:\/\/genealogiaiberica.com\/es\/sobrenomes-espanhois\/letra-f\/\">F<\/a> \u2022 <a href=\"https:\/\/genealogiaiberica.com\/es\/sobrenomes-espanhois\/letra-g\/\">G<\/a> \u2022 <a href=\"https:\/\/genealogiaiberica.com\/es\/sobrenomes-espanhois\/letra-h\/\">H<\/a> \u2022 <a href=\"https:\/\/genealogiaiberica.com\/es\/sobrenomes-espanhois\/letra-i\/\">I<\/a> \u2022 <a href=\"https:\/\/genealogiaiberica.com\/es\/sobrenomes-espanhois\/letra-j\/\">J<\/a> \u2022 <a href=\"https:\/\/genealogiaiberica.com\/es\/sobrenomes-espanhois\/letra-k\/\">K<\/a> \u2022 <a href=\"https:\/\/genealogiaiberica.com\/es\/sobrenomes-espanhois\/letra-l\/\">L<\/a> \u2022 <a href=\"https:\/\/genealogiaiberica.com\/es\/sobrenomes-espanhois\/letra-m\/\">M<\/a> \u2022 <a href=\"https:\/\/genealogiaiberica.com\/es\/sobrenomes-espanhois\/letra-n\/\">N<\/a> \u2022 <a href=\"https:\/\/genealogiaiberica.com\/es\/sobrenomes-espanhois\/letra-o\/\">El<\/a> \u2022 <a href=\"https:\/\/genealogiaiberica.com\/es\/sobrenomes-espanhois\/letra-p\/\">P<\/a> \u2022 <a href=\"https:\/\/genealogiaiberica.com\/es\/sobrenomes-espanhois\/letra-q\/\">Q<\/a> \u2022 <a href=\"https:\/\/genealogiaiberica.com\/es\/sobrenomes-espanhois\/letra-r\/\">R<\/a> \u2022 <a href=\"https:\/\/genealogiaiberica.com\/es\/sobrenomes-espanhois\/letra-s\/\">S<\/a> \u2022 <a href=\"https:\/\/genealogiaiberica.com\/es\/sobrenomes-espanhois\/letra-t\/\">T<\/a> \u2022 <a href=\"https:\/\/genealogiaiberica.com\/es\/sobrenomes-espanhois\/letra-u\/\">U<\/a> \u2022 <a href=\"https:\/\/genealogiaiberica.com\/es\/sobrenomes-espanhois\/letra-v\/\">V<\/a> \u2022 <a href=\"https:\/\/genealogiaiberica.com\/es\/sobrenomes-espanhois\/letra-w\/\">W<\/a> \u2022 <a href=\"https:\/\/genealogiaiberica.com\/es\/sobrenomes-espanhois\/letra-x\/\">X<\/a> \u2022 <a href=\"https:\/\/genealogiaiberica.com\/es\/sobrenomes-espanhois\/letra-y\/\">Y<\/a> \u2022 <a href=\"https:\/\/genealogiaiberica.com\/es\/sobrenomes-espanhois\/letra-z\/\">Z<\/a><\/p>\n\n\n\n<div class=\"wp-block-group has-global-padding is-layout-constrained wp-container-core-group-is-layout-41c06ba8 wp-block-group-is-layout-constrained\">\n<table id=\"tablepress-10\" class=\"tablepress tablepress-id-10\">\n<thead>\n<tr class=\"row-1\">\n\t<th class=\"column-1\">   <\/th>\n<\/tr>\n<\/thead>\n<tbody class=\"row-striping row-hover\">\n<tr class=\"row-2\">\n\t<td class=\"column-1\">Ja\u00e9n<\/td>\n<\/tr>\n<tr class=\"row-3\">\n\t<td class=\"column-1\">Jaro<\/td>\n<\/tr>\n<tr class=\"row-4\">\n\t<td class=\"column-1\">Jelices<\/td>\n<\/tr>\n<tr class=\"row-5\">\n\t<td class=\"column-1\">Jerez\/J\u00e9rez<\/td>\n<\/tr>\n<tr class=\"row-6\">\n\t<td class=\"column-1\">Jim\u00e9nez<\/td>\n<\/tr>\n<tr class=\"row-7\">\n\t<td class=\"column-1\">Jimeno<\/td>\n<\/tr>\n<tr class=\"row-8\">\n\t<td class=\"column-1\">Jiraldo<\/td>\n<\/tr>\n<tr class=\"row-9\">\n\t<td class=\"column-1\">Jita<\/td>\n<\/tr>\n<tr class=\"row-10\">\n\t<td class=\"column-1\">J\u00f3dar<\/td>\n<\/tr>\n<tr class=\"row-11\">\n\t<td class=\"column-1\">Jofr\u00e9<\/td>\n<\/tr>\n<tr class=\"row-12\">\n\t<td class=\"column-1\">Jord\u00e1n<\/td>\n<\/tr>\n<tr class=\"row-13\">\n\t<td class=\"column-1\">Jorquera<\/td>\n<\/tr>\n<tr class=\"row-14\">\n\t<td class=\"column-1\">Jover<\/td>\n<\/tr>\n<tr class=\"row-15\">\n\t<td class=\"column-1\">Joya<\/td>\n<\/tr>\n<tr class=\"row-16\">\n\t<td class=\"column-1\">Juan<\/td>\n<\/tr>\n<tr class=\"row-17\">\n\t<td class=\"column-1\">Juanes<\/td>\n<\/tr>\n<\/tbody>\n<\/table>\n<!-- #tablepress-10 from cache --><\/div>\n\n\n\n<p><\/p>","protected":false},"excerpt":{"rendered":"<p>A \u2022 B \u2022 C \u2022 D \u2022 E \u2022 F \u2022 G \u2022 H \u2022 I \u2022 J \u2022 K \u2022 L \u2022 M \u2022 N \u2022 O \u2022 P \u2022 Q \u2022 R \u2022 S \u2022 T \u2022 U \u2022 V \u2022 W \u2022 X \u2022 Y \u2022 Z<\/p>","protected":false},"author":1,"featured_media":512,"parent":188,"menu_order":0,"comment_status":"closed","ping_status":"closed","template":"","meta":{"_acf_changed":false,"footnotes":""},"folder":[74],"class_list":["post-595","page","type-page","status-publish","has-post-thumbnail","hentry"],"acf":[],"yoast_head":"<!-- This site is optimized with the Yoast SEO plugin v27.2 - https:\/\/yoast.com\/product\/yoast-seo-wordpress\/ -->\n<title>Sobrenomes espanh\u00f3is que come\u00e7am com letra J - Genealogia Ib\u00e9rica<\/title>\n<meta name=\"description\" content=\"Confira a lista de sobrenomes (apelidos) espanh\u00f3is que come\u00e7am com a letra J e seus poss\u00edveis significados\" \/>\n<meta name=\"robots\" content=\"index, follow, max-snippet:-1, max-image-preview:large, max-video-preview:-1\" \/>\n<link rel=\"canonical\" href=\"https:\/\/genealogiaiberica.com\/es\/sobrenomes-espanhois\/letra-j\/\" \/>\n<meta property=\"og:locale\" content=\"es_ES\" \/>\n<meta property=\"og:type\" content=\"article\" \/>\n<meta property=\"og:title\" content=\"Sobrenomes espanh\u00f3is que come\u00e7am com letra J - Genealogia Ib\u00e9rica\" \/>\n<meta property=\"og:description\" content=\"Confira a lista de sobrenomes (apelidos) espanh\u00f3is que come\u00e7am com a letra J e seus poss\u00edveis significados\" \/>\n<meta property=\"og:url\" content=\"https:\/\/genealogiaiberica.com\/es\/sobrenomes-espanhois\/letra-j\/\" \/>\n<meta property=\"og:site_name\" content=\"Genealogia Ib\u00e9rica\" \/>\n<meta property=\"og:image\" content=\"https:\/\/genealogiaiberica.com\/wp-content\/uploads\/2024\/05\/livros-antigos.jpg\" \/>\n\t<meta property=\"og:image:width\" content=\"2000\" \/>\n\t<meta property=\"og:image:height\" content=\"1198\" \/>\n\t<meta property=\"og:image:type\" content=\"image\/jpeg\" \/>\n<meta name=\"twitter:card\" content=\"summary_large_image\" \/>\n<meta name=\"twitter:label1\" content=\"Tiempo de lectura\" \/>\n\t<meta name=\"twitter:data1\" content=\"1 minuto\" \/>\n<script type=\"application\/ld+json\" class=\"yoast-schema-graph\">{\"@context\":\"https:\/\/schema.org\",\"@graph\":[{\"@type\":\"WebPage\",\"@id\":\"https:\/\/genealogiaiberica.com\/sobrenomes-espanhois\/letra-j\/\",\"url\":\"https:\/\/genealogiaiberica.com\/sobrenomes-espanhois\/letra-j\/\",\"name\":\"Sobrenomes espanh\u00f3is que come\u00e7am com letra J - Genealogia Ib\u00e9rica\",\"isPartOf\":{\"@id\":\"https:\/\/genealogiaiberica.com\/#website\"},\"primaryImageOfPage\":{\"@id\":\"https:\/\/genealogiaiberica.com\/sobrenomes-espanhois\/letra-j\/#primaryimage\"},\"image\":{\"@id\":\"https:\/\/genealogiaiberica.com\/sobrenomes-espanhois\/letra-j\/#primaryimage\"},\"thumbnailUrl\":\"https:\/\/genealogiaiberica.com\/wp-content\/uploads\/2024\/05\/livros-antigos.jpg\",\"datePublished\":\"2024-05-30T11:53:18+00:00\",\"description\":\"Confira a lista de sobrenomes (apelidos) espanh\u00f3is que come\u00e7am com a letra J e seus poss\u00edveis significados\",\"breadcrumb\":{\"@id\":\"https:\/\/genealogiaiberica.com\/sobrenomes-espanhois\/letra-j\/#breadcrumb\"},\"inLanguage\":\"es\",\"potentialAction\":[{\"@type\":\"ReadAction\",\"target\":[\"https:\/\/genealogiaiberica.com\/sobrenomes-espanhois\/letra-j\/\"]}]},{\"@type\":\"ImageObject\",\"inLanguage\":\"es\",\"@id\":\"https:\/\/genealogiaiberica.com\/sobrenomes-espanhois\/letra-j\/#primaryimage\",\"url\":\"https:\/\/genealogiaiberica.com\/wp-content\/uploads\/2024\/05\/livros-antigos.jpg\",\"contentUrl\":\"https:\/\/genealogiaiberica.com\/wp-content\/uploads\/2024\/05\/livros-antigos.jpg\",\"width\":2000,\"height\":1198},{\"@type\":\"BreadcrumbList\",\"@id\":\"https:\/\/genealogiaiberica.com\/sobrenomes-espanhois\/letra-j\/#breadcrumb\",\"itemListElement\":[{\"@type\":\"ListItem\",\"position\":1,\"name\":\"In\u00edcio\",\"item\":\"https:\/\/genealogiaiberica.com\/\"},{\"@type\":\"ListItem\",\"position\":2,\"name\":\"Sobrenomes espanh\u00f3is\",\"item\":\"https:\/\/genealogiaiberica.com\/sobrenomes-espanhois\/\"},{\"@type\":\"ListItem\",\"position\":3,\"name\":\"Sobrenomes que come\u00e7am com letra J\"}]},{\"@type\":\"WebSite\",\"@id\":\"https:\/\/genealogiaiberica.com\/#website\",\"url\":\"https:\/\/genealogiaiberica.com\/\",\"name\":\"Genealogia Ib\u00e9rica\",\"description\":\"Espanha &amp; Portugal\",\"publisher\":{\"@id\":\"https:\/\/genealogiaiberica.com\/#organization\"},\"potentialAction\":[{\"@type\":\"SearchAction\",\"target\":{\"@type\":\"EntryPoint\",\"urlTemplate\":\"https:\/\/genealogiaiberica.com\/?s={search_term_string}\"},\"query-input\":{\"@type\":\"PropertyValueSpecification\",\"valueRequired\":true,\"valueName\":\"search_term_string\"}}],\"inLanguage\":\"es\"},{\"@type\":\"Organization\",\"@id\":\"https:\/\/genealogiaiberica.com\/#organization\",\"name\":\"Genealogia Ib\u00e9rica\",\"url\":\"https:\/\/genealogiaiberica.com\/\",\"logo\":{\"@type\":\"ImageObject\",\"inLanguage\":\"es\",\"@id\":\"https:\/\/genealogiaiberica.com\/#\/schema\/logo\/image\/\",\"url\":\"https:\/\/genealogiaiberica.com\/wp-content\/uploads\/2024\/05\/logo-genealogia.png\",\"contentUrl\":\"https:\/\/genealogiaiberica.com\/wp-content\/uploads\/2024\/05\/logo-genealogia.png\",\"width\":1854,\"height\":824,\"caption\":\"Genealogia Ib\u00e9rica\"},\"image\":{\"@id\":\"https:\/\/genealogiaiberica.com\/#\/schema\/logo\/image\/\"}}]}<\/script>\n<!-- \/ Yoast SEO plugin. -->","yoast_head_json":{"title":"Sobrenomes espanh\u00f3is que come\u00e7am com letra J - Genealogia Ib\u00e9rica","description":"Confira a lista de sobrenomes (apelidos) espanh\u00f3is que come\u00e7am com a letra J e seus poss\u00edveis significados","robots":{"index":"index","follow":"follow","max-snippet":"max-snippet:-1","max-image-preview":"max-image-preview:large","max-video-preview":"max-video-preview:-1"},"canonical":"https:\/\/genealogiaiberica.com\/es\/sobrenomes-espanhois\/letra-j\/","og_locale":"es_ES","og_type":"article","og_title":"Sobrenomes espanh\u00f3is que come\u00e7am com letra J - Genealogia Ib\u00e9rica","og_description":"Confira a lista de sobrenomes (apelidos) espanh\u00f3is que come\u00e7am com a letra J e seus poss\u00edveis significados","og_url":"https:\/\/genealogiaiberica.com\/es\/sobrenomes-espanhois\/letra-j\/","og_site_name":"Genealogia Ib\u00e9rica","og_image":[{"width":2000,"height":1198,"url":"https:\/\/genealogiaiberica.com\/wp-content\/uploads\/2024\/05\/livros-antigos.jpg","type":"image\/jpeg"}],"twitter_card":"summary_large_image","twitter_misc":{"Tiempo de lectura":"1 minuto"},"schema":{"@context":"https:\/\/schema.org","@graph":[{"@type":"WebPage","@id":"https:\/\/genealogiaiberica.com\/sobrenomes-espanhois\/letra-j\/","url":"https:\/\/genealogiaiberica.com\/sobrenomes-espanhois\/letra-j\/","name":"Sobrenomes espanh\u00f3is que come\u00e7am com letra J - Genealogia Ib\u00e9rica","isPartOf":{"@id":"https:\/\/genealogiaiberica.com\/#website"},"primaryImageOfPage":{"@id":"https:\/\/genealogiaiberica.com\/sobrenomes-espanhois\/letra-j\/#primaryimage"},"image":{"@id":"https:\/\/genealogiaiberica.com\/sobrenomes-espanhois\/letra-j\/#primaryimage"},"thumbnailUrl":"https:\/\/genealogiaiberica.com\/wp-content\/uploads\/2024\/05\/livros-antigos.jpg","datePublished":"2024-05-30T11:53:18+00:00","description":"Confira a lista de sobrenomes (apelidos) espanh\u00f3is que come\u00e7am com a letra J e seus poss\u00edveis significados","breadcrumb":{"@id":"https:\/\/genealogiaiberica.com\/sobrenomes-espanhois\/letra-j\/#breadcrumb"},"inLanguage":"es","potentialAction":[{"@type":"ReadAction","target":["https:\/\/genealogiaiberica.com\/sobrenomes-espanhois\/letra-j\/"]}]},{"@type":"ImageObject","inLanguage":"es","@id":"https:\/\/genealogiaiberica.com\/sobrenomes-espanhois\/letra-j\/#primaryimage","url":"https:\/\/genealogiaiberica.com\/wp-content\/uploads\/2024\/05\/livros-antigos.jpg","contentUrl":"https:\/\/genealogiaiberica.com\/wp-content\/uploads\/2024\/05\/livros-antigos.jpg","width":2000,"height":1198},{"@type":"BreadcrumbList","@id":"https:\/\/genealogiaiberica.com\/sobrenomes-espanhois\/letra-j\/#breadcrumb","itemListElement":[{"@type":"ListItem","position":1,"name":"In\u00edcio","item":"https:\/\/genealogiaiberica.com\/"},{"@type":"ListItem","position":2,"name":"Sobrenomes espanh\u00f3is","item":"https:\/\/genealogiaiberica.com\/sobrenomes-espanhois\/"},{"@type":"ListItem","position":3,"name":"Sobrenomes que come\u00e7am com letra J"}]},{"@type":"WebSite","@id":"https:\/\/genealogiaiberica.com\/#website","url":"https:\/\/genealogiaiberica.com\/","name":"Genealogia Ib\u00e9rica","description":"Espanha &amp; Portugal","publisher":{"@id":"https:\/\/genealogiaiberica.com\/#organization"},"potentialAction":[{"@type":"SearchAction","target":{"@type":"EntryPoint","urlTemplate":"https:\/\/genealogiaiberica.com\/?s={search_term_string}"},"query-input":{"@type":"PropertyValueSpecification","valueRequired":true,"valueName":"search_term_string"}}],"inLanguage":"es"},{"@type":"Organization","@id":"https:\/\/genealogiaiberica.com\/#organization","name":"Genealogia Ib\u00e9rica","url":"https:\/\/genealogiaiberica.com\/","logo":{"@type":"ImageObject","inLanguage":"es","@id":"https:\/\/genealogiaiberica.com\/#\/schema\/logo\/image\/","url":"https:\/\/genealogiaiberica.com\/wp-content\/uploads\/2024\/05\/logo-genealogia.png","contentUrl":"https:\/\/genealogiaiberica.com\/wp-content\/uploads\/2024\/05\/logo-genealogia.png","width":1854,"height":824,"caption":"Genealogia Ib\u00e9rica"},"image":{"@id":"https:\/\/genealogiaiberica.com\/#\/schema\/logo\/image\/"}}]}},"_links":{"self":[{"href":"https:\/\/genealogiaiberica.com\/es\/wp-json\/wp\/v2\/pages\/595","targetHints":{"allow":["GET"]}}],"collection":[{"href":"https:\/\/genealogiaiberica.com\/es\/wp-json\/wp\/v2\/pages"}],"about":[{"href":"https:\/\/genealogiaiberica.com\/es\/wp-json\/wp\/v2\/types\/page"}],"author":[{"embeddable":true,"href":"https:\/\/genealogiaiberica.com\/es\/wp-json\/wp\/v2\/users\/1"}],"replies":[{"embeddable":true,"href":"https:\/\/genealogiaiberica.com\/es\/wp-json\/wp\/v2\/comments?post=595"}],"version-history":[{"count":1,"href":"https:\/\/genealogiaiberica.com\/es\/wp-json\/wp\/v2\/pages\/595\/revisions"}],"predecessor-version":[{"id":600,"href":"https:\/\/genealogiaiberica.com\/es\/wp-json\/wp\/v2\/pages\/595\/revisions\/600"}],"up":[{"embeddable":true,"href":"https:\/\/genealogiaiberica.com\/es\/wp-json\/wp\/v2\/pages\/188"}],"wp:featuredmedia":[{"embeddable":true,"href":"https:\/\/genealogiaiberica.com\/es\/wp-json\/wp\/v2\/media\/512"}],"wp:attachment":[{"href":"https:\/\/genealogiaiberica.com\/es\/wp-json\/wp\/v2\/media?parent=595"}],"wp:term":[{"taxonomy":"folder","embeddable":true,"href":"https:\/\/genealogiaiberica.com\/es\/wp-json\/wp\/v2\/folder?post=595"}],"curies":[{"name":"wp","href":"https:\/\/api.w.org\/{rel}","templated":true}]}}