{"id":483,"date":"2024-05-30T09:05:45","date_gmt":"2024-05-30T09:05:45","guid":{"rendered":"https:\/\/genealogiaiberica.com\/?page_id=483"},"modified":"2024-05-30T11:48:06","modified_gmt":"2024-05-30T11:48:06","slug":"letra-a","status":"publish","type":"page","link":"https:\/\/genealogiaiberica.com\/es\/sobrenomes-espanhois\/letra-a\/","title":{"rendered":"Apellidos que empiezan con la letra A"},"content":{"rendered":"<p class=\"has-text-align-center\"><a href=\"https:\/\/genealogiaiberica.com\/es\/sobrenomes-espanhois\/letra-a\/\">La<\/a> \u2022 <a href=\"https:\/\/genealogiaiberica.com\/es\/sobrenomes-espanhois\/letra-b\/\">B<\/a> \u2022 <a href=\"https:\/\/genealogiaiberica.com\/es\/sobrenomes-espanhois\/letra-c\/\">C<\/a> \u2022 <a href=\"https:\/\/genealogiaiberica.com\/es\/sobrenomes-espanhois\/letra-d\/\">D<\/a> \u2022 <a href=\"https:\/\/genealogiaiberica.com\/es\/sobrenomes-espanhois\/letra-e\/\">E<\/a> \u2022 <a href=\"https:\/\/genealogiaiberica.com\/es\/sobrenomes-espanhois\/letra-f\/\">F<\/a> \u2022 <a href=\"https:\/\/genealogiaiberica.com\/es\/sobrenomes-espanhois\/letra-g\/\">G<\/a> \u2022 <a href=\"https:\/\/genealogiaiberica.com\/es\/sobrenomes-espanhois\/letra-h\/\">H<\/a> \u2022 <a href=\"https:\/\/genealogiaiberica.com\/es\/sobrenomes-espanhois\/letra-i\/\">I<\/a> \u2022 <a href=\"https:\/\/genealogiaiberica.com\/es\/sobrenomes-espanhois\/letra-j\/\">J<\/a> \u2022 <a href=\"https:\/\/genealogiaiberica.com\/es\/sobrenomes-espanhois\/letra-k\/\">K<\/a> \u2022 <a href=\"https:\/\/genealogiaiberica.com\/es\/sobrenomes-espanhois\/letra-l\/\">L<\/a> \u2022 <a href=\"https:\/\/genealogiaiberica.com\/es\/sobrenomes-espanhois\/letra-m\/\">M<\/a> \u2022 <a href=\"https:\/\/genealogiaiberica.com\/es\/sobrenomes-espanhois\/letra-n\/\">N<\/a> \u2022 <a href=\"https:\/\/genealogiaiberica.com\/es\/sobrenomes-espanhois\/letra-o\/\">El<\/a> \u2022 <a href=\"https:\/\/genealogiaiberica.com\/es\/sobrenomes-espanhois\/letra-p\/\">P<\/a> \u2022 <a href=\"https:\/\/genealogiaiberica.com\/es\/sobrenomes-espanhois\/letra-q\/\">Q<\/a> \u2022 <a href=\"https:\/\/genealogiaiberica.com\/es\/sobrenomes-espanhois\/letra-r\/\">R<\/a> \u2022 <a href=\"https:\/\/genealogiaiberica.com\/es\/sobrenomes-espanhois\/letra-s\/\">S<\/a> \u2022 <a href=\"https:\/\/genealogiaiberica.com\/es\/sobrenomes-espanhois\/letra-t\/\">T<\/a> \u2022 <a href=\"https:\/\/genealogiaiberica.com\/es\/sobrenomes-espanhois\/letra-u\/\">U<\/a> \u2022 <a href=\"https:\/\/genealogiaiberica.com\/es\/sobrenomes-espanhois\/letra-v\/\">V<\/a> \u2022 <a href=\"https:\/\/genealogiaiberica.com\/es\/sobrenomes-espanhois\/letra-w\/\">W<\/a> \u2022 <a href=\"https:\/\/genealogiaiberica.com\/es\/sobrenomes-espanhois\/letra-x\/\">X<\/a> \u2022 <a href=\"https:\/\/genealogiaiberica.com\/es\/sobrenomes-espanhois\/letra-y\/\">Y<\/a> \u2022 <a href=\"https:\/\/genealogiaiberica.com\/es\/sobrenomes-espanhois\/letra-z\/\">Z<\/a><\/p>\n\n\n\n<div class=\"wp-block-group has-global-padding is-layout-constrained wp-container-core-group-is-layout-41c06ba8 wp-block-group-is-layout-constrained\">\n<table id=\"tablepress-27\" class=\"tablepress tablepress-id-27\">\n<thead>\n<tr class=\"row-1\">\n\t<th class=\"column-1\">   <\/th>\n<\/tr>\n<\/thead>\n<tbody class=\"row-striping row-hover\">\n<tr class=\"row-2\">\n\t<td class=\"column-1\"><a href=\"https:\/\/genealogiaiberica.com\/es\/sobrenomes-espanhois\/abad\/\">Abad<\/a><\/td>\n<\/tr>\n<tr class=\"row-3\">\n\t<td class=\"column-1\"><a href=\"https:\/\/genealogiaiberica.com\/es\/sobrenomes-espanhois\/abadia\/\">Abad\u00eda<\/a><\/td>\n<\/tr>\n<tr class=\"row-4\">\n\t<td class=\"column-1\">\u00c1balos<\/td>\n<\/tr>\n<tr class=\"row-5\">\n\t<td class=\"column-1\">Abarca<\/td>\n<\/tr>\n<tr class=\"row-6\">\n\t<td class=\"column-1\">Abell\u00e1n<\/td>\n<\/tr>\n<tr class=\"row-7\">\n\t<td class=\"column-1\">Abezola<\/td>\n<\/tr>\n<tr class=\"row-8\">\n\t<td class=\"column-1\">Abla<\/td>\n<\/tr>\n<tr class=\"row-9\">\n\t<td class=\"column-1\">Abril<\/td>\n<\/tr>\n<tr class=\"row-10\">\n\t<td class=\"column-1\">Acacio<\/td>\n<\/tr>\n<tr class=\"row-11\">\n\t<td class=\"column-1\">Acedo<\/td>\n<\/tr>\n<tr class=\"row-12\">\n\t<td class=\"column-1\">Aceta<\/td>\n<\/tr>\n<tr class=\"row-13\">\n\t<td class=\"column-1\">Aci\u00e9n<\/td>\n<\/tr>\n<tr class=\"row-14\">\n\t<td class=\"column-1\">Acosta<\/td>\n<\/tr>\n<tr class=\"row-15\">\n\t<td class=\"column-1\">Acull\u00f3<\/td>\n<\/tr>\n<tr class=\"row-16\">\n\t<td class=\"column-1\">Acu\u00f1a<\/td>\n<\/tr>\n<tr class=\"row-17\">\n\t<td class=\"column-1\">Adal<\/td>\n<\/tr>\n<tr class=\"row-18\">\n\t<td class=\"column-1\">Adam<\/td>\n<\/tr>\n<tr class=\"row-19\">\n\t<td class=\"column-1\">Ad\u00e1n<\/td>\n<\/tr>\n<tr class=\"row-20\">\n\t<td class=\"column-1\">\u00c1greda<\/td>\n<\/tr>\n<tr class=\"row-21\">\n\t<td class=\"column-1\">Aguado<\/td>\n<\/tr>\n<tr class=\"row-22\">\n\t<td class=\"column-1\">Aguaza<\/td>\n<\/tr>\n<tr class=\"row-23\">\n\t<td class=\"column-1\">Agudo<\/td>\n<\/tr>\n<tr class=\"row-24\">\n\t<td class=\"column-1\">Ag\u00fcera<\/td>\n<\/tr>\n<tr class=\"row-25\">\n\t<td class=\"column-1\">Ag\u00fcero<\/td>\n<\/tr>\n<tr class=\"row-26\">\n\t<td class=\"column-1\">\u00c1guila<\/td>\n<\/tr>\n<tr class=\"row-27\">\n\t<td class=\"column-1\">Aguilar<\/td>\n<\/tr>\n<tr class=\"row-28\">\n\t<td class=\"column-1\">Aguilera<\/td>\n<\/tr>\n<tr class=\"row-29\">\n\t<td class=\"column-1\">Aguirre<\/td>\n<\/tr>\n<tr class=\"row-30\">\n\t<td class=\"column-1\">Aibar<\/td>\n<\/tr>\n<tr class=\"row-31\">\n\t<td class=\"column-1\">Ais<\/td>\n<\/tr>\n<tr class=\"row-32\">\n\t<td class=\"column-1\">Ajea<\/td>\n<\/tr>\n<tr class=\"row-33\">\n\t<td class=\"column-1\">\u00c1lamo<\/td>\n<\/tr>\n<tr class=\"row-34\">\n\t<td class=\"column-1\">Alarc\u00f3<\/td>\n<\/tr>\n<tr class=\"row-35\">\n\t<td class=\"column-1\">Alarc\u00f3n<\/td>\n<\/tr>\n<tr class=\"row-36\">\n\t<td class=\"column-1\">Alarcos<\/td>\n<\/tr>\n<tr class=\"row-37\">\n\t<td class=\"column-1\">Alasid<\/td>\n<\/tr>\n<tr class=\"row-38\">\n\t<td class=\"column-1\">\u00c1lava<\/td>\n<\/tr>\n<tr class=\"row-39\">\n\t<td class=\"column-1\">Alba<\/td>\n<\/tr>\n<tr class=\"row-40\">\n\t<td class=\"column-1\">Albacete<\/td>\n<\/tr>\n<tr class=\"row-41\">\n\t<td class=\"column-1\">Albarrac\u00edn<\/td>\n<\/tr>\n<tr class=\"row-42\">\n\t<td class=\"column-1\">\u00c1lbea<\/td>\n<\/tr>\n<tr class=\"row-43\">\n\t<td class=\"column-1\">Albentosa<\/td>\n<\/tr>\n<tr class=\"row-44\">\n\t<td class=\"column-1\">Albia<\/td>\n<\/tr>\n<tr class=\"row-45\">\n\t<td class=\"column-1\">Albos<\/td>\n<\/tr>\n<tr class=\"row-46\">\n\t<td class=\"column-1\">Alcaide<\/td>\n<\/tr>\n<tr class=\"row-47\">\n\t<td class=\"column-1\">Alcaima<\/td>\n<\/tr>\n<tr class=\"row-48\">\n\t<td class=\"column-1\">Alcaina<\/td>\n<\/tr>\n<tr class=\"row-49\">\n\t<td class=\"column-1\">Alcal\u00e1<\/td>\n<\/tr>\n<tr class=\"row-50\">\n\t<td class=\"column-1\">Alcalde<\/td>\n<\/tr>\n<tr class=\"row-51\">\n\t<td class=\"column-1\">Alc\u00e1ntara<\/td>\n<\/tr>\n<tr class=\"row-52\">\n\t<td class=\"column-1\"><a href=\"https:\/\/genealogiaiberica.com\/es\/sobrenomes-espanhois\/alcaraz\/\">Alcaraz<\/a><\/td>\n<\/tr>\n<tr class=\"row-53\">\n\t<td class=\"column-1\">Alcarria<\/td>\n<\/tr>\n<tr class=\"row-54\">\n\t<td class=\"column-1\">Alc\u00e1zar<\/td>\n<\/tr>\n<tr class=\"row-55\">\n\t<td class=\"column-1\">Alcazarmayor<\/td>\n<\/tr>\n<tr class=\"row-56\">\n\t<td class=\"column-1\">Alchapax<\/td>\n<\/tr>\n<tr class=\"row-57\">\n\t<td class=\"column-1\">Alcocel<\/td>\n<\/tr>\n<tr class=\"row-58\">\n\t<td class=\"column-1\">Alcocer<\/td>\n<\/tr>\n<tr class=\"row-59\">\n\t<td class=\"column-1\">Alcolea<\/td>\n<\/tr>\n<tr class=\"row-60\">\n\t<td class=\"column-1\">Alcoleda<\/td>\n<\/tr>\n<tr class=\"row-61\">\n\t<td class=\"column-1\">Alconero<\/td>\n<\/tr>\n<tr class=\"row-62\">\n\t<td class=\"column-1\">Aldana<\/td>\n<\/tr>\n<tr class=\"row-63\">\n\t<td class=\"column-1\">Aledo<\/td>\n<\/tr>\n<tr class=\"row-64\">\n\t<td class=\"column-1\">Alegr\u00eda<\/td>\n<\/tr>\n<tr class=\"row-65\">\n\t<td class=\"column-1\">Alejo<\/td>\n<\/tr>\n<tr class=\"row-66\">\n\t<td class=\"column-1\">Alem\u00e1n<\/td>\n<\/tr>\n<tr class=\"row-67\">\n\t<td class=\"column-1\">Alex<\/td>\n<\/tr>\n<tr class=\"row-68\">\n\t<td class=\"column-1\">Alez<\/td>\n<\/tr>\n<tr class=\"row-69\">\n\t<td class=\"column-1\">Alfaro<\/td>\n<\/tr>\n<tr class=\"row-70\">\n\t<td class=\"column-1\">Alf\u00e9rez<\/td>\n<\/tr>\n<tr class=\"row-71\">\n\t<td class=\"column-1\">Alfocea<\/td>\n<\/tr>\n<tr class=\"row-72\">\n\t<td class=\"column-1\">Alfonso<\/td>\n<\/tr>\n<tr class=\"row-73\">\n\t<td class=\"column-1\">Algarra<\/td>\n<\/tr>\n<tr class=\"row-74\">\n\t<td class=\"column-1\">Algarte<\/td>\n<\/tr>\n<tr class=\"row-75\">\n\t<td class=\"column-1\">Aliaga<\/td>\n<\/tr>\n<tr class=\"row-76\">\n\t<td class=\"column-1\">Al\u00edas<\/td>\n<\/tr>\n<tr class=\"row-77\">\n\t<td class=\"column-1\">Almagro<\/td>\n<\/tr>\n<tr class=\"row-78\">\n\t<td class=\"column-1\">Almansa<\/td>\n<\/tr>\n<tr class=\"row-79\">\n\t<td class=\"column-1\">Alm\u00e9cija<\/td>\n<\/tr>\n<tr class=\"row-80\">\n\t<td class=\"column-1\">Almena<\/td>\n<\/tr>\n<tr class=\"row-81\">\n\t<td class=\"column-1\">Almendros<\/td>\n<\/tr>\n<tr class=\"row-82\">\n\t<td class=\"column-1\">Almenteros<\/td>\n<\/tr>\n<tr class=\"row-83\">\n\t<td class=\"column-1\">Almod\u00f3var<\/td>\n<\/tr>\n<tr class=\"row-84\">\n\t<td class=\"column-1\">Almoguera<\/td>\n<\/tr>\n<tr class=\"row-85\">\n\t<td class=\"column-1\">Alonso<\/td>\n<\/tr>\n<tr class=\"row-86\">\n\t<td class=\"column-1\">Al\u00f3s<\/td>\n<\/tr>\n<tr class=\"row-87\">\n\t<td class=\"column-1\">Alp\u00e1\u00f1ez<\/td>\n<\/tr>\n<tr class=\"row-88\">\n\t<td class=\"column-1\">Alston<\/td>\n<\/tr>\n<tr class=\"row-89\">\n\t<td class=\"column-1\">Altabe<\/td>\n<\/tr>\n<tr class=\"row-90\">\n\t<td class=\"column-1\">Altamirano<\/td>\n<\/tr>\n<tr class=\"row-91\">\n\t<td class=\"column-1\">Altariz<\/td>\n<\/tr>\n<tr class=\"row-92\">\n\t<td class=\"column-1\">Alter<\/td>\n<\/tr>\n<tr class=\"row-93\">\n\t<td class=\"column-1\">Alvar<\/td>\n<\/tr>\n<tr class=\"row-94\">\n\t<td class=\"column-1\">\u00c1lvarez<\/td>\n<\/tr>\n<tr class=\"row-95\">\n\t<td class=\"column-1\">Amador<\/td>\n<\/tr>\n<tr class=\"row-96\">\n\t<td class=\"column-1\">Amate<\/td>\n<\/tr>\n<tr class=\"row-97\">\n\t<td class=\"column-1\">Amberly<\/td>\n<\/tr>\n<tr class=\"row-98\">\n\t<td class=\"column-1\">Amo<\/td>\n<\/tr>\n<tr class=\"row-99\">\n\t<td class=\"column-1\">Amor<\/td>\n<\/tr>\n<tr class=\"row-100\">\n\t<td class=\"column-1\">Amor\u00f3s<\/td>\n<\/tr>\n<tr class=\"row-101\">\n\t<td class=\"column-1\">Anaya<\/td>\n<\/tr>\n<tr class=\"row-102\">\n\t<td class=\"column-1\">Anayar<\/td>\n<\/tr>\n<tr class=\"row-103\">\n\t<td class=\"column-1\">Ambel<\/td>\n<\/tr>\n<tr class=\"row-104\">\n\t<td class=\"column-1\">Anchuelas<\/td>\n<\/tr>\n<tr class=\"row-105\">\n\t<td class=\"column-1\">Andino<\/td>\n<\/tr>\n<tr class=\"row-106\">\n\t<td class=\"column-1\">And\u00edvar<\/td>\n<\/tr>\n<tr class=\"row-107\">\n\t<td class=\"column-1\">Andrea<\/td>\n<\/tr>\n<tr class=\"row-108\">\n\t<td class=\"column-1\">Andreo<\/td>\n<\/tr>\n<tr class=\"row-109\">\n\t<td class=\"column-1\">Andr\u00e9s<\/td>\n<\/tr>\n<tr class=\"row-110\">\n\t<td class=\"column-1\">Andreu<\/td>\n<\/tr>\n<tr class=\"row-111\">\n\t<td class=\"column-1\">And\u00fajar<\/td>\n<\/tr>\n<tr class=\"row-112\">\n\t<td class=\"column-1\">\u00c1ngel<\/td>\n<\/tr>\n<tr class=\"row-113\">\n\t<td class=\"column-1\">\u00c1ngeles<\/td>\n<\/tr>\n<tr class=\"row-114\">\n\t<td class=\"column-1\">Anillo<\/td>\n<\/tr>\n<tr class=\"row-115\">\n\t<td class=\"column-1\">Antequera<\/td>\n<\/tr>\n<tr class=\"row-116\">\n\t<td class=\"column-1\">Antivero<\/td>\n<\/tr>\n<tr class=\"row-117\">\n\t<td class=\"column-1\">Antol\u00edn<\/td>\n<\/tr>\n<tr class=\"row-118\">\n\t<td class=\"column-1\">Antol\u00ednez<\/td>\n<\/tr>\n<tr class=\"row-119\">\n\t<td class=\"column-1\">Ant\u00f3n<\/td>\n<\/tr>\n<tr class=\"row-120\">\n\t<td class=\"column-1\">Antonio<\/td>\n<\/tr>\n<tr class=\"row-121\">\n\t<td class=\"column-1\">Aparicia<\/td>\n<\/tr>\n<tr class=\"row-122\">\n\t<td class=\"column-1\">Aparicio<\/td>\n<\/tr>\n<tr class=\"row-123\">\n\t<td class=\"column-1\">Aracil<\/td>\n<\/tr>\n<tr class=\"row-124\">\n\t<td class=\"column-1\">Arag\u00f3n<\/td>\n<\/tr>\n<tr class=\"row-125\">\n\t<td class=\"column-1\">Ar\u00e1n<\/td>\n<\/tr>\n<\/tbody>\n<\/table>\n<!-- #tablepress-27 from cache --><\/div>\n\n\n\n<p><\/p>\n\n\n\n<p><\/p>","protected":false},"excerpt":{"rendered":"<p>A \u2022 B \u2022 C \u2022 D \u2022 E \u2022 F \u2022 G \u2022 H \u2022 I \u2022 J \u2022 K \u2022 L \u2022 M \u2022 N \u2022 O \u2022 P \u2022 Q \u2022 R \u2022 S \u2022 T \u2022 U \u2022 V \u2022 W \u2022 X \u2022 Y \u2022 Z<\/p>","protected":false},"author":1,"featured_media":512,"parent":188,"menu_order":0,"comment_status":"closed","ping_status":"closed","template":"","meta":{"_acf_changed":false,"footnotes":""},"folder":[74],"class_list":["post-483","page","type-page","status-publish","has-post-thumbnail","hentry"],"acf":[],"yoast_head":"<!-- This site is optimized with the Yoast SEO plugin v27.2 - https:\/\/yoast.com\/product\/yoast-seo-wordpress\/ -->\n<title>Sobrenomes espanh\u00f3is que come\u00e7am com letra A - Genealogia Ib\u00e9rica<\/title>\n<meta name=\"description\" content=\"Confira a lista de sobrenomes (apelidos) espanh\u00f3is que come\u00e7am com a letra A e seus poss\u00edveis significados\" \/>\n<meta name=\"robots\" content=\"index, follow, max-snippet:-1, max-image-preview:large, max-video-preview:-1\" \/>\n<link rel=\"canonical\" href=\"https:\/\/genealogiaiberica.com\/es\/sobrenomes-espanhois\/letra-a\/\" \/>\n<meta property=\"og:locale\" content=\"es_ES\" \/>\n<meta property=\"og:type\" content=\"article\" \/>\n<meta property=\"og:title\" content=\"Sobrenomes espanh\u00f3is que come\u00e7am com letra A - Genealogia Ib\u00e9rica\" \/>\n<meta property=\"og:description\" content=\"Confira a lista de sobrenomes (apelidos) espanh\u00f3is que come\u00e7am com a letra A e seus poss\u00edveis significados\" \/>\n<meta property=\"og:url\" content=\"https:\/\/genealogiaiberica.com\/es\/sobrenomes-espanhois\/letra-a\/\" \/>\n<meta property=\"og:site_name\" content=\"Genealogia Ib\u00e9rica\" \/>\n<meta property=\"article:modified_time\" content=\"2024-05-30T11:48:06+00:00\" \/>\n<meta property=\"og:image\" content=\"https:\/\/genealogiaiberica.com\/wp-content\/uploads\/2024\/05\/livros-antigos.jpg\" \/>\n\t<meta property=\"og:image:width\" content=\"2000\" \/>\n\t<meta property=\"og:image:height\" content=\"1198\" \/>\n\t<meta property=\"og:image:type\" content=\"image\/jpeg\" \/>\n<meta name=\"twitter:card\" content=\"summary_large_image\" \/>\n<meta name=\"twitter:label1\" content=\"Tiempo de lectura\" \/>\n\t<meta name=\"twitter:data1\" content=\"1 minuto\" \/>\n<script type=\"application\/ld+json\" class=\"yoast-schema-graph\">{\"@context\":\"https:\/\/schema.org\",\"@graph\":[{\"@type\":\"WebPage\",\"@id\":\"https:\/\/genealogiaiberica.com\/sobrenomes-espanhois\/letra-a\/\",\"url\":\"https:\/\/genealogiaiberica.com\/sobrenomes-espanhois\/letra-a\/\",\"name\":\"Sobrenomes espanh\u00f3is que come\u00e7am com letra A - Genealogia Ib\u00e9rica\",\"isPartOf\":{\"@id\":\"https:\/\/genealogiaiberica.com\/#website\"},\"primaryImageOfPage\":{\"@id\":\"https:\/\/genealogiaiberica.com\/sobrenomes-espanhois\/letra-a\/#primaryimage\"},\"image\":{\"@id\":\"https:\/\/genealogiaiberica.com\/sobrenomes-espanhois\/letra-a\/#primaryimage\"},\"thumbnailUrl\":\"https:\/\/genealogiaiberica.com\/wp-content\/uploads\/2024\/05\/livros-antigos.jpg\",\"datePublished\":\"2024-05-30T09:05:45+00:00\",\"dateModified\":\"2024-05-30T11:48:06+00:00\",\"description\":\"Confira a lista de sobrenomes (apelidos) espanh\u00f3is que come\u00e7am com a letra A e seus poss\u00edveis significados\",\"breadcrumb\":{\"@id\":\"https:\/\/genealogiaiberica.com\/sobrenomes-espanhois\/letra-a\/#breadcrumb\"},\"inLanguage\":\"es\",\"potentialAction\":[{\"@type\":\"ReadAction\",\"target\":[\"https:\/\/genealogiaiberica.com\/sobrenomes-espanhois\/letra-a\/\"]}]},{\"@type\":\"ImageObject\",\"inLanguage\":\"es\",\"@id\":\"https:\/\/genealogiaiberica.com\/sobrenomes-espanhois\/letra-a\/#primaryimage\",\"url\":\"https:\/\/genealogiaiberica.com\/wp-content\/uploads\/2024\/05\/livros-antigos.jpg\",\"contentUrl\":\"https:\/\/genealogiaiberica.com\/wp-content\/uploads\/2024\/05\/livros-antigos.jpg\",\"width\":2000,\"height\":1198},{\"@type\":\"BreadcrumbList\",\"@id\":\"https:\/\/genealogiaiberica.com\/sobrenomes-espanhois\/letra-a\/#breadcrumb\",\"itemListElement\":[{\"@type\":\"ListItem\",\"position\":1,\"name\":\"In\u00edcio\",\"item\":\"https:\/\/genealogiaiberica.com\/\"},{\"@type\":\"ListItem\",\"position\":2,\"name\":\"Sobrenomes espanh\u00f3is\",\"item\":\"https:\/\/genealogiaiberica.com\/sobrenomes-espanhois\/\"},{\"@type\":\"ListItem\",\"position\":3,\"name\":\"Sobrenomes que come\u00e7am com letra A\"}]},{\"@type\":\"WebSite\",\"@id\":\"https:\/\/genealogiaiberica.com\/#website\",\"url\":\"https:\/\/genealogiaiberica.com\/\",\"name\":\"Genealogia Ib\u00e9rica\",\"description\":\"Espanha &amp; Portugal\",\"publisher\":{\"@id\":\"https:\/\/genealogiaiberica.com\/#organization\"},\"potentialAction\":[{\"@type\":\"SearchAction\",\"target\":{\"@type\":\"EntryPoint\",\"urlTemplate\":\"https:\/\/genealogiaiberica.com\/?s={search_term_string}\"},\"query-input\":{\"@type\":\"PropertyValueSpecification\",\"valueRequired\":true,\"valueName\":\"search_term_string\"}}],\"inLanguage\":\"es\"},{\"@type\":\"Organization\",\"@id\":\"https:\/\/genealogiaiberica.com\/#organization\",\"name\":\"Genealogia Ib\u00e9rica\",\"url\":\"https:\/\/genealogiaiberica.com\/\",\"logo\":{\"@type\":\"ImageObject\",\"inLanguage\":\"es\",\"@id\":\"https:\/\/genealogiaiberica.com\/#\/schema\/logo\/image\/\",\"url\":\"https:\/\/genealogiaiberica.com\/wp-content\/uploads\/2024\/05\/logo-genealogia.png\",\"contentUrl\":\"https:\/\/genealogiaiberica.com\/wp-content\/uploads\/2024\/05\/logo-genealogia.png\",\"width\":1854,\"height\":824,\"caption\":\"Genealogia Ib\u00e9rica\"},\"image\":{\"@id\":\"https:\/\/genealogiaiberica.com\/#\/schema\/logo\/image\/\"}}]}<\/script>\n<!-- \/ Yoast SEO plugin. -->","yoast_head_json":{"title":"Sobrenomes espanh\u00f3is que come\u00e7am com letra A - Genealogia Ib\u00e9rica","description":"Confira a lista de sobrenomes (apelidos) espanh\u00f3is que come\u00e7am com a letra A e seus poss\u00edveis significados","robots":{"index":"index","follow":"follow","max-snippet":"max-snippet:-1","max-image-preview":"max-image-preview:large","max-video-preview":"max-video-preview:-1"},"canonical":"https:\/\/genealogiaiberica.com\/es\/sobrenomes-espanhois\/letra-a\/","og_locale":"es_ES","og_type":"article","og_title":"Sobrenomes espanh\u00f3is que come\u00e7am com letra A - Genealogia Ib\u00e9rica","og_description":"Confira a lista de sobrenomes (apelidos) espanh\u00f3is que come\u00e7am com a letra A e seus poss\u00edveis significados","og_url":"https:\/\/genealogiaiberica.com\/es\/sobrenomes-espanhois\/letra-a\/","og_site_name":"Genealogia Ib\u00e9rica","article_modified_time":"2024-05-30T11:48:06+00:00","og_image":[{"width":2000,"height":1198,"url":"https:\/\/genealogiaiberica.com\/wp-content\/uploads\/2024\/05\/livros-antigos.jpg","type":"image\/jpeg"}],"twitter_card":"summary_large_image","twitter_misc":{"Tiempo de lectura":"1 minuto"},"schema":{"@context":"https:\/\/schema.org","@graph":[{"@type":"WebPage","@id":"https:\/\/genealogiaiberica.com\/sobrenomes-espanhois\/letra-a\/","url":"https:\/\/genealogiaiberica.com\/sobrenomes-espanhois\/letra-a\/","name":"Sobrenomes espanh\u00f3is que come\u00e7am com letra A - Genealogia Ib\u00e9rica","isPartOf":{"@id":"https:\/\/genealogiaiberica.com\/#website"},"primaryImageOfPage":{"@id":"https:\/\/genealogiaiberica.com\/sobrenomes-espanhois\/letra-a\/#primaryimage"},"image":{"@id":"https:\/\/genealogiaiberica.com\/sobrenomes-espanhois\/letra-a\/#primaryimage"},"thumbnailUrl":"https:\/\/genealogiaiberica.com\/wp-content\/uploads\/2024\/05\/livros-antigos.jpg","datePublished":"2024-05-30T09:05:45+00:00","dateModified":"2024-05-30T11:48:06+00:00","description":"Confira a lista de sobrenomes (apelidos) espanh\u00f3is que come\u00e7am com a letra A e seus poss\u00edveis significados","breadcrumb":{"@id":"https:\/\/genealogiaiberica.com\/sobrenomes-espanhois\/letra-a\/#breadcrumb"},"inLanguage":"es","potentialAction":[{"@type":"ReadAction","target":["https:\/\/genealogiaiberica.com\/sobrenomes-espanhois\/letra-a\/"]}]},{"@type":"ImageObject","inLanguage":"es","@id":"https:\/\/genealogiaiberica.com\/sobrenomes-espanhois\/letra-a\/#primaryimage","url":"https:\/\/genealogiaiberica.com\/wp-content\/uploads\/2024\/05\/livros-antigos.jpg","contentUrl":"https:\/\/genealogiaiberica.com\/wp-content\/uploads\/2024\/05\/livros-antigos.jpg","width":2000,"height":1198},{"@type":"BreadcrumbList","@id":"https:\/\/genealogiaiberica.com\/sobrenomes-espanhois\/letra-a\/#breadcrumb","itemListElement":[{"@type":"ListItem","position":1,"name":"In\u00edcio","item":"https:\/\/genealogiaiberica.com\/"},{"@type":"ListItem","position":2,"name":"Sobrenomes espanh\u00f3is","item":"https:\/\/genealogiaiberica.com\/sobrenomes-espanhois\/"},{"@type":"ListItem","position":3,"name":"Sobrenomes que come\u00e7am com letra A"}]},{"@type":"WebSite","@id":"https:\/\/genealogiaiberica.com\/#website","url":"https:\/\/genealogiaiberica.com\/","name":"Genealogia Ib\u00e9rica","description":"Espanha &amp; Portugal","publisher":{"@id":"https:\/\/genealogiaiberica.com\/#organization"},"potentialAction":[{"@type":"SearchAction","target":{"@type":"EntryPoint","urlTemplate":"https:\/\/genealogiaiberica.com\/?s={search_term_string}"},"query-input":{"@type":"PropertyValueSpecification","valueRequired":true,"valueName":"search_term_string"}}],"inLanguage":"es"},{"@type":"Organization","@id":"https:\/\/genealogiaiberica.com\/#organization","name":"Genealogia Ib\u00e9rica","url":"https:\/\/genealogiaiberica.com\/","logo":{"@type":"ImageObject","inLanguage":"es","@id":"https:\/\/genealogiaiberica.com\/#\/schema\/logo\/image\/","url":"https:\/\/genealogiaiberica.com\/wp-content\/uploads\/2024\/05\/logo-genealogia.png","contentUrl":"https:\/\/genealogiaiberica.com\/wp-content\/uploads\/2024\/05\/logo-genealogia.png","width":1854,"height":824,"caption":"Genealogia Ib\u00e9rica"},"image":{"@id":"https:\/\/genealogiaiberica.com\/#\/schema\/logo\/image\/"}}]}},"_links":{"self":[{"href":"https:\/\/genealogiaiberica.com\/es\/wp-json\/wp\/v2\/pages\/483","targetHints":{"allow":["GET"]}}],"collection":[{"href":"https:\/\/genealogiaiberica.com\/es\/wp-json\/wp\/v2\/pages"}],"about":[{"href":"https:\/\/genealogiaiberica.com\/es\/wp-json\/wp\/v2\/types\/page"}],"author":[{"embeddable":true,"href":"https:\/\/genealogiaiberica.com\/es\/wp-json\/wp\/v2\/users\/1"}],"replies":[{"embeddable":true,"href":"https:\/\/genealogiaiberica.com\/es\/wp-json\/wp\/v2\/comments?post=483"}],"version-history":[{"count":4,"href":"https:\/\/genealogiaiberica.com\/es\/wp-json\/wp\/v2\/pages\/483\/revisions"}],"predecessor-version":[{"id":585,"href":"https:\/\/genealogiaiberica.com\/es\/wp-json\/wp\/v2\/pages\/483\/revisions\/585"}],"up":[{"embeddable":true,"href":"https:\/\/genealogiaiberica.com\/es\/wp-json\/wp\/v2\/pages\/188"}],"wp:featuredmedia":[{"embeddable":true,"href":"https:\/\/genealogiaiberica.com\/es\/wp-json\/wp\/v2\/media\/512"}],"wp:attachment":[{"href":"https:\/\/genealogiaiberica.com\/es\/wp-json\/wp\/v2\/media?parent=483"}],"wp:term":[{"taxonomy":"folder","embeddable":true,"href":"https:\/\/genealogiaiberica.com\/es\/wp-json\/wp\/v2\/folder?post=483"}],"curies":[{"name":"wp","href":"https:\/\/api.w.org\/{rel}","templated":true}]}}