{"id":324,"date":"2024-05-28T13:02:43","date_gmt":"2024-05-28T13:02:43","guid":{"rendered":"https:\/\/genealogiaiberica.com\/?page_id=324"},"modified":"2024-06-24T10:58:28","modified_gmt":"2024-06-24T10:58:28","slug":"martinez","status":"publish","type":"page","link":"https:\/\/genealogiaiberica.com\/es\/sobrenomes-espanhois\/martinez\/","title":{"rendered":"Mart\u00ednez"},"content":{"rendered":"<p><strong>Significado:<\/strong> De origen patron\u00edmico, Mart\u00ednez deriva del nombre Mart\u00edn. Tambi\u00e9n puede ser un apellido topon\u00edmico, procedente de lugares como el municipio de Mart\u00ednez, en \u00c1vila.<\/p>\n\n\n\n<p><strong>Datos<\/strong><\/p>\n\n\n\n<p>N\u00famero de individuos con este apellido en Espa\u00f1a:<\/p>\n\n\n\n<ul class=\"wp-block-list\">\n<li>829.784 personas (primer apellido)<\/li>\n\n\n\n<li>836.779 personas (segundo apellido)<\/li>\n\n\n\n<li>37.114 personas (ambos apellidos)<\/li>\n<\/ul>\n\n\n\n<p>Mayor frecuencia en las provincias de:<\/p>\n\n\n\n<ul class=\"wp-block-list\">\n<li>Madrid: 210.003<\/li>\n\n\n\n<li>Barcelona: 191.746<\/li>\n\n\n\n<li>Murcia: 166.711<\/li>\n\n\n\n<li>Valencia: 141.192<\/li>\n\n\n\n<li>Alicante: 111.316<\/li>\n<\/ul>\n\n\n\n<p class=\"has-extra-small-font-size\">Fuente: INE. Acceso: mayo\/2024.<\/p>","protected":false},"excerpt":{"rendered":"<p>Significado: De origem patron\u00edmica, Mart\u00ednez deriva do nome Mart\u00edn. Tamb\u00e9m pode ser um sobrenome topon\u00edmico, procedendo de lugares como o munic\u00edpio de Mart\u00ednez, em \u00c1vila. Dados N\u00famero de indiv\u00edduos com este sobrenome na Espanha: Maior frequ\u00eancia nas prov\u00edncias de: Fonte: INE. Acesso: maio\/2024.<\/p>","protected":false},"author":1,"featured_media":881,"parent":188,"menu_order":0,"comment_status":"closed","ping_status":"closed","template":"","meta":{"_acf_changed":false,"footnotes":""},"folder":[74],"class_list":["post-324","page","type-page","status-publish","has-post-thumbnail","hentry"],"acf":[],"yoast_head":"<!-- This site is optimized with the Yoast SEO plugin v27.2 - https:\/\/yoast.com\/product\/yoast-seo-wordpress\/ -->\n<title>Mart\u00ednez: origem e significado - Genealogia Ib\u00e9rica<\/title>\n<meta name=\"description\" content=\"Hist\u00f3ria, curiosidades, variantes e incid\u00eancia dos sobrenomes espanh\u00f3is. Conhe\u00e7a o significado e a origem de Mart\u00ednez.\" \/>\n<meta name=\"robots\" content=\"index, follow, max-snippet:-1, max-image-preview:large, max-video-preview:-1\" \/>\n<link rel=\"canonical\" href=\"https:\/\/genealogiaiberica.com\/es\/sobrenomes-espanhois\/martinez\/\" \/>\n<meta property=\"og:locale\" content=\"es_ES\" \/>\n<meta property=\"og:type\" content=\"article\" \/>\n<meta property=\"og:title\" content=\"Mart\u00ednez: origem e significado - Genealogia Ib\u00e9rica\" \/>\n<meta property=\"og:description\" content=\"Hist\u00f3ria, curiosidades, variantes e incid\u00eancia dos sobrenomes espanh\u00f3is. Conhe\u00e7a o significado e a origem de Mart\u00ednez.\" \/>\n<meta property=\"og:url\" content=\"https:\/\/genealogiaiberica.com\/es\/sobrenomes-espanhois\/martinez\/\" \/>\n<meta property=\"og:site_name\" content=\"Genealogia Ib\u00e9rica\" \/>\n<meta property=\"article:modified_time\" content=\"2024-06-24T10:58:28+00:00\" \/>\n<meta property=\"og:image\" content=\"https:\/\/genealogiaiberica.com\/wp-content\/uploads\/2024\/06\/montserrat-espana.jpg\" \/>\n\t<meta property=\"og:image:width\" content=\"1700\" \/>\n\t<meta property=\"og:image:height\" content=\"718\" \/>\n\t<meta property=\"og:image:type\" content=\"image\/jpeg\" \/>\n<meta name=\"twitter:card\" content=\"summary_large_image\" \/>\n<meta name=\"twitter:label1\" content=\"Tiempo de lectura\" \/>\n\t<meta name=\"twitter:data1\" content=\"1 minuto\" \/>\n<script type=\"application\/ld+json\" class=\"yoast-schema-graph\">{\"@context\":\"https:\/\/schema.org\",\"@graph\":[{\"@type\":\"WebPage\",\"@id\":\"https:\/\/genealogiaiberica.com\/sobrenomes-espanhois\/martinez\/\",\"url\":\"https:\/\/genealogiaiberica.com\/sobrenomes-espanhois\/martinez\/\",\"name\":\"Mart\u00ednez: origem e significado - Genealogia Ib\u00e9rica\",\"isPartOf\":{\"@id\":\"https:\/\/genealogiaiberica.com\/#website\"},\"primaryImageOfPage\":{\"@id\":\"https:\/\/genealogiaiberica.com\/sobrenomes-espanhois\/martinez\/#primaryimage\"},\"image\":{\"@id\":\"https:\/\/genealogiaiberica.com\/sobrenomes-espanhois\/martinez\/#primaryimage\"},\"thumbnailUrl\":\"https:\/\/genealogiaiberica.com\/wp-content\/uploads\/2024\/06\/montserrat-espana.jpg\",\"datePublished\":\"2024-05-28T13:02:43+00:00\",\"dateModified\":\"2024-06-24T10:58:28+00:00\",\"description\":\"Hist\u00f3ria, curiosidades, variantes e incid\u00eancia dos sobrenomes espanh\u00f3is. Conhe\u00e7a o significado e a origem de Mart\u00ednez.\",\"breadcrumb\":{\"@id\":\"https:\/\/genealogiaiberica.com\/sobrenomes-espanhois\/martinez\/#breadcrumb\"},\"inLanguage\":\"es\",\"potentialAction\":[{\"@type\":\"ReadAction\",\"target\":[\"https:\/\/genealogiaiberica.com\/sobrenomes-espanhois\/martinez\/\"]}]},{\"@type\":\"ImageObject\",\"inLanguage\":\"es\",\"@id\":\"https:\/\/genealogiaiberica.com\/sobrenomes-espanhois\/martinez\/#primaryimage\",\"url\":\"https:\/\/genealogiaiberica.com\/wp-content\/uploads\/2024\/06\/montserrat-espana.jpg\",\"contentUrl\":\"https:\/\/genealogiaiberica.com\/wp-content\/uploads\/2024\/06\/montserrat-espana.jpg\",\"width\":1700,\"height\":718},{\"@type\":\"BreadcrumbList\",\"@id\":\"https:\/\/genealogiaiberica.com\/sobrenomes-espanhois\/martinez\/#breadcrumb\",\"itemListElement\":[{\"@type\":\"ListItem\",\"position\":1,\"name\":\"In\u00edcio\",\"item\":\"https:\/\/genealogiaiberica.com\/\"},{\"@type\":\"ListItem\",\"position\":2,\"name\":\"Sobrenomes espanh\u00f3is\",\"item\":\"https:\/\/genealogiaiberica.com\/sobrenomes-espanhois\/\"},{\"@type\":\"ListItem\",\"position\":3,\"name\":\"Mart\u00ednez\"}]},{\"@type\":\"WebSite\",\"@id\":\"https:\/\/genealogiaiberica.com\/#website\",\"url\":\"https:\/\/genealogiaiberica.com\/\",\"name\":\"Genealogia Ib\u00e9rica\",\"description\":\"Espanha &amp; Portugal\",\"publisher\":{\"@id\":\"https:\/\/genealogiaiberica.com\/#organization\"},\"potentialAction\":[{\"@type\":\"SearchAction\",\"target\":{\"@type\":\"EntryPoint\",\"urlTemplate\":\"https:\/\/genealogiaiberica.com\/?s={search_term_string}\"},\"query-input\":{\"@type\":\"PropertyValueSpecification\",\"valueRequired\":true,\"valueName\":\"search_term_string\"}}],\"inLanguage\":\"es\"},{\"@type\":\"Organization\",\"@id\":\"https:\/\/genealogiaiberica.com\/#organization\",\"name\":\"Genealogia Ib\u00e9rica\",\"url\":\"https:\/\/genealogiaiberica.com\/\",\"logo\":{\"@type\":\"ImageObject\",\"inLanguage\":\"es\",\"@id\":\"https:\/\/genealogiaiberica.com\/#\/schema\/logo\/image\/\",\"url\":\"https:\/\/genealogiaiberica.com\/wp-content\/uploads\/2024\/05\/logo-genealogia.png\",\"contentUrl\":\"https:\/\/genealogiaiberica.com\/wp-content\/uploads\/2024\/05\/logo-genealogia.png\",\"width\":1854,\"height\":824,\"caption\":\"Genealogia Ib\u00e9rica\"},\"image\":{\"@id\":\"https:\/\/genealogiaiberica.com\/#\/schema\/logo\/image\/\"}}]}<\/script>\n<!-- \/ Yoast SEO plugin. -->","yoast_head_json":{"title":"Mart\u00ednez: origem e significado - Genealogia Ib\u00e9rica","description":"Hist\u00f3ria, curiosidades, variantes e incid\u00eancia dos sobrenomes espanh\u00f3is. Conhe\u00e7a o significado e a origem de Mart\u00ednez.","robots":{"index":"index","follow":"follow","max-snippet":"max-snippet:-1","max-image-preview":"max-image-preview:large","max-video-preview":"max-video-preview:-1"},"canonical":"https:\/\/genealogiaiberica.com\/es\/sobrenomes-espanhois\/martinez\/","og_locale":"es_ES","og_type":"article","og_title":"Mart\u00ednez: origem e significado - Genealogia Ib\u00e9rica","og_description":"Hist\u00f3ria, curiosidades, variantes e incid\u00eancia dos sobrenomes espanh\u00f3is. Conhe\u00e7a o significado e a origem de Mart\u00ednez.","og_url":"https:\/\/genealogiaiberica.com\/es\/sobrenomes-espanhois\/martinez\/","og_site_name":"Genealogia Ib\u00e9rica","article_modified_time":"2024-06-24T10:58:28+00:00","og_image":[{"width":1700,"height":718,"url":"https:\/\/genealogiaiberica.com\/wp-content\/uploads\/2024\/06\/montserrat-espana.jpg","type":"image\/jpeg"}],"twitter_card":"summary_large_image","twitter_misc":{"Tiempo de lectura":"1 minuto"},"schema":{"@context":"https:\/\/schema.org","@graph":[{"@type":"WebPage","@id":"https:\/\/genealogiaiberica.com\/sobrenomes-espanhois\/martinez\/","url":"https:\/\/genealogiaiberica.com\/sobrenomes-espanhois\/martinez\/","name":"Mart\u00ednez: origem e significado - Genealogia Ib\u00e9rica","isPartOf":{"@id":"https:\/\/genealogiaiberica.com\/#website"},"primaryImageOfPage":{"@id":"https:\/\/genealogiaiberica.com\/sobrenomes-espanhois\/martinez\/#primaryimage"},"image":{"@id":"https:\/\/genealogiaiberica.com\/sobrenomes-espanhois\/martinez\/#primaryimage"},"thumbnailUrl":"https:\/\/genealogiaiberica.com\/wp-content\/uploads\/2024\/06\/montserrat-espana.jpg","datePublished":"2024-05-28T13:02:43+00:00","dateModified":"2024-06-24T10:58:28+00:00","description":"Hist\u00f3ria, curiosidades, variantes e incid\u00eancia dos sobrenomes espanh\u00f3is. Conhe\u00e7a o significado e a origem de Mart\u00ednez.","breadcrumb":{"@id":"https:\/\/genealogiaiberica.com\/sobrenomes-espanhois\/martinez\/#breadcrumb"},"inLanguage":"es","potentialAction":[{"@type":"ReadAction","target":["https:\/\/genealogiaiberica.com\/sobrenomes-espanhois\/martinez\/"]}]},{"@type":"ImageObject","inLanguage":"es","@id":"https:\/\/genealogiaiberica.com\/sobrenomes-espanhois\/martinez\/#primaryimage","url":"https:\/\/genealogiaiberica.com\/wp-content\/uploads\/2024\/06\/montserrat-espana.jpg","contentUrl":"https:\/\/genealogiaiberica.com\/wp-content\/uploads\/2024\/06\/montserrat-espana.jpg","width":1700,"height":718},{"@type":"BreadcrumbList","@id":"https:\/\/genealogiaiberica.com\/sobrenomes-espanhois\/martinez\/#breadcrumb","itemListElement":[{"@type":"ListItem","position":1,"name":"In\u00edcio","item":"https:\/\/genealogiaiberica.com\/"},{"@type":"ListItem","position":2,"name":"Sobrenomes espanh\u00f3is","item":"https:\/\/genealogiaiberica.com\/sobrenomes-espanhois\/"},{"@type":"ListItem","position":3,"name":"Mart\u00ednez"}]},{"@type":"WebSite","@id":"https:\/\/genealogiaiberica.com\/#website","url":"https:\/\/genealogiaiberica.com\/","name":"Genealogia Ib\u00e9rica","description":"Espanha &amp; Portugal","publisher":{"@id":"https:\/\/genealogiaiberica.com\/#organization"},"potentialAction":[{"@type":"SearchAction","target":{"@type":"EntryPoint","urlTemplate":"https:\/\/genealogiaiberica.com\/?s={search_term_string}"},"query-input":{"@type":"PropertyValueSpecification","valueRequired":true,"valueName":"search_term_string"}}],"inLanguage":"es"},{"@type":"Organization","@id":"https:\/\/genealogiaiberica.com\/#organization","name":"Genealogia Ib\u00e9rica","url":"https:\/\/genealogiaiberica.com\/","logo":{"@type":"ImageObject","inLanguage":"es","@id":"https:\/\/genealogiaiberica.com\/#\/schema\/logo\/image\/","url":"https:\/\/genealogiaiberica.com\/wp-content\/uploads\/2024\/05\/logo-genealogia.png","contentUrl":"https:\/\/genealogiaiberica.com\/wp-content\/uploads\/2024\/05\/logo-genealogia.png","width":1854,"height":824,"caption":"Genealogia Ib\u00e9rica"},"image":{"@id":"https:\/\/genealogiaiberica.com\/#\/schema\/logo\/image\/"}}]}},"_links":{"self":[{"href":"https:\/\/genealogiaiberica.com\/es\/wp-json\/wp\/v2\/pages\/324","targetHints":{"allow":["GET"]}}],"collection":[{"href":"https:\/\/genealogiaiberica.com\/es\/wp-json\/wp\/v2\/pages"}],"about":[{"href":"https:\/\/genealogiaiberica.com\/es\/wp-json\/wp\/v2\/types\/page"}],"author":[{"embeddable":true,"href":"https:\/\/genealogiaiberica.com\/es\/wp-json\/wp\/v2\/users\/1"}],"replies":[{"embeddable":true,"href":"https:\/\/genealogiaiberica.com\/es\/wp-json\/wp\/v2\/comments?post=324"}],"version-history":[{"count":1,"href":"https:\/\/genealogiaiberica.com\/es\/wp-json\/wp\/v2\/pages\/324\/revisions"}],"predecessor-version":[{"id":424,"href":"https:\/\/genealogiaiberica.com\/es\/wp-json\/wp\/v2\/pages\/324\/revisions\/424"}],"up":[{"embeddable":true,"href":"https:\/\/genealogiaiberica.com\/es\/wp-json\/wp\/v2\/pages\/188"}],"wp:featuredmedia":[{"embeddable":true,"href":"https:\/\/genealogiaiberica.com\/es\/wp-json\/wp\/v2\/media\/881"}],"wp:attachment":[{"href":"https:\/\/genealogiaiberica.com\/es\/wp-json\/wp\/v2\/media?parent=324"}],"wp:term":[{"taxonomy":"folder","embeddable":true,"href":"https:\/\/genealogiaiberica.com\/es\/wp-json\/wp\/v2\/folder?post=324"}],"curies":[{"name":"wp","href":"https:\/\/api.w.org\/{rel}","templated":true}]}}