{"id":261,"date":"2024-05-22T20:47:51","date_gmt":"2024-05-22T20:47:51","guid":{"rendered":"https:\/\/genealogiaiberica.com\/?page_id=261"},"modified":"2024-06-24T10:55:50","modified_gmt":"2024-06-24T10:55:50","slug":"lorenzo","status":"publish","type":"page","link":"https:\/\/genealogiaiberica.com\/es\/sobrenomes-espanhois\/lorenzo\/","title":{"rendered":"Lorenzo"},"content":{"rendered":"<p><strong>Significado:<\/strong> Apellido patron\u00edmico derivado del nombre Lorenzo, que proviene del gentilicio Laurentius, y este significa \u201cprocedente de Laurentum\u201d, una ciudad romana. Tambi\u00e9n tiene origen topon\u00edmico, pudiendo estar relacionado con numerosas localidades, como Val de Lorenzo (en Le\u00f3n), San Lorenzo de Hort\u00f3ns (en Barcelona) y San Lorenzo de El Escorial (en Madrid).<\/p>\n\n\n\n<p><strong>Datos<\/strong><\/p>\n\n\n\n<p>N\u00famero de individuos con este apellido en Espa\u00f1a:<\/p>\n\n\n\n<ul class=\"wp-block-list\">\n<li>55.572 personas (primer apellido)<\/li>\n\n\n\n<li>55.649 personas (segundo apellido)<\/li>\n\n\n\n<li>914 personas (ambos apellidos)<\/li>\n<\/ul>\n\n\n\n<p>Mayor frecuencia en las provincias de:<\/p>\n\n\n\n<ul class=\"wp-block-list\">\n<li>Madrid: 13863<\/li>\n\n\n\n<li>A Coru\u00f1a: 7829<\/li>\n\n\n\n<li>Barcelona: 6528<\/li>\n\n\n\n<li>Alicante: 3173<\/li>\n<\/ul>\n\n\n\n<p class=\"has-extra-small-font-size\">Fuente: INE. Acceso: mayo\/2024.<\/p>","protected":false},"excerpt":{"rendered":"<p>Significado: Sobrenome patron\u00edmico derivado do prenome Lorenzo, que prov\u00e9m do gent\u00edlico Laurentius, e este significa &#8220;procedente de Laurentum&#8221;, uma cidade romana. Tamb\u00e9m possui uma origem topon\u00edmica, podendo estar relacionado com in\u00fameras localidades, como Val de Lorenzo (em Le\u00f3n), San Lorenzo de Hort\u00f3ns (em Barcelona) e San Lorenzo de El Escorial (em Madrid). Dados N\u00famero de indiv\u00edduos com este sobrenome na Espanha: Maior frequ\u00eancia nas prov\u00edncias de: Fonte: INE. Acesso: maio\/2024.<\/p>","protected":false},"author":1,"featured_media":881,"parent":188,"menu_order":0,"comment_status":"closed","ping_status":"closed","template":"","meta":{"_acf_changed":false,"footnotes":""},"folder":[74],"class_list":["post-261","page","type-page","status-publish","has-post-thumbnail","hentry"],"acf":[],"yoast_head":"<!-- This site is optimized with the Yoast SEO plugin v27.2 - https:\/\/yoast.com\/product\/yoast-seo-wordpress\/ -->\n<title>Lorenzo: origem e significado - Genealogia Ib\u00e9rica<\/title>\n<meta name=\"description\" content=\"Hist\u00f3ria, curiosidades, variantes e incid\u00eancia dos sobrenomes espanh\u00f3is. Conhe\u00e7a o significado e a origem de Lorenzo.\" \/>\n<meta name=\"robots\" content=\"index, follow, max-snippet:-1, max-image-preview:large, max-video-preview:-1\" \/>\n<link rel=\"canonical\" href=\"https:\/\/genealogiaiberica.com\/es\/sobrenomes-espanhois\/lorenzo\/\" \/>\n<meta property=\"og:locale\" content=\"es_ES\" \/>\n<meta property=\"og:type\" content=\"article\" \/>\n<meta property=\"og:title\" content=\"Lorenzo: origem e significado - Genealogia Ib\u00e9rica\" \/>\n<meta property=\"og:description\" content=\"Hist\u00f3ria, curiosidades, variantes e incid\u00eancia dos sobrenomes espanh\u00f3is. Conhe\u00e7a o significado e a origem de Lorenzo.\" \/>\n<meta property=\"og:url\" content=\"https:\/\/genealogiaiberica.com\/es\/sobrenomes-espanhois\/lorenzo\/\" \/>\n<meta property=\"og:site_name\" content=\"Genealogia Ib\u00e9rica\" \/>\n<meta property=\"article:modified_time\" content=\"2024-06-24T10:55:50+00:00\" \/>\n<meta property=\"og:image\" content=\"https:\/\/genealogiaiberica.com\/wp-content\/uploads\/2024\/06\/montserrat-espana.jpg\" \/>\n\t<meta property=\"og:image:width\" content=\"1700\" \/>\n\t<meta property=\"og:image:height\" content=\"718\" \/>\n\t<meta property=\"og:image:type\" content=\"image\/jpeg\" \/>\n<meta name=\"twitter:card\" content=\"summary_large_image\" \/>\n<meta name=\"twitter:label1\" content=\"Tiempo de lectura\" \/>\n\t<meta name=\"twitter:data1\" content=\"1 minuto\" \/>\n<script type=\"application\/ld+json\" class=\"yoast-schema-graph\">{\"@context\":\"https:\/\/schema.org\",\"@graph\":[{\"@type\":\"WebPage\",\"@id\":\"https:\/\/genealogiaiberica.com\/sobrenomes-espanhois\/lorenzo\/\",\"url\":\"https:\/\/genealogiaiberica.com\/sobrenomes-espanhois\/lorenzo\/\",\"name\":\"Lorenzo: origem e significado - Genealogia Ib\u00e9rica\",\"isPartOf\":{\"@id\":\"https:\/\/genealogiaiberica.com\/#website\"},\"primaryImageOfPage\":{\"@id\":\"https:\/\/genealogiaiberica.com\/sobrenomes-espanhois\/lorenzo\/#primaryimage\"},\"image\":{\"@id\":\"https:\/\/genealogiaiberica.com\/sobrenomes-espanhois\/lorenzo\/#primaryimage\"},\"thumbnailUrl\":\"https:\/\/genealogiaiberica.com\/wp-content\/uploads\/2024\/06\/montserrat-espana.jpg\",\"datePublished\":\"2024-05-22T20:47:51+00:00\",\"dateModified\":\"2024-06-24T10:55:50+00:00\",\"description\":\"Hist\u00f3ria, curiosidades, variantes e incid\u00eancia dos sobrenomes espanh\u00f3is. Conhe\u00e7a o significado e a origem de Lorenzo.\",\"breadcrumb\":{\"@id\":\"https:\/\/genealogiaiberica.com\/sobrenomes-espanhois\/lorenzo\/#breadcrumb\"},\"inLanguage\":\"es\",\"potentialAction\":[{\"@type\":\"ReadAction\",\"target\":[\"https:\/\/genealogiaiberica.com\/sobrenomes-espanhois\/lorenzo\/\"]}]},{\"@type\":\"ImageObject\",\"inLanguage\":\"es\",\"@id\":\"https:\/\/genealogiaiberica.com\/sobrenomes-espanhois\/lorenzo\/#primaryimage\",\"url\":\"https:\/\/genealogiaiberica.com\/wp-content\/uploads\/2024\/06\/montserrat-espana.jpg\",\"contentUrl\":\"https:\/\/genealogiaiberica.com\/wp-content\/uploads\/2024\/06\/montserrat-espana.jpg\",\"width\":1700,\"height\":718},{\"@type\":\"BreadcrumbList\",\"@id\":\"https:\/\/genealogiaiberica.com\/sobrenomes-espanhois\/lorenzo\/#breadcrumb\",\"itemListElement\":[{\"@type\":\"ListItem\",\"position\":1,\"name\":\"In\u00edcio\",\"item\":\"https:\/\/genealogiaiberica.com\/\"},{\"@type\":\"ListItem\",\"position\":2,\"name\":\"Sobrenomes espanh\u00f3is\",\"item\":\"https:\/\/genealogiaiberica.com\/sobrenomes-espanhois\/\"},{\"@type\":\"ListItem\",\"position\":3,\"name\":\"Lorenzo\"}]},{\"@type\":\"WebSite\",\"@id\":\"https:\/\/genealogiaiberica.com\/#website\",\"url\":\"https:\/\/genealogiaiberica.com\/\",\"name\":\"Genealogia Ib\u00e9rica\",\"description\":\"Espanha &amp; Portugal\",\"publisher\":{\"@id\":\"https:\/\/genealogiaiberica.com\/#organization\"},\"potentialAction\":[{\"@type\":\"SearchAction\",\"target\":{\"@type\":\"EntryPoint\",\"urlTemplate\":\"https:\/\/genealogiaiberica.com\/?s={search_term_string}\"},\"query-input\":{\"@type\":\"PropertyValueSpecification\",\"valueRequired\":true,\"valueName\":\"search_term_string\"}}],\"inLanguage\":\"es\"},{\"@type\":\"Organization\",\"@id\":\"https:\/\/genealogiaiberica.com\/#organization\",\"name\":\"Genealogia Ib\u00e9rica\",\"url\":\"https:\/\/genealogiaiberica.com\/\",\"logo\":{\"@type\":\"ImageObject\",\"inLanguage\":\"es\",\"@id\":\"https:\/\/genealogiaiberica.com\/#\/schema\/logo\/image\/\",\"url\":\"https:\/\/genealogiaiberica.com\/wp-content\/uploads\/2024\/05\/logo-genealogia.png\",\"contentUrl\":\"https:\/\/genealogiaiberica.com\/wp-content\/uploads\/2024\/05\/logo-genealogia.png\",\"width\":1854,\"height\":824,\"caption\":\"Genealogia Ib\u00e9rica\"},\"image\":{\"@id\":\"https:\/\/genealogiaiberica.com\/#\/schema\/logo\/image\/\"}}]}<\/script>\n<!-- \/ Yoast SEO plugin. -->","yoast_head_json":{"title":"Lorenzo: origem e significado - Genealogia Ib\u00e9rica","description":"Hist\u00f3ria, curiosidades, variantes e incid\u00eancia dos sobrenomes espanh\u00f3is. Conhe\u00e7a o significado e a origem de Lorenzo.","robots":{"index":"index","follow":"follow","max-snippet":"max-snippet:-1","max-image-preview":"max-image-preview:large","max-video-preview":"max-video-preview:-1"},"canonical":"https:\/\/genealogiaiberica.com\/es\/sobrenomes-espanhois\/lorenzo\/","og_locale":"es_ES","og_type":"article","og_title":"Lorenzo: origem e significado - Genealogia Ib\u00e9rica","og_description":"Hist\u00f3ria, curiosidades, variantes e incid\u00eancia dos sobrenomes espanh\u00f3is. Conhe\u00e7a o significado e a origem de Lorenzo.","og_url":"https:\/\/genealogiaiberica.com\/es\/sobrenomes-espanhois\/lorenzo\/","og_site_name":"Genealogia Ib\u00e9rica","article_modified_time":"2024-06-24T10:55:50+00:00","og_image":[{"width":1700,"height":718,"url":"https:\/\/genealogiaiberica.com\/wp-content\/uploads\/2024\/06\/montserrat-espana.jpg","type":"image\/jpeg"}],"twitter_card":"summary_large_image","twitter_misc":{"Tiempo de lectura":"1 minuto"},"schema":{"@context":"https:\/\/schema.org","@graph":[{"@type":"WebPage","@id":"https:\/\/genealogiaiberica.com\/sobrenomes-espanhois\/lorenzo\/","url":"https:\/\/genealogiaiberica.com\/sobrenomes-espanhois\/lorenzo\/","name":"Lorenzo: origem e significado - Genealogia Ib\u00e9rica","isPartOf":{"@id":"https:\/\/genealogiaiberica.com\/#website"},"primaryImageOfPage":{"@id":"https:\/\/genealogiaiberica.com\/sobrenomes-espanhois\/lorenzo\/#primaryimage"},"image":{"@id":"https:\/\/genealogiaiberica.com\/sobrenomes-espanhois\/lorenzo\/#primaryimage"},"thumbnailUrl":"https:\/\/genealogiaiberica.com\/wp-content\/uploads\/2024\/06\/montserrat-espana.jpg","datePublished":"2024-05-22T20:47:51+00:00","dateModified":"2024-06-24T10:55:50+00:00","description":"Hist\u00f3ria, curiosidades, variantes e incid\u00eancia dos sobrenomes espanh\u00f3is. Conhe\u00e7a o significado e a origem de Lorenzo.","breadcrumb":{"@id":"https:\/\/genealogiaiberica.com\/sobrenomes-espanhois\/lorenzo\/#breadcrumb"},"inLanguage":"es","potentialAction":[{"@type":"ReadAction","target":["https:\/\/genealogiaiberica.com\/sobrenomes-espanhois\/lorenzo\/"]}]},{"@type":"ImageObject","inLanguage":"es","@id":"https:\/\/genealogiaiberica.com\/sobrenomes-espanhois\/lorenzo\/#primaryimage","url":"https:\/\/genealogiaiberica.com\/wp-content\/uploads\/2024\/06\/montserrat-espana.jpg","contentUrl":"https:\/\/genealogiaiberica.com\/wp-content\/uploads\/2024\/06\/montserrat-espana.jpg","width":1700,"height":718},{"@type":"BreadcrumbList","@id":"https:\/\/genealogiaiberica.com\/sobrenomes-espanhois\/lorenzo\/#breadcrumb","itemListElement":[{"@type":"ListItem","position":1,"name":"In\u00edcio","item":"https:\/\/genealogiaiberica.com\/"},{"@type":"ListItem","position":2,"name":"Sobrenomes espanh\u00f3is","item":"https:\/\/genealogiaiberica.com\/sobrenomes-espanhois\/"},{"@type":"ListItem","position":3,"name":"Lorenzo"}]},{"@type":"WebSite","@id":"https:\/\/genealogiaiberica.com\/#website","url":"https:\/\/genealogiaiberica.com\/","name":"Genealogia Ib\u00e9rica","description":"Espanha &amp; Portugal","publisher":{"@id":"https:\/\/genealogiaiberica.com\/#organization"},"potentialAction":[{"@type":"SearchAction","target":{"@type":"EntryPoint","urlTemplate":"https:\/\/genealogiaiberica.com\/?s={search_term_string}"},"query-input":{"@type":"PropertyValueSpecification","valueRequired":true,"valueName":"search_term_string"}}],"inLanguage":"es"},{"@type":"Organization","@id":"https:\/\/genealogiaiberica.com\/#organization","name":"Genealogia Ib\u00e9rica","url":"https:\/\/genealogiaiberica.com\/","logo":{"@type":"ImageObject","inLanguage":"es","@id":"https:\/\/genealogiaiberica.com\/#\/schema\/logo\/image\/","url":"https:\/\/genealogiaiberica.com\/wp-content\/uploads\/2024\/05\/logo-genealogia.png","contentUrl":"https:\/\/genealogiaiberica.com\/wp-content\/uploads\/2024\/05\/logo-genealogia.png","width":1854,"height":824,"caption":"Genealogia Ib\u00e9rica"},"image":{"@id":"https:\/\/genealogiaiberica.com\/#\/schema\/logo\/image\/"}}]}},"_links":{"self":[{"href":"https:\/\/genealogiaiberica.com\/es\/wp-json\/wp\/v2\/pages\/261","targetHints":{"allow":["GET"]}}],"collection":[{"href":"https:\/\/genealogiaiberica.com\/es\/wp-json\/wp\/v2\/pages"}],"about":[{"href":"https:\/\/genealogiaiberica.com\/es\/wp-json\/wp\/v2\/types\/page"}],"author":[{"embeddable":true,"href":"https:\/\/genealogiaiberica.com\/es\/wp-json\/wp\/v2\/users\/1"}],"replies":[{"embeddable":true,"href":"https:\/\/genealogiaiberica.com\/es\/wp-json\/wp\/v2\/comments?post=261"}],"version-history":[{"count":3,"href":"https:\/\/genealogiaiberica.com\/es\/wp-json\/wp\/v2\/pages\/261\/revisions"}],"predecessor-version":[{"id":273,"href":"https:\/\/genealogiaiberica.com\/es\/wp-json\/wp\/v2\/pages\/261\/revisions\/273"}],"up":[{"embeddable":true,"href":"https:\/\/genealogiaiberica.com\/es\/wp-json\/wp\/v2\/pages\/188"}],"wp:featuredmedia":[{"embeddable":true,"href":"https:\/\/genealogiaiberica.com\/es\/wp-json\/wp\/v2\/media\/881"}],"wp:attachment":[{"href":"https:\/\/genealogiaiberica.com\/es\/wp-json\/wp\/v2\/media?parent=261"}],"wp:term":[{"taxonomy":"folder","embeddable":true,"href":"https:\/\/genealogiaiberica.com\/es\/wp-json\/wp\/v2\/folder?post=261"}],"curies":[{"name":"wp","href":"https:\/\/api.w.org\/{rel}","templated":true}]}}