{"id":220,"date":"2024-05-22T16:47:42","date_gmt":"2024-05-22T16:47:42","guid":{"rendered":"https:\/\/genealogiaiberica.com\/?page_id=220"},"modified":"2026-02-23T11:35:36","modified_gmt":"2026-02-23T11:35:36","slug":"agenda-eventos-e-cursos","status":"publish","type":"page","link":"https:\/\/genealogiaiberica.com\/es\/agenda-eventos-e-cursos\/","title":{"rendered":"Agenda - Eventos y Cursos 2026"},"content":{"rendered":"<p style=\"font-size:20px\">A continuaci\u00f3n, encontrar\u00e1s una lista de eventos y cursos que se llevar\u00e1n a cabo en 2026 relacionados con genealog\u00eda, paleograf\u00eda, historia y arqueolog\u00eda que involucren los pa\u00edses ib\u00e9ricos.<\/p>\n\n\n\n<table id=\"tablepress-2\" class=\"tablepress tablepress-id-2\">\n<thead>\n<tr class=\"row-1\">\n\t<th class=\"column-1\">Fecha<\/th><th class=\"column-2\">Evento<\/th><th class=\"column-3\">Idioma<\/th><th class=\"column-4\">Tema<\/th><th class=\"column-5\">Local<\/th><th class=\"column-6\">Pre\u00e7o<\/th><th class=\"column-7\">Mais informa\u00e7\u00f5es<\/th>\n<\/tr>\n<\/thead>\n<tbody class=\"row-striping row-hover\">\n<tr class=\"row-2\">\n\t<td class=\"column-1\">25\/02\/2026<\/td><td class=\"column-2\">Charla<\/td><td class=\"column-3\">Espa\u00f1ol<\/td><td class=\"column-4\"><strong>Coincidencias improbables, o cuando una cosa lleva a otra: el caso de Joris Hoefnagel<\/strong>, por Magnolia Houvenaghel<\/td><td class=\"column-5\">Online, 22h00 (Madrid)<\/td><td class=\"column-6\">Gratis<\/td><td class=\"column-7 translation-block\">M\u00e1s informaci\u00f3n en <a href=\"https:\/\/www.sociedadgenealogia.com\/actividades\/charlas-2024\" rel=\"noopener\" target=\"_blank\">SIGEH<\/a>.<\/td>\n<\/tr>\n<tr class=\"row-3\">\n\t<td class=\"column-1\">05, 06, 07\/03\/2026<\/td><td class=\"column-2\">Evento<\/td><td class=\"column-3\">Varios<\/td><td class=\"column-4\"><strong>Rootstech 2026<\/strong><\/td><td class=\"column-5\">Online<\/td><td class=\"column-6\">Gratis<\/td><td class=\"column-7\">M\u00e1s informaci\u00f3n en <a href=\"https:\/\/www.familysearch.org\/pt\/rootstech\/\" rel=\"noopener\" target=\"_blank\">SIGEH<\/a> Rootstech.<\/td>\n<\/tr>\n<tr class=\"row-4\">\n\t<td class=\"column-1\">9, 13, 16, 20\/03\/2026 &#8211; 10, 13, 17, 20\/04\/2026<\/td><td class=\"column-2\">Curso<\/td><td class=\"column-3\">Espa\u00f1ol<\/td><td class=\"column-4\"><strong>Paleograf\u00eda de lectura<\/strong><\/td><td class=\"column-5\">Online, 20h00 (Madrid)<\/td><td class=\"column-6\">80\u20ac<\/td><td class=\"column-7 translation-block\">M\u00e1s informaci\u00f3n en <a href=\"https:\/\/www.sociedadgenealogia.com\/actividades\/charlas-2024\" rel=\"noopener\" target=\"_blank\">SIGEH<\/a>.<\/td>\n<\/tr>\n<tr class=\"row-5\">\n\t<td class=\"column-1\">18\/03\/2026<\/td><td class=\"column-2\">Charla<\/td><td class=\"column-3\">Espa\u00f1ol<\/td><td class=\"column-4\"><strong>La muy \u00fatil y desconocida documentaci\u00f3n de los archivos de cementerios<\/strong>, por Mercedes Olivares de Ardiles<\/td><td class=\"column-5\">Online, 22h00 (Madrid)<\/td><td class=\"column-6\">Gratis<\/td><td class=\"column-7 translation-block\">M\u00e1s informaci\u00f3n en <a href=\"https:\/\/www.sociedadgenealogia.com\/actividades\/charlas-2024\" rel=\"noopener\" target=\"_blank\">SIGEH<\/a>.<\/td>\n<\/tr>\n<tr class=\"row-6\">\n\t<td class=\"column-1\">01\/04\/2026<\/td><td class=\"column-2\">Tertulia Geneal\u00f3gica<\/td><td class=\"column-3\">Espa\u00f1ol<\/td><td class=\"column-4\">&#8211;<\/td><td class=\"column-5\">Online, 22h00 (Madrid)<\/td><td class=\"column-6\">Gratis<\/td><td class=\"column-7 translation-block\">M\u00e1s informaci\u00f3n en <a href=\"https:\/\/www.sociedadgenealogia.com\/actividades\/charlas-2024\" rel=\"noopener\" target=\"_blank\">SIGEH<\/a>.<\/td>\n<\/tr>\n<tr class=\"row-7\">\n\t<td class=\"column-1\">14, 16, 21, 23, 28, 30\/04\/2026<\/td><td class=\"column-2\">Curso<\/td><td class=\"column-3\">Espa\u00f1ol<\/td><td class=\"column-4\"><strong>Paleograf\u00eda de lectura<\/strong><\/td><td class=\"column-5\">Online, 20h00 (Madrid)<\/td><td class=\"column-6\">60\u20ac<\/td><td class=\"column-7 translation-block\">M\u00e1s informaci\u00f3n en <a href=\"https:\/\/www.sociedadgenealogia.com\/actividades\/charlas-2024\" rel=\"noopener\" target=\"_blank\">SIGEH<\/a>.<\/td>\n<\/tr>\n<tr class=\"row-8\">\n\t<td class=\"column-1\">15\/04\/2026<\/td><td class=\"column-2\">Charla<\/td><td class=\"column-3\">Espa\u00f1ol<\/td><td class=\"column-4\"><strong>La gran desventura desta guerra dura: Deportaci\u00f3n y adaptaci\u00f3n morisca en la archidi\u00f3cesis toledana tras las Alpujarras<\/strong>, por Juan Jos\u00e9 Llena da Barreira<\/td><td class=\"column-5\">Online, 22h00 (Madrid)<\/td><td class=\"column-6\">Gratis<\/td><td class=\"column-7 translation-block\">M\u00e1s informaci\u00f3n en <a href=\"https:\/\/www.sociedadgenealogia.com\/actividades\/charlas-2024\" rel=\"noopener\" target=\"_blank\">SIGEH<\/a>.<\/td>\n<\/tr>\n<tr class=\"row-9\">\n\t<td class=\"column-1\">22\/04\/2026<br \/>\n<\/td><td class=\"column-2\">Charla<\/td><td class=\"column-3\">Espa\u00f1ol<\/td><td class=\"column-4\"><strong>Mis primos, la di\u00e1spora y como nos une el ADN<\/strong>, por Ronald Kohn<\/td><td class=\"column-5\">Online, 22h00 (Madrid)<\/td><td class=\"column-6\">Gratis<\/td><td class=\"column-7 translation-block\">M\u00e1s informaci\u00f3n en <a href=\"https:\/\/www.sociedadgenealogia.com\/actividades\/charlas-2024\" rel=\"noopener\" target=\"_blank\">SIGEH<\/a>.<\/td>\n<\/tr>\n<tr class=\"row-10\">\n\t<td class=\"column-1\">20\/05\/2026<\/td><td class=\"column-2\">Charla<\/td><td class=\"column-3\">Espa\u00f1ol<\/td><td class=\"column-4\"><strong>Emilio MacKinney Espinosa, su vida, su familia y sus redes de parentesco<\/strong>, por Omar Soto-Rodr\u00edguez<\/td><td class=\"column-5\">Online, 22h00 (Madrid)<\/td><td class=\"column-6\">Gratis<\/td><td class=\"column-7 translation-block\">M\u00e1s informaci\u00f3n en <a href=\"https:\/\/www.sociedadgenealogia.com\/actividades\/charlas-2024\" rel=\"noopener\" target=\"_blank\">SIGEH<\/a>.<\/td>\n<\/tr>\n<tr class=\"row-11\">\n\t<td class=\"column-1\">03\/06\/2026<br \/>\n<\/td><td class=\"column-2\">Tertulia Geneal\u00f3gica<\/td><td class=\"column-3\">Espa\u00f1ol<\/td><td class=\"column-4\">&#8211;<\/td><td class=\"column-5\">Online, 22h00 (Madrid)<\/td><td class=\"column-6\">Gratis<\/td><td class=\"column-7 translation-block\">M\u00e1s informaci\u00f3n en <a href=\"https:\/\/www.sociedadgenealogia.com\/actividades\/charlas-2024\" rel=\"noopener\" target=\"_blank\">SIGEH<\/a>.<\/td>\n<\/tr>\n<\/tbody>\n<\/table>\n<!-- #tablepress-2 from cache -->","protected":false},"excerpt":{"rendered":"<p>A continuaci\u00f3n, encontrar\u00e1s una lista de eventos y cursos que se llevar\u00e1n a cabo en 2026 relacionados con genealog\u00eda, paleograf\u00eda, historia y arqueolog\u00eda que involucren los pa\u00edses ib\u00e9ricos.<\/p>","protected":false},"author":2,"featured_media":227,"parent":0,"menu_order":0,"comment_status":"closed","ping_status":"closed","template":"","meta":{"_acf_changed":false,"footnotes":""},"folder":[75],"class_list":["post-220","page","type-page","status-publish","has-post-thumbnail","hentry"],"acf":[],"yoast_head":"<!-- This site is optimized with the Yoast SEO plugin v27.2 - https:\/\/yoast.com\/product\/yoast-seo-wordpress\/ -->\n<title>Agenda - Eventos e Cursos 2026 - Genealogia Ib\u00e9rica<\/title>\n<meta name=\"robots\" content=\"index, follow, max-snippet:-1, max-image-preview:large, max-video-preview:-1\" \/>\n<link rel=\"canonical\" href=\"https:\/\/genealogiaiberica.com\/es\/agenda-eventos-e-cursos\/\" \/>\n<meta property=\"og:locale\" content=\"es_ES\" \/>\n<meta property=\"og:type\" content=\"article\" \/>\n<meta property=\"og:title\" content=\"Agenda - Eventos e Cursos 2026 - Genealogia Ib\u00e9rica\" \/>\n<meta property=\"og:description\" content=\"A seguir, voc\u00ea encontra uma lista de eventos e cursos que ocorrem em 2026 e que est\u00e3o relacionados com genealogia, paleografia, al\u00e9m de hist\u00f3ria e arqueologia que envolvam os pa\u00edses ib\u00e9ricos.\" \/>\n<meta property=\"og:url\" content=\"https:\/\/genealogiaiberica.com\/es\/agenda-eventos-e-cursos\/\" \/>\n<meta property=\"og:site_name\" content=\"Genealogia Ib\u00e9rica\" \/>\n<meta property=\"article:modified_time\" content=\"2026-02-23T11:35:36+00:00\" \/>\n<meta property=\"og:image\" content=\"https:\/\/genealogiaiberica.com\/wp-content\/uploads\/2024\/05\/calendario.jpg\" \/>\n\t<meta property=\"og:image:width\" content=\"2000\" \/>\n\t<meta property=\"og:image:height\" content=\"1276\" \/>\n\t<meta property=\"og:image:type\" content=\"image\/jpeg\" \/>\n<meta name=\"twitter:card\" content=\"summary_large_image\" \/>\n<meta name=\"twitter:label1\" content=\"Tiempo de lectura\" \/>\n\t<meta name=\"twitter:data1\" content=\"1 minuto\" \/>\n<script type=\"application\/ld+json\" class=\"yoast-schema-graph\">{\"@context\":\"https:\/\/schema.org\",\"@graph\":[{\"@type\":\"WebPage\",\"@id\":\"https:\/\/genealogiaiberica.com\/agenda-eventos-e-cursos\/\",\"url\":\"https:\/\/genealogiaiberica.com\/agenda-eventos-e-cursos\/\",\"name\":\"Agenda - Eventos e Cursos 2026 - Genealogia Ib\u00e9rica\",\"isPartOf\":{\"@id\":\"https:\/\/genealogiaiberica.com\/#website\"},\"primaryImageOfPage\":{\"@id\":\"https:\/\/genealogiaiberica.com\/agenda-eventos-e-cursos\/#primaryimage\"},\"image\":{\"@id\":\"https:\/\/genealogiaiberica.com\/agenda-eventos-e-cursos\/#primaryimage\"},\"thumbnailUrl\":\"https:\/\/genealogiaiberica.com\/wp-content\/uploads\/2024\/05\/calendario.jpg\",\"datePublished\":\"2024-05-22T16:47:42+00:00\",\"dateModified\":\"2026-02-23T11:35:36+00:00\",\"breadcrumb\":{\"@id\":\"https:\/\/genealogiaiberica.com\/agenda-eventos-e-cursos\/#breadcrumb\"},\"inLanguage\":\"es\",\"potentialAction\":[{\"@type\":\"ReadAction\",\"target\":[\"https:\/\/genealogiaiberica.com\/agenda-eventos-e-cursos\/\"]}]},{\"@type\":\"ImageObject\",\"inLanguage\":\"es\",\"@id\":\"https:\/\/genealogiaiberica.com\/agenda-eventos-e-cursos\/#primaryimage\",\"url\":\"https:\/\/genealogiaiberica.com\/wp-content\/uploads\/2024\/05\/calendario.jpg\",\"contentUrl\":\"https:\/\/genealogiaiberica.com\/wp-content\/uploads\/2024\/05\/calendario.jpg\",\"width\":2000,\"height\":1276,\"caption\":\"Foto: Unsplash\"},{\"@type\":\"BreadcrumbList\",\"@id\":\"https:\/\/genealogiaiberica.com\/agenda-eventos-e-cursos\/#breadcrumb\",\"itemListElement\":[{\"@type\":\"ListItem\",\"position\":1,\"name\":\"In\u00edcio\",\"item\":\"https:\/\/genealogiaiberica.com\/\"},{\"@type\":\"ListItem\",\"position\":2,\"name\":\"Agenda &#8211; Eventos e Cursos 2026\"}]},{\"@type\":\"WebSite\",\"@id\":\"https:\/\/genealogiaiberica.com\/#website\",\"url\":\"https:\/\/genealogiaiberica.com\/\",\"name\":\"Genealogia Ib\u00e9rica\",\"description\":\"Espanha &amp; Portugal\",\"publisher\":{\"@id\":\"https:\/\/genealogiaiberica.com\/#organization\"},\"potentialAction\":[{\"@type\":\"SearchAction\",\"target\":{\"@type\":\"EntryPoint\",\"urlTemplate\":\"https:\/\/genealogiaiberica.com\/?s={search_term_string}\"},\"query-input\":{\"@type\":\"PropertyValueSpecification\",\"valueRequired\":true,\"valueName\":\"search_term_string\"}}],\"inLanguage\":\"es\"},{\"@type\":\"Organization\",\"@id\":\"https:\/\/genealogiaiberica.com\/#organization\",\"name\":\"Genealogia Ib\u00e9rica\",\"url\":\"https:\/\/genealogiaiberica.com\/\",\"logo\":{\"@type\":\"ImageObject\",\"inLanguage\":\"es\",\"@id\":\"https:\/\/genealogiaiberica.com\/#\/schema\/logo\/image\/\",\"url\":\"https:\/\/genealogiaiberica.com\/wp-content\/uploads\/2024\/05\/logo-genealogia.png\",\"contentUrl\":\"https:\/\/genealogiaiberica.com\/wp-content\/uploads\/2024\/05\/logo-genealogia.png\",\"width\":1854,\"height\":824,\"caption\":\"Genealogia Ib\u00e9rica\"},\"image\":{\"@id\":\"https:\/\/genealogiaiberica.com\/#\/schema\/logo\/image\/\"}}]}<\/script>\n<!-- \/ Yoast SEO plugin. -->","yoast_head_json":{"title":"Agenda - Eventos e Cursos 2026 - Genealogia Ib\u00e9rica","robots":{"index":"index","follow":"follow","max-snippet":"max-snippet:-1","max-image-preview":"max-image-preview:large","max-video-preview":"max-video-preview:-1"},"canonical":"https:\/\/genealogiaiberica.com\/es\/agenda-eventos-e-cursos\/","og_locale":"es_ES","og_type":"article","og_title":"Agenda - Eventos e Cursos 2026 - Genealogia Ib\u00e9rica","og_description":"A seguir, voc\u00ea encontra uma lista de eventos e cursos que ocorrem em 2026 e que est\u00e3o relacionados com genealogia, paleografia, al\u00e9m de hist\u00f3ria e arqueologia que envolvam os pa\u00edses ib\u00e9ricos.","og_url":"https:\/\/genealogiaiberica.com\/es\/agenda-eventos-e-cursos\/","og_site_name":"Genealogia Ib\u00e9rica","article_modified_time":"2026-02-23T11:35:36+00:00","og_image":[{"width":2000,"height":1276,"url":"https:\/\/genealogiaiberica.com\/wp-content\/uploads\/2024\/05\/calendario.jpg","type":"image\/jpeg"}],"twitter_card":"summary_large_image","twitter_misc":{"Tiempo de lectura":"1 minuto"},"schema":{"@context":"https:\/\/schema.org","@graph":[{"@type":"WebPage","@id":"https:\/\/genealogiaiberica.com\/agenda-eventos-e-cursos\/","url":"https:\/\/genealogiaiberica.com\/agenda-eventos-e-cursos\/","name":"Agenda - Eventos e Cursos 2026 - Genealogia Ib\u00e9rica","isPartOf":{"@id":"https:\/\/genealogiaiberica.com\/#website"},"primaryImageOfPage":{"@id":"https:\/\/genealogiaiberica.com\/agenda-eventos-e-cursos\/#primaryimage"},"image":{"@id":"https:\/\/genealogiaiberica.com\/agenda-eventos-e-cursos\/#primaryimage"},"thumbnailUrl":"https:\/\/genealogiaiberica.com\/wp-content\/uploads\/2024\/05\/calendario.jpg","datePublished":"2024-05-22T16:47:42+00:00","dateModified":"2026-02-23T11:35:36+00:00","breadcrumb":{"@id":"https:\/\/genealogiaiberica.com\/agenda-eventos-e-cursos\/#breadcrumb"},"inLanguage":"es","potentialAction":[{"@type":"ReadAction","target":["https:\/\/genealogiaiberica.com\/agenda-eventos-e-cursos\/"]}]},{"@type":"ImageObject","inLanguage":"es","@id":"https:\/\/genealogiaiberica.com\/agenda-eventos-e-cursos\/#primaryimage","url":"https:\/\/genealogiaiberica.com\/wp-content\/uploads\/2024\/05\/calendario.jpg","contentUrl":"https:\/\/genealogiaiberica.com\/wp-content\/uploads\/2024\/05\/calendario.jpg","width":2000,"height":1276,"caption":"Foto: Unsplash"},{"@type":"BreadcrumbList","@id":"https:\/\/genealogiaiberica.com\/agenda-eventos-e-cursos\/#breadcrumb","itemListElement":[{"@type":"ListItem","position":1,"name":"In\u00edcio","item":"https:\/\/genealogiaiberica.com\/"},{"@type":"ListItem","position":2,"name":"Agenda &#8211; Eventos e Cursos 2026"}]},{"@type":"WebSite","@id":"https:\/\/genealogiaiberica.com\/#website","url":"https:\/\/genealogiaiberica.com\/","name":"Genealogia Ib\u00e9rica","description":"Espanha &amp; Portugal","publisher":{"@id":"https:\/\/genealogiaiberica.com\/#organization"},"potentialAction":[{"@type":"SearchAction","target":{"@type":"EntryPoint","urlTemplate":"https:\/\/genealogiaiberica.com\/?s={search_term_string}"},"query-input":{"@type":"PropertyValueSpecification","valueRequired":true,"valueName":"search_term_string"}}],"inLanguage":"es"},{"@type":"Organization","@id":"https:\/\/genealogiaiberica.com\/#organization","name":"Genealogia Ib\u00e9rica","url":"https:\/\/genealogiaiberica.com\/","logo":{"@type":"ImageObject","inLanguage":"es","@id":"https:\/\/genealogiaiberica.com\/#\/schema\/logo\/image\/","url":"https:\/\/genealogiaiberica.com\/wp-content\/uploads\/2024\/05\/logo-genealogia.png","contentUrl":"https:\/\/genealogiaiberica.com\/wp-content\/uploads\/2024\/05\/logo-genealogia.png","width":1854,"height":824,"caption":"Genealogia Ib\u00e9rica"},"image":{"@id":"https:\/\/genealogiaiberica.com\/#\/schema\/logo\/image\/"}}]}},"_links":{"self":[{"href":"https:\/\/genealogiaiberica.com\/es\/wp-json\/wp\/v2\/pages\/220","targetHints":{"allow":["GET"]}}],"collection":[{"href":"https:\/\/genealogiaiberica.com\/es\/wp-json\/wp\/v2\/pages"}],"about":[{"href":"https:\/\/genealogiaiberica.com\/es\/wp-json\/wp\/v2\/types\/page"}],"author":[{"embeddable":true,"href":"https:\/\/genealogiaiberica.com\/es\/wp-json\/wp\/v2\/users\/2"}],"replies":[{"embeddable":true,"href":"https:\/\/genealogiaiberica.com\/es\/wp-json\/wp\/v2\/comments?post=220"}],"version-history":[{"count":12,"href":"https:\/\/genealogiaiberica.com\/es\/wp-json\/wp\/v2\/pages\/220\/revisions"}],"predecessor-version":[{"id":2196,"href":"https:\/\/genealogiaiberica.com\/es\/wp-json\/wp\/v2\/pages\/220\/revisions\/2196"}],"wp:featuredmedia":[{"embeddable":true,"href":"https:\/\/genealogiaiberica.com\/es\/wp-json\/wp\/v2\/media\/227"}],"wp:attachment":[{"href":"https:\/\/genealogiaiberica.com\/es\/wp-json\/wp\/v2\/media?parent=220"}],"wp:term":[{"taxonomy":"folder","embeddable":true,"href":"https:\/\/genealogiaiberica.com\/es\/wp-json\/wp\/v2\/folder?post=220"}],"curies":[{"name":"wp","href":"https:\/\/api.w.org\/{rel}","templated":true}]}}