{"id":188,"date":"2024-04-15T14:33:51","date_gmt":"2024-04-15T14:33:51","guid":{"rendered":"https:\/\/genealogiaiberica.com\/?page_id=188"},"modified":"2024-05-30T11:44:56","modified_gmt":"2024-05-30T11:44:56","slug":"sobrenomes-espanhois","status":"publish","type":"page","link":"https:\/\/genealogiaiberica.com\/es\/sobrenomes-espanhois\/","title":{"rendered":"Apellidos espa\u00f1oles"},"content":{"rendered":"<p>Consulte la lista de apellidos por orden alfab\u00e9tico:<\/p>\n\n\n\n<p><a href=\"https:\/\/genealogiaiberica.com\/es\/sobrenomes-espanhois\/letra-a\/\">La<\/a> \u2022 <a href=\"https:\/\/genealogiaiberica.com\/es\/sobrenomes-espanhois\/letra-b\/\">B<\/a> \u2022 <a href=\"https:\/\/genealogiaiberica.com\/es\/sobrenomes-espanhois\/letra-c\/\">C<\/a> \u2022 <a href=\"https:\/\/genealogiaiberica.com\/es\/sobrenomes-espanhois\/letra-d\/\">D<\/a> \u2022 <a href=\"https:\/\/genealogiaiberica.com\/es\/sobrenomes-espanhois\/letra-e\/\">E<\/a> \u2022 <a href=\"https:\/\/genealogiaiberica.com\/es\/sobrenomes-espanhois\/letra-f\/\">F<\/a> \u2022 <a href=\"https:\/\/genealogiaiberica.com\/es\/sobrenomes-espanhois\/letra-g\/\">G<\/a> \u2022 <a href=\"https:\/\/genealogiaiberica.com\/es\/sobrenomes-espanhois\/letra-h\/\">H<\/a> \u2022 <a href=\"https:\/\/genealogiaiberica.com\/es\/sobrenomes-espanhois\/letra-i\/\">I<\/a> \u2022 <a href=\"https:\/\/genealogiaiberica.com\/es\/sobrenomes-espanhois\/letra-j\/\">J<\/a> \u2022 <a href=\"https:\/\/genealogiaiberica.com\/es\/sobrenomes-espanhois\/letra-k\/\">K<\/a> \u2022 <a href=\"https:\/\/genealogiaiberica.com\/es\/sobrenomes-espanhois\/letra-l\/\">L<\/a> \u2022 <a href=\"https:\/\/genealogiaiberica.com\/es\/sobrenomes-espanhois\/letra-m\/\">M<\/a> \u2022 <a href=\"https:\/\/genealogiaiberica.com\/es\/sobrenomes-espanhois\/letra-n\/\">N<\/a> \u2022 <a href=\"https:\/\/genealogiaiberica.com\/es\/sobrenomes-espanhois\/letra-o\/\">El<\/a> \u2022 <a href=\"https:\/\/genealogiaiberica.com\/es\/sobrenomes-espanhois\/letra-p\/\">P<\/a> \u2022 <a href=\"https:\/\/genealogiaiberica.com\/es\/sobrenomes-espanhois\/letra-q\/\">Q<\/a> \u2022 <a href=\"https:\/\/genealogiaiberica.com\/es\/sobrenomes-espanhois\/letra-r\/\">R<\/a> \u2022 <a href=\"https:\/\/genealogiaiberica.com\/es\/sobrenomes-espanhois\/letra-s\/\">S<\/a> \u2022 <a href=\"https:\/\/genealogiaiberica.com\/es\/sobrenomes-espanhois\/letra-t\/\">T<\/a> \u2022 <a href=\"https:\/\/genealogiaiberica.com\/es\/sobrenomes-espanhois\/letra-u\/\">U<\/a> \u2022 <a href=\"https:\/\/genealogiaiberica.com\/es\/sobrenomes-espanhois\/letra-v\/\">V<\/a> \u2022 <a href=\"https:\/\/genealogiaiberica.com\/es\/sobrenomes-espanhois\/letra-w\/\">W<\/a> \u2022 <a href=\"https:\/\/genealogiaiberica.com\/es\/sobrenomes-espanhois\/letra-x\/\">X<\/a> \u2022 <a href=\"https:\/\/genealogiaiberica.com\/es\/sobrenomes-espanhois\/letra-y\/\">Y<\/a> \u2022 <a href=\"https:\/\/genealogiaiberica.com\/es\/sobrenomes-espanhois\/letra-z\/\">Z<\/a><\/p>\n\n\n\n<p><\/p>","protected":false},"excerpt":{"rendered":"<p>Consulte a lista de sobrenomes (apelidos) por ordem alfab\u00e9tica: A \u2022 B \u2022 C \u2022 D \u2022 E \u2022 F \u2022 G \u2022 H \u2022 I \u2022 J \u2022 K \u2022 L \u2022 M \u2022 N \u2022 O \u2022 P \u2022 Q \u2022 R \u2022 S \u2022 T \u2022 U \u2022 V \u2022 W \u2022 X \u2022 Y \u2022 Z<\/p>","protected":false},"author":1,"featured_media":153,"parent":0,"menu_order":0,"comment_status":"closed","ping_status":"closed","template":"","meta":{"_acf_changed":false,"footnotes":""},"folder":[74],"class_list":["post-188","page","type-page","status-publish","has-post-thumbnail","hentry"],"acf":[],"yoast_head":"<!-- This site is optimized with the Yoast SEO plugin v27.2 - https:\/\/yoast.com\/product\/yoast-seo-wordpress\/ -->\n<title>Sobrenomes espanh\u00f3is - Genealogia Ib\u00e9rica<\/title>\n<meta name=\"robots\" content=\"index, follow, max-snippet:-1, max-image-preview:large, max-video-preview:-1\" \/>\n<link rel=\"canonical\" href=\"https:\/\/genealogiaiberica.com\/es\/sobrenomes-espanhois\/\" \/>\n<meta property=\"og:locale\" content=\"es_ES\" \/>\n<meta property=\"og:type\" content=\"article\" \/>\n<meta property=\"og:title\" content=\"Sobrenomes espanh\u00f3is - Genealogia Ib\u00e9rica\" \/>\n<meta property=\"og:description\" content=\"Consulte a lista de sobrenomes (apelidos) por ordem alfab\u00e9tica: A \u2022 B \u2022 C \u2022 D \u2022 E \u2022 F \u2022 G \u2022 H \u2022 I \u2022 J \u2022 K \u2022 L \u2022 M \u2022 N \u2022 O \u2022 P \u2022 Q \u2022 R \u2022 S \u2022 T \u2022 U \u2022 V \u2022 W \u2022 X \u2022 Y \u2022 Z\" \/>\n<meta property=\"og:url\" content=\"https:\/\/genealogiaiberica.com\/es\/sobrenomes-espanhois\/\" \/>\n<meta property=\"og:site_name\" content=\"Genealogia Ib\u00e9rica\" \/>\n<meta property=\"article:modified_time\" content=\"2024-05-30T11:44:56+00:00\" \/>\n<meta property=\"og:image\" content=\"https:\/\/genealogiaiberica.com\/wp-content\/uploads\/2024\/05\/escada-espanha.jpg\" \/>\n\t<meta property=\"og:image:width\" content=\"2000\" \/>\n\t<meta property=\"og:image:height\" content=\"1333\" \/>\n\t<meta property=\"og:image:type\" content=\"image\/jpeg\" \/>\n<meta name=\"twitter:card\" content=\"summary_large_image\" \/>\n<meta name=\"twitter:label1\" content=\"Tiempo de lectura\" \/>\n\t<meta name=\"twitter:data1\" content=\"1 minuto\" \/>\n<script type=\"application\/ld+json\" class=\"yoast-schema-graph\">{\"@context\":\"https:\/\/schema.org\",\"@graph\":[{\"@type\":\"WebPage\",\"@id\":\"https:\/\/genealogiaiberica.com\/sobrenomes-espanhois\/\",\"url\":\"https:\/\/genealogiaiberica.com\/sobrenomes-espanhois\/\",\"name\":\"Sobrenomes espanh\u00f3is - Genealogia Ib\u00e9rica\",\"isPartOf\":{\"@id\":\"https:\/\/genealogiaiberica.com\/#website\"},\"primaryImageOfPage\":{\"@id\":\"https:\/\/genealogiaiberica.com\/sobrenomes-espanhois\/#primaryimage\"},\"image\":{\"@id\":\"https:\/\/genealogiaiberica.com\/sobrenomes-espanhois\/#primaryimage\"},\"thumbnailUrl\":\"https:\/\/genealogiaiberica.com\/wp-content\/uploads\/2024\/05\/escada-espanha.jpg\",\"datePublished\":\"2024-04-15T14:33:51+00:00\",\"dateModified\":\"2024-05-30T11:44:56+00:00\",\"breadcrumb\":{\"@id\":\"https:\/\/genealogiaiberica.com\/sobrenomes-espanhois\/#breadcrumb\"},\"inLanguage\":\"es\",\"potentialAction\":[{\"@type\":\"ReadAction\",\"target\":[\"https:\/\/genealogiaiberica.com\/sobrenomes-espanhois\/\"]}]},{\"@type\":\"ImageObject\",\"inLanguage\":\"es\",\"@id\":\"https:\/\/genealogiaiberica.com\/sobrenomes-espanhois\/#primaryimage\",\"url\":\"https:\/\/genealogiaiberica.com\/wp-content\/uploads\/2024\/05\/escada-espanha.jpg\",\"contentUrl\":\"https:\/\/genealogiaiberica.com\/wp-content\/uploads\/2024\/05\/escada-espanha.jpg\",\"width\":2000,\"height\":1333,\"caption\":\"Foto: Unsplash\"},{\"@type\":\"BreadcrumbList\",\"@id\":\"https:\/\/genealogiaiberica.com\/sobrenomes-espanhois\/#breadcrumb\",\"itemListElement\":[{\"@type\":\"ListItem\",\"position\":1,\"name\":\"In\u00edcio\",\"item\":\"https:\/\/genealogiaiberica.com\/\"},{\"@type\":\"ListItem\",\"position\":2,\"name\":\"Sobrenomes espanh\u00f3is\"}]},{\"@type\":\"WebSite\",\"@id\":\"https:\/\/genealogiaiberica.com\/#website\",\"url\":\"https:\/\/genealogiaiberica.com\/\",\"name\":\"Genealogia Ib\u00e9rica\",\"description\":\"Espanha &amp; Portugal\",\"publisher\":{\"@id\":\"https:\/\/genealogiaiberica.com\/#organization\"},\"potentialAction\":[{\"@type\":\"SearchAction\",\"target\":{\"@type\":\"EntryPoint\",\"urlTemplate\":\"https:\/\/genealogiaiberica.com\/?s={search_term_string}\"},\"query-input\":{\"@type\":\"PropertyValueSpecification\",\"valueRequired\":true,\"valueName\":\"search_term_string\"}}],\"inLanguage\":\"es\"},{\"@type\":\"Organization\",\"@id\":\"https:\/\/genealogiaiberica.com\/#organization\",\"name\":\"Genealogia Ib\u00e9rica\",\"url\":\"https:\/\/genealogiaiberica.com\/\",\"logo\":{\"@type\":\"ImageObject\",\"inLanguage\":\"es\",\"@id\":\"https:\/\/genealogiaiberica.com\/#\/schema\/logo\/image\/\",\"url\":\"https:\/\/genealogiaiberica.com\/wp-content\/uploads\/2024\/05\/logo-genealogia.png\",\"contentUrl\":\"https:\/\/genealogiaiberica.com\/wp-content\/uploads\/2024\/05\/logo-genealogia.png\",\"width\":1854,\"height\":824,\"caption\":\"Genealogia Ib\u00e9rica\"},\"image\":{\"@id\":\"https:\/\/genealogiaiberica.com\/#\/schema\/logo\/image\/\"}}]}<\/script>\n<!-- \/ Yoast SEO plugin. -->","yoast_head_json":{"title":"Sobrenomes espanh\u00f3is - Genealogia Ib\u00e9rica","robots":{"index":"index","follow":"follow","max-snippet":"max-snippet:-1","max-image-preview":"max-image-preview:large","max-video-preview":"max-video-preview:-1"},"canonical":"https:\/\/genealogiaiberica.com\/es\/sobrenomes-espanhois\/","og_locale":"es_ES","og_type":"article","og_title":"Sobrenomes espanh\u00f3is - Genealogia Ib\u00e9rica","og_description":"Consulte a lista de sobrenomes (apelidos) por ordem alfab\u00e9tica: A \u2022 B \u2022 C \u2022 D \u2022 E \u2022 F \u2022 G \u2022 H \u2022 I \u2022 J \u2022 K \u2022 L \u2022 M \u2022 N \u2022 O \u2022 P \u2022 Q \u2022 R \u2022 S \u2022 T \u2022 U \u2022 V \u2022 W \u2022 X \u2022 Y \u2022 Z","og_url":"https:\/\/genealogiaiberica.com\/es\/sobrenomes-espanhois\/","og_site_name":"Genealogia Ib\u00e9rica","article_modified_time":"2024-05-30T11:44:56+00:00","og_image":[{"width":2000,"height":1333,"url":"https:\/\/genealogiaiberica.com\/wp-content\/uploads\/2024\/05\/escada-espanha.jpg","type":"image\/jpeg"}],"twitter_card":"summary_large_image","twitter_misc":{"Tiempo de lectura":"1 minuto"},"schema":{"@context":"https:\/\/schema.org","@graph":[{"@type":"WebPage","@id":"https:\/\/genealogiaiberica.com\/sobrenomes-espanhois\/","url":"https:\/\/genealogiaiberica.com\/sobrenomes-espanhois\/","name":"Sobrenomes espanh\u00f3is - Genealogia Ib\u00e9rica","isPartOf":{"@id":"https:\/\/genealogiaiberica.com\/#website"},"primaryImageOfPage":{"@id":"https:\/\/genealogiaiberica.com\/sobrenomes-espanhois\/#primaryimage"},"image":{"@id":"https:\/\/genealogiaiberica.com\/sobrenomes-espanhois\/#primaryimage"},"thumbnailUrl":"https:\/\/genealogiaiberica.com\/wp-content\/uploads\/2024\/05\/escada-espanha.jpg","datePublished":"2024-04-15T14:33:51+00:00","dateModified":"2024-05-30T11:44:56+00:00","breadcrumb":{"@id":"https:\/\/genealogiaiberica.com\/sobrenomes-espanhois\/#breadcrumb"},"inLanguage":"es","potentialAction":[{"@type":"ReadAction","target":["https:\/\/genealogiaiberica.com\/sobrenomes-espanhois\/"]}]},{"@type":"ImageObject","inLanguage":"es","@id":"https:\/\/genealogiaiberica.com\/sobrenomes-espanhois\/#primaryimage","url":"https:\/\/genealogiaiberica.com\/wp-content\/uploads\/2024\/05\/escada-espanha.jpg","contentUrl":"https:\/\/genealogiaiberica.com\/wp-content\/uploads\/2024\/05\/escada-espanha.jpg","width":2000,"height":1333,"caption":"Foto: Unsplash"},{"@type":"BreadcrumbList","@id":"https:\/\/genealogiaiberica.com\/sobrenomes-espanhois\/#breadcrumb","itemListElement":[{"@type":"ListItem","position":1,"name":"In\u00edcio","item":"https:\/\/genealogiaiberica.com\/"},{"@type":"ListItem","position":2,"name":"Sobrenomes espanh\u00f3is"}]},{"@type":"WebSite","@id":"https:\/\/genealogiaiberica.com\/#website","url":"https:\/\/genealogiaiberica.com\/","name":"Genealogia Ib\u00e9rica","description":"Espanha &amp; Portugal","publisher":{"@id":"https:\/\/genealogiaiberica.com\/#organization"},"potentialAction":[{"@type":"SearchAction","target":{"@type":"EntryPoint","urlTemplate":"https:\/\/genealogiaiberica.com\/?s={search_term_string}"},"query-input":{"@type":"PropertyValueSpecification","valueRequired":true,"valueName":"search_term_string"}}],"inLanguage":"es"},{"@type":"Organization","@id":"https:\/\/genealogiaiberica.com\/#organization","name":"Genealogia Ib\u00e9rica","url":"https:\/\/genealogiaiberica.com\/","logo":{"@type":"ImageObject","inLanguage":"es","@id":"https:\/\/genealogiaiberica.com\/#\/schema\/logo\/image\/","url":"https:\/\/genealogiaiberica.com\/wp-content\/uploads\/2024\/05\/logo-genealogia.png","contentUrl":"https:\/\/genealogiaiberica.com\/wp-content\/uploads\/2024\/05\/logo-genealogia.png","width":1854,"height":824,"caption":"Genealogia Ib\u00e9rica"},"image":{"@id":"https:\/\/genealogiaiberica.com\/#\/schema\/logo\/image\/"}}]}},"_links":{"self":[{"href":"https:\/\/genealogiaiberica.com\/es\/wp-json\/wp\/v2\/pages\/188","targetHints":{"allow":["GET"]}}],"collection":[{"href":"https:\/\/genealogiaiberica.com\/es\/wp-json\/wp\/v2\/pages"}],"about":[{"href":"https:\/\/genealogiaiberica.com\/es\/wp-json\/wp\/v2\/types\/page"}],"author":[{"embeddable":true,"href":"https:\/\/genealogiaiberica.com\/es\/wp-json\/wp\/v2\/users\/1"}],"replies":[{"embeddable":true,"href":"https:\/\/genealogiaiberica.com\/es\/wp-json\/wp\/v2\/comments?post=188"}],"version-history":[{"count":10,"href":"https:\/\/genealogiaiberica.com\/es\/wp-json\/wp\/v2\/pages\/188\/revisions"}],"predecessor-version":[{"id":584,"href":"https:\/\/genealogiaiberica.com\/es\/wp-json\/wp\/v2\/pages\/188\/revisions\/584"}],"wp:featuredmedia":[{"embeddable":true,"href":"https:\/\/genealogiaiberica.com\/es\/wp-json\/wp\/v2\/media\/153"}],"wp:attachment":[{"href":"https:\/\/genealogiaiberica.com\/es\/wp-json\/wp\/v2\/media?parent=188"}],"wp:term":[{"taxonomy":"folder","embeddable":true,"href":"https:\/\/genealogiaiberica.com\/es\/wp-json\/wp\/v2\/folder?post=188"}],"curies":[{"name":"wp","href":"https:\/\/api.w.org\/{rel}","templated":true}]}}