{"id":1353,"date":"2025-02-05T14:21:53","date_gmt":"2025-02-05T14:21:53","guid":{"rendered":"https:\/\/genealogiaiberica.com\/?page_id=1353"},"modified":"2025-02-06T09:01:08","modified_gmt":"2025-02-06T09:01:08","slug":"registros-na-espanha","status":"publish","type":"page","link":"https:\/\/genealogiaiberica.com\/es\/registros-na-espanha\/","title":{"rendered":"Registros en Espa\u00f1a"},"content":{"rendered":"<div class=\"wp-block-group is-layout-grid wp-container-core-group-is-layout-478b6e6b wp-block-group-is-layout-grid\">\n<p>A Coru\u00f1a<\/p>\n\n\n\n<p>\u00c1lava<\/p>\n\n\n\n<p>Albacete<\/p>\n\n\n\n<p>Alicante<\/p>\n\n\n\n<p>Almer\u00eda<\/p>\n\n\n\n<p>Asturias<\/p>\n\n\n\n<p>\u00c1vila<\/p>\n\n\n\n<p>Badajoz<\/p>\n\n\n\n<p>Baleares<\/p>\n\n\n\n<p>Barcelona<\/p>\n\n\n\n<p>Burgos<\/p>\n\n\n\n<p><a href=\"https:\/\/genealogiaiberica.com\/es\/registros-na-espanha\/caceres\/\">C\u00e1ceres<\/a><\/p>\n\n\n\n<p>C\u00e1diz<\/p>\n\n\n\n<p>Cantabria<\/p>\n\n\n\n<p>Castell\u00f3n<\/p>\n\n\n\n<p>Ciudad Real<\/p>\n\n\n\n<p>C\u00f3rdoba<\/p>\n\n\n\n<p>Cuenca<\/p>\n\n\n\n<p class=\"wp-container-content-69bc4bdf\">Girona<\/p>\n\n\n\n<p class=\"wp-container-content-69bc4bdf\"><a href=\"https:\/\/genealogiaiberica.com\/es\/registros-na-espanha\/granada\/\">Granada<\/a><\/p>\n\n\n\n<p class=\"wp-container-content-69bc4bdf\">Guadalajara<\/p>\n\n\n\n<p class=\"wp-container-content-69bc4bdf\">Gipuzkoa<\/p>\n\n\n\n<p class=\"wp-container-content-69bc4bdf\">Huelva<\/p>\n\n\n\n<p class=\"wp-container-content-69bc4bdf\">Huesca<\/p>\n\n\n\n<p class=\"wp-container-content-69bc4bdf\">Ja\u00e9n<\/p>\n\n\n\n<p class=\"wp-container-content-69bc4bdf\">La Rioja<\/p>\n\n\n\n<p class=\"wp-container-content-69bc4bdf\">Las Palmas<\/p>\n\n\n\n<p class=\"wp-container-content-69bc4bdf\">Le\u00f3n<\/p>\n\n\n\n<p class=\"wp-container-content-69bc4bdf\">L\u00e9rida<\/p>\n\n\n\n<p class=\"wp-container-content-69bc4bdf\">Lugo<\/p>\n\n\n\n<p class=\"wp-container-content-69bc4bdf\">Madrid<\/p>\n\n\n\n<p class=\"wp-container-content-69bc4bdf\">M\u00e1laga<\/p>\n\n\n\n<p class=\"wp-container-content-69bc4bdf\">Murcia<\/p>\n\n\n\n<p class=\"wp-container-content-69bc4bdf\">Navarra<\/p>\n\n\n\n<p class=\"wp-container-content-69bc4bdf\">Ourense<\/p>\n\n\n\n<p class=\"wp-container-content-69bc4bdf\">Palencia<\/p>\n\n\n\n<p class=\"wp-container-content-69bc4bdf\"><a href=\"https:\/\/genealogiaiberica.com\/es\/fontes-na-espanha\/pontevedra\/\">Pontevedra<\/a><\/p>\n\n\n\n<p class=\"wp-container-content-69bc4bdf\">Salamanca<\/p>\n\n\n\n<p class=\"wp-container-content-69bc4bdf\">Segovia<\/p>\n\n\n\n<p class=\"wp-container-content-69bc4bdf\">Sevilla<\/p>\n\n\n\n<p class=\"wp-container-content-69bc4bdf\">Soria<\/p>\n\n\n\n<p class=\"wp-container-content-69bc4bdf\">Tarragona<\/p>\n\n\n\n<p class=\"wp-container-content-69bc4bdf\">Santa Cruz de Tenerife<\/p>\n\n\n\n<p class=\"wp-container-content-69bc4bdf\">Teruel<\/p>\n\n\n\n<p class=\"wp-container-content-69bc4bdf\">Toledo<\/p>\n\n\n\n<p class=\"wp-container-content-69bc4bdf\">Valencia<\/p>\n\n\n\n<p class=\"wp-container-content-69bc4bdf\">Valladolid<\/p>\n\n\n\n<p class=\"wp-container-content-69bc4bdf\">Vizcaya<\/p>\n\n\n\n<p class=\"wp-container-content-69bc4bdf\">Zamora<\/p>\n\n\n\n<p class=\"wp-container-content-69bc4bdf\">Zaragoza<\/p>\n<\/div>","protected":false},"excerpt":{"rendered":"<p>A Coru\u00f1a \u00c1lava Albacete Alicante Almer\u00eda Asturias \u00c1vila Badajoz Baleares Barcelona Burgos C\u00e1ceres C\u00e1diz Cantabria Castell\u00f3n Ciudad Real C\u00f3rdoba Cuenca Girona Granada Guadalajara Gipuzkoa Huelva Huesca Ja\u00e9n La Rioja Las Palmas Le\u00f3n L\u00e9rida Lugo Madrid M\u00e1laga Murcia Navarra Ourense Palencia Pontevedra Salamanca Segovia Sevilla Soria Tarragona Santa Cruz de Tenerife Teruel Toledo Valencia Valladolid Vizcaya Zamora Zaragoza<\/p>","protected":false},"author":1,"featured_media":512,"parent":0,"menu_order":0,"comment_status":"closed","ping_status":"closed","template":"","meta":{"_acf_changed":false,"footnotes":""},"folder":[83],"class_list":["post-1353","page","type-page","status-publish","has-post-thumbnail","hentry"],"acf":[],"yoast_head":"<!-- This site is optimized with the Yoast SEO plugin v27.2 - https:\/\/yoast.com\/product\/yoast-seo-wordpress\/ -->\n<title>Registros na Espanha - Genealogia Ib\u00e9rica<\/title>\n<meta name=\"robots\" content=\"index, follow, max-snippet:-1, max-image-preview:large, max-video-preview:-1\" \/>\n<link rel=\"canonical\" href=\"https:\/\/genealogiaiberica.com\/es\/registros-na-espanha\/\" \/>\n<meta property=\"og:locale\" content=\"es_ES\" \/>\n<meta property=\"og:type\" content=\"article\" \/>\n<meta property=\"og:title\" content=\"Registros na Espanha - Genealogia Ib\u00e9rica\" \/>\n<meta property=\"og:description\" content=\"A Coru\u00f1a \u00c1lava Albacete Alicante Almer\u00eda Asturias \u00c1vila Badajoz Baleares Barcelona Burgos C\u00e1ceres C\u00e1diz Cantabria Castell\u00f3n Ciudad Real C\u00f3rdoba Cuenca Girona Granada Guadalajara Gipuzkoa Huelva Huesca Ja\u00e9n La Rioja Las Palmas Le\u00f3n L\u00e9rida Lugo Madrid M\u00e1laga Murcia Navarra Ourense Palencia Pontevedra Salamanca Segovia Sevilla Soria Tarragona Santa Cruz de Tenerife Teruel Toledo Valencia Valladolid Vizcaya Zamora Zaragoza\" \/>\n<meta property=\"og:url\" content=\"https:\/\/genealogiaiberica.com\/es\/registros-na-espanha\/\" \/>\n<meta property=\"og:site_name\" content=\"Genealogia Ib\u00e9rica\" \/>\n<meta property=\"article:modified_time\" content=\"2025-02-06T09:01:08+00:00\" \/>\n<meta property=\"og:image\" content=\"https:\/\/genealogiaiberica.com\/wp-content\/uploads\/2024\/05\/livros-antigos.jpg\" \/>\n\t<meta property=\"og:image:width\" content=\"2000\" \/>\n\t<meta property=\"og:image:height\" content=\"1198\" \/>\n\t<meta property=\"og:image:type\" content=\"image\/jpeg\" \/>\n<meta name=\"twitter:card\" content=\"summary_large_image\" \/>\n<meta name=\"twitter:label1\" content=\"Tiempo de lectura\" \/>\n\t<meta name=\"twitter:data1\" content=\"1 minuto\" \/>\n<script type=\"application\/ld+json\" class=\"yoast-schema-graph\">{\"@context\":\"https:\/\/schema.org\",\"@graph\":[{\"@type\":\"WebPage\",\"@id\":\"https:\/\/genealogiaiberica.com\/registros-na-espanha\/\",\"url\":\"https:\/\/genealogiaiberica.com\/registros-na-espanha\/\",\"name\":\"Registros na Espanha - Genealogia Ib\u00e9rica\",\"isPartOf\":{\"@id\":\"https:\/\/genealogiaiberica.com\/#website\"},\"primaryImageOfPage\":{\"@id\":\"https:\/\/genealogiaiberica.com\/registros-na-espanha\/#primaryimage\"},\"image\":{\"@id\":\"https:\/\/genealogiaiberica.com\/registros-na-espanha\/#primaryimage\"},\"thumbnailUrl\":\"https:\/\/genealogiaiberica.com\/wp-content\/uploads\/2024\/05\/livros-antigos.jpg\",\"datePublished\":\"2025-02-05T14:21:53+00:00\",\"dateModified\":\"2025-02-06T09:01:08+00:00\",\"breadcrumb\":{\"@id\":\"https:\/\/genealogiaiberica.com\/registros-na-espanha\/#breadcrumb\"},\"inLanguage\":\"es\",\"potentialAction\":[{\"@type\":\"ReadAction\",\"target\":[\"https:\/\/genealogiaiberica.com\/registros-na-espanha\/\"]}]},{\"@type\":\"ImageObject\",\"inLanguage\":\"es\",\"@id\":\"https:\/\/genealogiaiberica.com\/registros-na-espanha\/#primaryimage\",\"url\":\"https:\/\/genealogiaiberica.com\/wp-content\/uploads\/2024\/05\/livros-antigos.jpg\",\"contentUrl\":\"https:\/\/genealogiaiberica.com\/wp-content\/uploads\/2024\/05\/livros-antigos.jpg\",\"width\":2000,\"height\":1198},{\"@type\":\"BreadcrumbList\",\"@id\":\"https:\/\/genealogiaiberica.com\/registros-na-espanha\/#breadcrumb\",\"itemListElement\":[{\"@type\":\"ListItem\",\"position\":1,\"name\":\"In\u00edcio\",\"item\":\"https:\/\/genealogiaiberica.com\/\"},{\"@type\":\"ListItem\",\"position\":2,\"name\":\"Registros na Espanha\"}]},{\"@type\":\"WebSite\",\"@id\":\"https:\/\/genealogiaiberica.com\/#website\",\"url\":\"https:\/\/genealogiaiberica.com\/\",\"name\":\"Genealogia Ib\u00e9rica\",\"description\":\"Espanha &amp; Portugal\",\"publisher\":{\"@id\":\"https:\/\/genealogiaiberica.com\/#organization\"},\"potentialAction\":[{\"@type\":\"SearchAction\",\"target\":{\"@type\":\"EntryPoint\",\"urlTemplate\":\"https:\/\/genealogiaiberica.com\/?s={search_term_string}\"},\"query-input\":{\"@type\":\"PropertyValueSpecification\",\"valueRequired\":true,\"valueName\":\"search_term_string\"}}],\"inLanguage\":\"es\"},{\"@type\":\"Organization\",\"@id\":\"https:\/\/genealogiaiberica.com\/#organization\",\"name\":\"Genealogia Ib\u00e9rica\",\"url\":\"https:\/\/genealogiaiberica.com\/\",\"logo\":{\"@type\":\"ImageObject\",\"inLanguage\":\"es\",\"@id\":\"https:\/\/genealogiaiberica.com\/#\/schema\/logo\/image\/\",\"url\":\"https:\/\/genealogiaiberica.com\/wp-content\/uploads\/2024\/05\/logo-genealogia.png\",\"contentUrl\":\"https:\/\/genealogiaiberica.com\/wp-content\/uploads\/2024\/05\/logo-genealogia.png\",\"width\":1854,\"height\":824,\"caption\":\"Genealogia Ib\u00e9rica\"},\"image\":{\"@id\":\"https:\/\/genealogiaiberica.com\/#\/schema\/logo\/image\/\"}}]}<\/script>\n<!-- \/ Yoast SEO plugin. -->","yoast_head_json":{"title":"Registros na Espanha - Genealogia Ib\u00e9rica","robots":{"index":"index","follow":"follow","max-snippet":"max-snippet:-1","max-image-preview":"max-image-preview:large","max-video-preview":"max-video-preview:-1"},"canonical":"https:\/\/genealogiaiberica.com\/es\/registros-na-espanha\/","og_locale":"es_ES","og_type":"article","og_title":"Registros na Espanha - Genealogia Ib\u00e9rica","og_description":"A Coru\u00f1a \u00c1lava Albacete Alicante Almer\u00eda Asturias \u00c1vila Badajoz Baleares Barcelona Burgos C\u00e1ceres C\u00e1diz Cantabria Castell\u00f3n Ciudad Real C\u00f3rdoba Cuenca Girona Granada Guadalajara Gipuzkoa Huelva Huesca Ja\u00e9n La Rioja Las Palmas Le\u00f3n L\u00e9rida Lugo Madrid M\u00e1laga Murcia Navarra Ourense Palencia Pontevedra Salamanca Segovia Sevilla Soria Tarragona Santa Cruz de Tenerife Teruel Toledo Valencia Valladolid Vizcaya Zamora Zaragoza","og_url":"https:\/\/genealogiaiberica.com\/es\/registros-na-espanha\/","og_site_name":"Genealogia Ib\u00e9rica","article_modified_time":"2025-02-06T09:01:08+00:00","og_image":[{"width":2000,"height":1198,"url":"https:\/\/genealogiaiberica.com\/wp-content\/uploads\/2024\/05\/livros-antigos.jpg","type":"image\/jpeg"}],"twitter_card":"summary_large_image","twitter_misc":{"Tiempo de lectura":"1 minuto"},"schema":{"@context":"https:\/\/schema.org","@graph":[{"@type":"WebPage","@id":"https:\/\/genealogiaiberica.com\/registros-na-espanha\/","url":"https:\/\/genealogiaiberica.com\/registros-na-espanha\/","name":"Registros na Espanha - Genealogia Ib\u00e9rica","isPartOf":{"@id":"https:\/\/genealogiaiberica.com\/#website"},"primaryImageOfPage":{"@id":"https:\/\/genealogiaiberica.com\/registros-na-espanha\/#primaryimage"},"image":{"@id":"https:\/\/genealogiaiberica.com\/registros-na-espanha\/#primaryimage"},"thumbnailUrl":"https:\/\/genealogiaiberica.com\/wp-content\/uploads\/2024\/05\/livros-antigos.jpg","datePublished":"2025-02-05T14:21:53+00:00","dateModified":"2025-02-06T09:01:08+00:00","breadcrumb":{"@id":"https:\/\/genealogiaiberica.com\/registros-na-espanha\/#breadcrumb"},"inLanguage":"es","potentialAction":[{"@type":"ReadAction","target":["https:\/\/genealogiaiberica.com\/registros-na-espanha\/"]}]},{"@type":"ImageObject","inLanguage":"es","@id":"https:\/\/genealogiaiberica.com\/registros-na-espanha\/#primaryimage","url":"https:\/\/genealogiaiberica.com\/wp-content\/uploads\/2024\/05\/livros-antigos.jpg","contentUrl":"https:\/\/genealogiaiberica.com\/wp-content\/uploads\/2024\/05\/livros-antigos.jpg","width":2000,"height":1198},{"@type":"BreadcrumbList","@id":"https:\/\/genealogiaiberica.com\/registros-na-espanha\/#breadcrumb","itemListElement":[{"@type":"ListItem","position":1,"name":"In\u00edcio","item":"https:\/\/genealogiaiberica.com\/"},{"@type":"ListItem","position":2,"name":"Registros na Espanha"}]},{"@type":"WebSite","@id":"https:\/\/genealogiaiberica.com\/#website","url":"https:\/\/genealogiaiberica.com\/","name":"Genealogia Ib\u00e9rica","description":"Espanha &amp; Portugal","publisher":{"@id":"https:\/\/genealogiaiberica.com\/#organization"},"potentialAction":[{"@type":"SearchAction","target":{"@type":"EntryPoint","urlTemplate":"https:\/\/genealogiaiberica.com\/?s={search_term_string}"},"query-input":{"@type":"PropertyValueSpecification","valueRequired":true,"valueName":"search_term_string"}}],"inLanguage":"es"},{"@type":"Organization","@id":"https:\/\/genealogiaiberica.com\/#organization","name":"Genealogia Ib\u00e9rica","url":"https:\/\/genealogiaiberica.com\/","logo":{"@type":"ImageObject","inLanguage":"es","@id":"https:\/\/genealogiaiberica.com\/#\/schema\/logo\/image\/","url":"https:\/\/genealogiaiberica.com\/wp-content\/uploads\/2024\/05\/logo-genealogia.png","contentUrl":"https:\/\/genealogiaiberica.com\/wp-content\/uploads\/2024\/05\/logo-genealogia.png","width":1854,"height":824,"caption":"Genealogia Ib\u00e9rica"},"image":{"@id":"https:\/\/genealogiaiberica.com\/#\/schema\/logo\/image\/"}}]}},"_links":{"self":[{"href":"https:\/\/genealogiaiberica.com\/es\/wp-json\/wp\/v2\/pages\/1353","targetHints":{"allow":["GET"]}}],"collection":[{"href":"https:\/\/genealogiaiberica.com\/es\/wp-json\/wp\/v2\/pages"}],"about":[{"href":"https:\/\/genealogiaiberica.com\/es\/wp-json\/wp\/v2\/types\/page"}],"author":[{"embeddable":true,"href":"https:\/\/genealogiaiberica.com\/es\/wp-json\/wp\/v2\/users\/1"}],"replies":[{"embeddable":true,"href":"https:\/\/genealogiaiberica.com\/es\/wp-json\/wp\/v2\/comments?post=1353"}],"version-history":[{"count":9,"href":"https:\/\/genealogiaiberica.com\/es\/wp-json\/wp\/v2\/pages\/1353\/revisions"}],"predecessor-version":[{"id":1401,"href":"https:\/\/genealogiaiberica.com\/es\/wp-json\/wp\/v2\/pages\/1353\/revisions\/1401"}],"wp:featuredmedia":[{"embeddable":true,"href":"https:\/\/genealogiaiberica.com\/es\/wp-json\/wp\/v2\/media\/512"}],"wp:attachment":[{"href":"https:\/\/genealogiaiberica.com\/es\/wp-json\/wp\/v2\/media?parent=1353"}],"wp:term":[{"taxonomy":"folder","embeddable":true,"href":"https:\/\/genealogiaiberica.com\/es\/wp-json\/wp\/v2\/folder?post=1353"}],"curies":[{"name":"wp","href":"https:\/\/api.w.org\/{rel}","templated":true}]}}